{"id":1450,"date":"2015-07-20T16:31:08","date_gmt":"2015-07-20T14:31:08","guid":{"rendered":"https:\/\/fertix.es\/?page_id=1450"},"modified":"2021-09-22T11:46:35","modified_gmt":"2021-09-22T09:46:35","slug":"azabache","status":"publish","type":"page","link":"https:\/\/fertix.es\/ar\/productos\/enmiendas-humicas-y-desalinizantes\/azabache\/","title":{"rendered":"\u0637\u0627\u0626\u0631\u0629 \u0646\u0641\u0627\u062b\u0629"},"content":{"rendered":"<p><!--:es--><\/p>\n<h5 style=\"text-align: left;\"><img loading=\"lazy\" decoding=\"async\" class=\"alignnone size-full wp-image-1102\" src=\"https:\/\/fertix.es\/wp-content\/uploads\/2015\/05\/azabache600.jpg\" alt=\"azabache600\" width=\"454\" height=\"50\" \/><br \/>\n<strong><span style=\"color: #008080;\">\u0627\u0644\u0623\u062d\u0645\u0627\u0636 \u0627\u0644\u062f\u0628\u0627\u0644\u064a\u0629 \u0627\u0644\u0635\u0644\u0628\u0629<\/span><\/strong><\/h5>\n<hr \/>\n<h5 style=\"text-align: left;\">\u00a0[tx_spacer size=\"2\"]<\/h5>\n<p><span style=\"color: #008080;\"><strong>\u0627\u0644\u0648\u0635\u0641<img loading=\"lazy\" decoding=\"async\" class=\"size-full wp-image-1547 alignright\" src=\"https:\/\/fertix.es\/wp-content\/uploads\/2015\/07\/azabache.jpg\" alt=\"azabache\" width=\"340\" height=\"367\" \/><\/strong><\/span><\/p>\n<p style=\"text-align: justify;\"><span style=\"color: #000000;\">AZABACHE \u0647\u0648 \u0645\u0646\u062a\u062c \u064a\u0639\u062a\u0645\u062f \u0639\u0644\u0649 \u0627\u0644\u0623\u062d\u0645\u0627\u0636 \u0627\u0644\u062f\u0628\u0627\u0644\u064a\u0629 \u0648\u0627\u0644\u0641\u0648\u0644\u0641\u064a\u0643 \u0645\u0646\u0627\u0633\u0628 \u0644\u00a0<\/span><span style=\"color: #000000;\">\u062a\u062d\u0633\u064a\u0646 \u0627\u0644\u062e\u0635\u0627\u0626\u0635 \u0627\u0644\u0643\u064a\u0645\u064a\u0627\u0626\u064a\u0629 \u0627\u0644\u062d\u064a\u0648\u064a\u0629 \u0644\u0644\u062a\u0631\u0628\u0629. \u064a\u0632\u064a\u062f \u0645\u0646 \u0627\u0645\u062a\u0635\u0627\u0635 \u0627\u0644\u0645\u063a\u0630\u064a\u0627\u062a\u00a0<\/span><span style=\"color: #000000;\">\u0645\u0646 \u0642\u0628\u0644 \u0627\u0644\u0646\u0628\u0627\u062a\u060c \u0644\u0623\u0646\u0647 \u064a\u062d\u0633\u0650\u0651\u0646 \u0627\u0644\u062a\u0628\u0627\u062f\u0644 \u0627\u0644\u0643\u0627\u062a\u064a\u0648\u0646\u064a\u060c \u0648\u064a\u0646\u0634\u0637 \u0627\u0644\u0628\u0643\u062a\u064a\u0631\u064a\u0627\u00a0<\/span><span style=\"color: #000000;\">\u0648\u0644\u0647 \u0642\u0648\u0629 \u0645\u062e\u0644\u0628\u064a\u0629\u060c \u0644\u0630\u0627 \u0641\u0647\u0648 \u064a\u0634\u0643\u0644 \u0645\u0639\u0642\u062f\u0627\u062a \u0645\u0639 \u0639\u0646\u0627\u0635\u0631 \u0627\u0644\u062a\u0631\u0628\u0629.\u00a0<\/span><span style=\"color: #000000;\">\u0627\u0644\u0645\u0648\u062c\u0648\u062f\u0629 \u0641\u064a \u0627\u0644\u062a\u0631\u0628\u0629 \u0641\u064a \u0634\u0643\u0644 \u063a\u064a\u0631 \u0642\u0627\u0628\u0644 \u0644\u0644\u0630\u0648\u0628\u0627\u0646 \u0648\u064a\u062c\u0639\u0644\u0647\u0627 \u0645\u062a\u0627\u062d\u0629 \u0644\u0644\u0646\u0628\u0627\u062a.\u00a0<\/span><\/p>\n<p style=\"text-align: justify;\"><span style=\"color: #000000;\">\u064a\u062d\u0641\u0632 \u0627\u0644\u062a\u062c\u0630\u064a\u0631 \u0641\u064a \u0627\u0644\u0646\u0628\u0627\u062a\u0627\u062a \u0627\u0644\u0635\u063a\u064a\u0631\u0629\u060c \u0645\u0645\u0627 \u064a\u0624\u062f\u064a \u0625\u0644\u0649 \u062f\u062e\u0648\u0644\u0647\u0627 \u0645\u0631\u062d\u0644\u0629 \u0627\u0644\u0625\u0646\u062a\u0627\u062c.<\/span><\/p>\n<p style=\"text-align: justify;\"><span style=\"color: #008000;\"><strong><br \/>\n<span style=\"color: #008080;\">\u0627\u0644\u062a\u0631\u0643\u064a\u0628<\/span><\/strong><\/span><\/p>\n<p><span style=\"color: #000000;\">\u0625\u062c\u0645\u0627\u0644\u064a \u0627\u0644\u0645\u0633\u062a\u062e\u0644\u0635 \u0627\u0644\u062f\u0628\u0627\u0644\u064a\u0629 80% \u0628\u0627\u0644\u0648\u0632\u0646\/\u0627\u0644\u0648\u0632\u0646<\/span><br \/>\n<span style=\"color: #000000;\">\u00a0 \u00a0 \u00a0 \u00a0 \u00a0 \u00a0 \u00a0 \u0623\u062d\u0645\u0627\u0636 \u0627\u0644\u0647\u064a\u0648\u0645\u064a\u0643 65% \u0628\u0627\u0644\u0648\u0632\u0646\/\u0648\u0632\u0646<\/span><br \/>\n<span style=\"color: #000000;\">\u00a0 \u00a0 \u00a0 \u00a0 \u00a0 \u00a0 \u00a0 \u0623\u062d\u0645\u0627\u0636 \u0627\u0644\u0641\u0648\u0644\u0641\u064a\u0643 15% \u0628\u0627\u0644\u0648\u0632\u0646\/\u0627\u0644\u062b\u0627\u0646\u064a\u0629<\/span><br \/>\n<span style=\"color: #000000;\"> \u0623\u0643\u0633\u064a\u062f \u0627\u0644\u0628\u0648\u062a\u0627\u0633\u064a\u0648\u0645 (K<sub>2<\/sub>O) 12% \u0628\u0627\u0644\u0648\u0632\u0646\/\u0648\u0632\u0646<\/span><\/p>\n<p>[tx_divider size=\"24\"]<\/p>\n<p>[tx_row][tx_column size=\"1\/2\u2033]<\/p>\n<p>[table caption=\"\" \" width=\"500\" colwidth=\"100||100|100\u2033 colalign=\"center||center|center\" color=\"\"]<\/p>\n<p><strong>\u0627\u0644\u0632\u0631\u0627\u0639\u0629<\/strong><strong>\u0627\u0644\u062c\u0631\u0639\u0629 \u0627\u0644\u062c\u0630\u0631\u064a\u0629<\/strong><strong><br \/>\n<\/strong>\u062d\u0645\u0636\u064a\u0627\u062a\u060c 2-3 \u0643\u062c\u0645\/\u0647\u0643\u062a\u0627\u0631<br \/>\n\u0623\u0634\u062c\u0627\u0631 \u0627\u0644\u0641\u0627\u0643\u0647\u0629\u060c 2-3 \u0643\u062c\u0645\/\u0647\u0643\u062a\u0627\u0631<br \/>\n\u0627\u0644\u0645\u062d\u0627\u0635\u064a\u0644 \u0627\u0644\u0628\u0633\u062a\u0627\u0646\u064a\u0629\u060c 1-2 \u0643\u062c\u0645\/\u0647\u0643\u062a\u0627\u0631<br \/>\n\u0634\u062c\u0631\u0629 \u0627\u0644\u0632\u064a\u062a\u0648\u0646\u060c 0'5-1'5 \u0643\u063a\u0645\/\u0647\u0643\u062a\u0627\u0631<br \/>\n\u062c\u0631\u064a\u0628\u0641\u064a\u0646\u060c 0'5-1'5 \u0643\u062c\u0645\/\u0647\u0643\u062a\u0627\u0631<br \/>\n[\/\u062c\u0647\u0627\u0632 \u0644\u0648\u062d\u064a]<br \/>\n[\/tx_column][tx_column size=\"1\/2\u2033]<\/p>\n<p style=\"text-align: right;\"><strong><a href=\"https:\/\/fertix.es\/ar\/contacto\/\" target=\"_blank\" rel=\"noopener\">\u0637\u0644\u0628 \u0635\u062d\u064a\u0641\u0629 \u0628\u064a\u0627\u0646\u0627\u062a \u0627\u0644\u0633\u0644\u0627\u0645\u0629<br \/>\n<\/a><\/strong><strong><a href=\"https:\/\/fertix.es\/ar\/contacto\/\" target=\"_blank\" rel=\"noopener\">\u0637\u0644\u0628 \u0648\u0631\u0642\u0629 \u0627\u0644\u0628\u064a\u0627\u0646\u0627\u062a \u0627\u0644\u0641\u0646\u064a\u0629<\/a><\/strong><\/p>\n<h3 style=\"text-align: right;\"><span style=\"color: #0000ff;\">\u062d\u0627\u0648\u064a\u0629 5 \u0643\u062c\u0645<\/span><\/h3>\n<p style=\"text-align: right;\">[\/tx_column][\/tx_column][\/tx_column].<\/p>\n<p><!--:--><!--:en--><\/p>\n<p style=\"text-align: right;\">\n<p><!--:--><\/p>","protected":false},"excerpt":{"rendered":"<p>\u00c1CIDOS H\u00daMICOS S\u00d3LIDOS \u00a0[tx_spacer size=\u00bb2&#8243;] DESCRIPCI\u00d3N AZABACHE es un producto a base de \u00e1cidos h\u00famicos y f\u00falvicos indicado para\u00a0mejorar las propiedades bioqu\u00edmicas del suelo. Aumenta la absorci\u00f3n de nutrientes\u00a0por parte de la planta, ya que mejora el intercambio cati\u00f3nico, activa la microflora\u00a0del terreno y posee poder quelante, por lo que forma complejos con los elementos\u00a0que [&hellip;]<\/p>","protected":false},"author":2,"featured_media":0,"parent":183,"menu_order":0,"comment_status":"closed","ping_status":"closed","template":"","meta":{"_et_pb_use_builder":"","_et_pb_old_content":"","_et_gb_content_width":"","footnotes":""},"class_list":["post-1450","page","type-page","status-publish","hentry"],"yoast_head":"<!-- This site is optimized with the Yoast SEO plugin v26.9 - https:\/\/yoast.com\/product\/yoast-seo-wordpress\/ -->\n<title>Azabache - Fertix Nutrici\u00f3n Vegetal S.L.<\/title>\n<meta name=\"robots\" content=\"index, follow, max-snippet:-1, max-image-preview:large, max-video-preview:-1\" \/>\n<link rel=\"canonical\" href=\"https:\/\/fertix.es\/ar\/productos\/enmiendas-humicas-y-desalinizantes\/azabache\/\" \/>\n<meta property=\"og:locale\" content=\"ar_AR\" \/>\n<meta property=\"og:type\" content=\"article\" \/>\n<meta property=\"og:title\" content=\"Azabache - Fertix Nutrici\u00f3n Vegetal S.L.\" \/>\n<meta property=\"og:description\" content=\"\u00c1CIDOS H\u00daMICOS S\u00d3LIDOS \u00a0[tx_spacer size=\u00bb2&#8243;] DESCRIPCI\u00d3N AZABACHE es un producto a base de \u00e1cidos h\u00famicos y f\u00falvicos indicado para\u00a0mejorar las propiedades bioqu\u00edmicas del suelo. Aumenta la absorci\u00f3n de nutrientes\u00a0por parte de la planta, ya que mejora el intercambio cati\u00f3nico, activa la microflora\u00a0del terreno y posee poder quelante, por lo que forma complejos con los elementos\u00a0que [&hellip;]\" \/>\n<meta property=\"og:url\" content=\"https:\/\/fertix.es\/ar\/productos\/enmiendas-humicas-y-desalinizantes\/azabache\/\" \/>\n<meta property=\"og:site_name\" content=\"Fertix Nutrici\u00f3n Vegetal S.L.\" \/>\n<meta property=\"article:modified_time\" content=\"2021-09-22T09:46:35+00:00\" \/>\n<meta name=\"twitter:card\" content=\"summary_large_image\" \/>\n<meta name=\"twitter:label1\" content=\"\u0648\u0642\u062a \u0627\u0644\u0642\u0631\u0627\u0621\u0629 \u0627\u0644\u0645\u064f\u0642\u062f\u0651\u0631\" \/>\n\t<meta name=\"twitter:data1\" content=\"\u062f\u0642\u064a\u0642\u0629 \u0648\u0627\u062d\u062f\u0629\" \/>\n<script type=\"application\/ld+json\" class=\"yoast-schema-graph\">{\"@context\":\"https:\/\/schema.org\",\"@graph\":[{\"@type\":\"WebPage\",\"@id\":\"https:\/\/fertix.es\/productos\/enmiendas-humicas-y-desalinizantes\/azabache\/\",\"url\":\"https:\/\/fertix.es\/productos\/enmiendas-humicas-y-desalinizantes\/azabache\/\",\"name\":\"Azabache - Fertix Nutrici\u00f3n Vegetal S.L.\",\"isPartOf\":{\"@id\":\"https:\/\/fertix.es\/#website\"},\"primaryImageOfPage\":{\"@id\":\"https:\/\/fertix.es\/productos\/enmiendas-humicas-y-desalinizantes\/azabache\/#primaryimage\"},\"image\":{\"@id\":\"https:\/\/fertix.es\/productos\/enmiendas-humicas-y-desalinizantes\/azabache\/#primaryimage\"},\"thumbnailUrl\":\"https:\/\/fertix.es\/wp-content\/uploads\/2015\/05\/azabache600.jpg\",\"datePublished\":\"2015-07-20T14:31:08+00:00\",\"dateModified\":\"2021-09-22T09:46:35+00:00\",\"breadcrumb\":{\"@id\":\"https:\/\/fertix.es\/productos\/enmiendas-humicas-y-desalinizantes\/azabache\/#breadcrumb\"},\"inLanguage\":\"ar\",\"potentialAction\":[{\"@type\":\"ReadAction\",\"target\":[\"https:\/\/fertix.es\/productos\/enmiendas-humicas-y-desalinizantes\/azabache\/\"]}]},{\"@type\":\"ImageObject\",\"inLanguage\":\"ar\",\"@id\":\"https:\/\/fertix.es\/productos\/enmiendas-humicas-y-desalinizantes\/azabache\/#primaryimage\",\"url\":\"https:\/\/fertix.es\/wp-content\/uploads\/2015\/05\/azabache600.jpg\",\"contentUrl\":\"https:\/\/fertix.es\/wp-content\/uploads\/2015\/05\/azabache600.jpg\"},{\"@type\":\"BreadcrumbList\",\"@id\":\"https:\/\/fertix.es\/productos\/enmiendas-humicas-y-desalinizantes\/azabache\/#breadcrumb\",\"itemListElement\":[{\"@type\":\"ListItem\",\"position\":1,\"name\":\"Portada\",\"item\":\"https:\/\/fertix.es\/\"},{\"@type\":\"ListItem\",\"position\":2,\"name\":\"Productos\",\"item\":\"https:\/\/fertix.es\/productos\/\"},{\"@type\":\"ListItem\",\"position\":3,\"name\":\"Enmiendas Humicas y Desalinizantes\",\"item\":\"https:\/\/fertix.es\/productos\/enmiendas-humicas-y-desalinizantes\/\"},{\"@type\":\"ListItem\",\"position\":4,\"name\":\"Azabache\"}]},{\"@type\":\"WebSite\",\"@id\":\"https:\/\/fertix.es\/#website\",\"url\":\"https:\/\/fertix.es\/\",\"name\":\"Fertix Nutrici\u00f3n Vegetal S.L.\",\"description\":\"Fertix, abonos y fertilizantes para plantaciones hortofrut\u00edcolas.\",\"potentialAction\":[{\"@type\":\"SearchAction\",\"target\":{\"@type\":\"EntryPoint\",\"urlTemplate\":\"https:\/\/fertix.es\/?s={search_term_string}\"},\"query-input\":{\"@type\":\"PropertyValueSpecification\",\"valueRequired\":true,\"valueName\":\"search_term_string\"}}],\"inLanguage\":\"ar\"}]}<\/script>\n<!-- \/ Yoast SEO plugin. -->","yoast_head_json":{"title":"Azabache - Fertix Nutrici\u00f3n Vegetal S.L.","robots":{"index":"index","follow":"follow","max-snippet":"max-snippet:-1","max-image-preview":"max-image-preview:large","max-video-preview":"max-video-preview:-1"},"canonical":"https:\/\/fertix.es\/ar\/productos\/enmiendas-humicas-y-desalinizantes\/azabache\/","og_locale":"ar_AR","og_type":"article","og_title":"Azabache - Fertix Nutrici\u00f3n Vegetal S.L.","og_description":"\u00c1CIDOS H\u00daMICOS S\u00d3LIDOS \u00a0[tx_spacer size=\u00bb2&#8243;] DESCRIPCI\u00d3N AZABACHE es un producto a base de \u00e1cidos h\u00famicos y f\u00falvicos indicado para\u00a0mejorar las propiedades bioqu\u00edmicas del suelo. Aumenta la absorci\u00f3n de nutrientes\u00a0por parte de la planta, ya que mejora el intercambio cati\u00f3nico, activa la microflora\u00a0del terreno y posee poder quelante, por lo que forma complejos con los elementos\u00a0que [&hellip;]","og_url":"https:\/\/fertix.es\/ar\/productos\/enmiendas-humicas-y-desalinizantes\/azabache\/","og_site_name":"Fertix Nutrici\u00f3n Vegetal S.L.","article_modified_time":"2021-09-22T09:46:35+00:00","twitter_card":"summary_large_image","twitter_misc":{"\u0648\u0642\u062a \u0627\u0644\u0642\u0631\u0627\u0621\u0629 \u0627\u0644\u0645\u064f\u0642\u062f\u0651\u0631":"\u062f\u0642\u064a\u0642\u0629 \u0648\u0627\u062d\u062f\u0629"},"schema":{"@context":"https:\/\/schema.org","@graph":[{"@type":"WebPage","@id":"https:\/\/fertix.es\/productos\/enmiendas-humicas-y-desalinizantes\/azabache\/","url":"https:\/\/fertix.es\/productos\/enmiendas-humicas-y-desalinizantes\/azabache\/","name":"Azabache - Fertix Nutrici\u00f3n Vegetal S.L.","isPartOf":{"@id":"https:\/\/fertix.es\/#website"},"primaryImageOfPage":{"@id":"https:\/\/fertix.es\/productos\/enmiendas-humicas-y-desalinizantes\/azabache\/#primaryimage"},"image":{"@id":"https:\/\/fertix.es\/productos\/enmiendas-humicas-y-desalinizantes\/azabache\/#primaryimage"},"thumbnailUrl":"https:\/\/fertix.es\/wp-content\/uploads\/2015\/05\/azabache600.jpg","datePublished":"2015-07-20T14:31:08+00:00","dateModified":"2021-09-22T09:46:35+00:00","breadcrumb":{"@id":"https:\/\/fertix.es\/productos\/enmiendas-humicas-y-desalinizantes\/azabache\/#breadcrumb"},"inLanguage":"ar","potentialAction":[{"@type":"ReadAction","target":["https:\/\/fertix.es\/productos\/enmiendas-humicas-y-desalinizantes\/azabache\/"]}]},{"@type":"ImageObject","inLanguage":"ar","@id":"https:\/\/fertix.es\/productos\/enmiendas-humicas-y-desalinizantes\/azabache\/#primaryimage","url":"https:\/\/fertix.es\/wp-content\/uploads\/2015\/05\/azabache600.jpg","contentUrl":"https:\/\/fertix.es\/wp-content\/uploads\/2015\/05\/azabache600.jpg"},{"@type":"BreadcrumbList","@id":"https:\/\/fertix.es\/productos\/enmiendas-humicas-y-desalinizantes\/azabache\/#breadcrumb","itemListElement":[{"@type":"ListItem","position":1,"name":"Portada","item":"https:\/\/fertix.es\/"},{"@type":"ListItem","position":2,"name":"Productos","item":"https:\/\/fertix.es\/productos\/"},{"@type":"ListItem","position":3,"name":"Enmiendas Humicas y Desalinizantes","item":"https:\/\/fertix.es\/productos\/enmiendas-humicas-y-desalinizantes\/"},{"@type":"ListItem","position":4,"name":"Azabache"}]},{"@type":"WebSite","@id":"https:\/\/fertix.es\/#website","url":"https:\/\/fertix.es\/","name":"\u0634\u0631\u0643\u0629 \u0641\u064a\u0631\u062a\u0643\u0633 \u0646\u064a\u0648\u062a\u0631\u064a\u0633\u064a\u0648\u0646 \u0641\u064a\u062c\u064a\u062a\u0627\u0644 \u0634.\u0645.\u0644.","description":"\u0641\u0631\u062a\u064a\u0643\u0633\u060c \u0623\u0633\u0645\u062f\u0629 \u0648\u0645\u062e\u0635\u0628\u0627\u062a \u0648\u0645\u062e\u0635\u0628\u0627\u062a \u0644\u0645\u0632\u0627\u0631\u0639 \u0627\u0644\u0641\u0627\u0643\u0647\u0629 \u0648\u0627\u0644\u062e\u0636\u0631\u0648\u0627\u062a.","potentialAction":[{"@type":"SearchAction","target":{"@type":"EntryPoint","urlTemplate":"https:\/\/fertix.es\/?s={search_term_string}"},"query-input":{"@type":"PropertyValueSpecification","valueRequired":true,"valueName":"search_term_string"}}],"inLanguage":"ar"}]}},"_links":{"self":[{"href":"https:\/\/fertix.es\/ar\/wp-json\/wp\/v2\/pages\/1450","targetHints":{"allow":["GET"]}}],"collection":[{"href":"https:\/\/fertix.es\/ar\/wp-json\/wp\/v2\/pages"}],"about":[{"href":"https:\/\/fertix.es\/ar\/wp-json\/wp\/v2\/types\/page"}],"author":[{"embeddable":true,"href":"https:\/\/fertix.es\/ar\/wp-json\/wp\/v2\/users\/2"}],"replies":[{"embeddable":true,"href":"https:\/\/fertix.es\/ar\/wp-json\/wp\/v2\/comments?post=1450"}],"version-history":[{"count":0,"href":"https:\/\/fertix.es\/ar\/wp-json\/wp\/v2\/pages\/1450\/revisions"}],"up":[{"embeddable":true,"href":"https:\/\/fertix.es\/ar\/wp-json\/wp\/v2\/pages\/183"}],"wp:attachment":[{"href":"https:\/\/fertix.es\/ar\/wp-json\/wp\/v2\/media?parent=1450"}],"curies":[{"name":"\u062f\u0628\u0644\u064a\u0648 \u0628\u064a","href":"https:\/\/api.w.org\/{rel}","templated":true}]}}