{"id":183,"date":"2015-05-20T09:07:06","date_gmt":"2015-05-20T09:07:06","guid":{"rendered":"https:\/\/fertix.es\/?page_id=183"},"modified":"2021-10-03T14:18:16","modified_gmt":"2021-10-03T12:18:16","slug":"enmiendas-humicas-y-desalinizantes","status":"publish","type":"page","link":"https:\/\/fertix.es\/ar\/productos\/enmiendas-humicas-y-desalinizantes\/","title":{"rendered":"\u062a\u0639\u062f\u064a\u0644\u0627\u062a \u0627\u0644\u062a\u062d\u0644\u064a\u0629 \u0648\u0627\u0644\u062a\u062d\u0644\u064a\u0629"},"content":{"rendered":"<p>[et_pbb_b_ section fb_built=\"1\u2033 _builder_version=\"4.11.1\u2033 \u062e\u0644\u0641\u064a\u0629_\u0635\u0648\u0631\u0629=\"https:\/\/fertix.es\/wp-content\/uploads\/2021\/10\/img-cabecera-enmiendas-scaled.jpg\" hover_enabled=\"0\u2033 global_colors_info=\"{}\" title_text=\"img-header-amendments\" sticky_enabled=\"0\u2033][et_pbb_row _builder_version=\"4.11.0\u2033 _module_preset=\"\u0627\u0641\u062a\u0631\u0627\u0636\u064a\" global_colors_info=\"{}\"][et_pbb_column type=\"4_4\u2033 _builder_version=\"4.11.0\u2033 _module_preset=\"\u0627\u0641\u062a\u0631\u0627\u0636\u064a\" global_colors_info=\"{}\"][et_pb_pb_text _builder_version=\"4.11.1\u2033 _module_preset=\"\u0627\u0641\u062a\u0631\u0627\u0636\u064a\" hover_enabled=\"0\u2033 global_colors_info=\"{}\" sticky_enabled=\"0\u2033]]<\/p>\n<h1 style=\"text-align: center; font-size: 50px; color: white;\">\u062a\u0639\u062f\u064a\u0644\u0627\u062a \u0627\u0644\u062a\u062d\u0644\u064a\u0629 \u0648\u0627\u0644\u062a\u062d\u0644\u064a\u0629<\/h1>\n<h3 style=\"text-align: center; text-decoration: none; color: white;\">\u0645\u0646\u062a\u062c\u0627\u062a \u0627\u0644\u0639\u0646\u0627\u064a\u0629 \u0628\u0627\u0644\u062a\u0631\u0628\u0629<\/h3>\n<p>[\/et_pb_text][\/et_pb_column][\/et_pb_row][\/et_pb_section][et_pb_section fb_built=\"1\u2033 _builder_version=\"4.11.0\u2033 _module_preset=\"default\" global_colors_info=\"{}\"][et_pb_row _builder_version=\"4.11.0\u2033 _module_preset=\"\u0627\u0641\u062a\u0631\u0627\u0636\u064a\" \u0639\u0631\u0636=\"980px\" max_width=\"80%\" global_colors_info=\"{}\"][et_pb_bb_column type=\"4_4\u2033 _builder_version=\"4.10.8\u2033 _module_preset=\"\u0627\u0641\u062a\u0631\u0627\u0636\u064a\" global_colors_info=\"{}\"][et_pb_b_text _builder_version=\"4.11.1\u2033 _module_preset=\"\u0627\u0641\u062a\u0631\u0627\u0636\u064a\" hover_enabled=\"0\u2033 global_colors_info=\"{}\" sticky_enabled=\"0\u2033]]<\/p>\n<h2>\u062a\u0639\u062f\u064a\u0644\u0627\u062a \u0627\u0644\u062a\u062d\u0644\u064a\u0629 \u0648\u0627\u0644\u062a\u062d\u0644\u064a\u0629<\/h2>\n<p>\u0625\u0646 \u062a\u0631\u0628\u0629 \u0627\u0644\u0645\u062d\u0627\u0635\u064a\u0644 \u0647\u064a \u0627\u0644\u0623\u0633\u0627\u0633 \u0627\u0644\u0641\u064a\u0632\u064a\u0627\u0626\u064a \u0648\u0627\u0644\u0643\u064a\u0645\u064a\u0627\u0626\u064a \u0644\u0646\u0645\u0648 \u0627\u0644\u0646\u0628\u0627\u062a\u060c \u0648\u0647\u064a \"\u0627\u0644\u062e\u0632\u0627\u0646\" \u0627\u0644\u0630\u064a \u062a\u0648\u062c\u062f \u0641\u064a\u0647 \u0627\u0644\u0645\u063a\u0630\u064a\u0627\u062a\u060c \u0648\u0628\u0627\u0644\u062a\u0627\u0644\u064a \u064a\u062c\u0628 \u0627\u0644\u0639\u0646\u0627\u064a\u0629 \u0628\u0647\u0627 \u0628\u0646\u0641\u0633 \u0627\u0644\u0637\u0631\u064a\u0642\u0629 \u0627\u0644\u062a\u064a \u064a\u062a\u0645 \u0628\u0647\u0627 \u0627\u0644\u0639\u0646\u0627\u064a\u0629 \u0628\u0627\u0644\u0646\u0628\u0627\u062a\u0627\u062a. \u062a\u064f\u0639\u062f \u0627\u0644\u062a\u0639\u062f\u064a\u0644\u0627\u062a \u0627\u0644\u062f\u0628\u0627\u0644\u064a\u0629 \u0648\u0645\u0632\u064a\u0644\u0627\u062a \u0627\u0644\u0645\u0644\u0648\u062d\u0629 \u0636\u0631\u0648\u0631\u064a\u0629 \u0641\u064a \u0627\u0644\u062a\u0631\u0628\u0629 \u0630\u0627\u062a \u0627\u0644\u0639\u0648\u0627\u0645\u0644 \u063a\u064a\u0631 \u0627\u0644\u0645\u0648\u0627\u062a\u064a\u0629 \u0644\u0644\u0646\u0645\u0648 \u0627\u0644\u0633\u0644\u064a\u0645 \u0644\u0644\u0645\u062d\u0627\u0635\u064a\u0644. \u0646\u062d\u0646 \u0641\u064a \u0634\u0631\u0643\u0629 Fertix Plant Nutrition \u0646\u0642\u062f\u0645 \u0645\u0646\u062a\u062c\u0627\u062a \u062a\u0639\u0645\u0644 \u0639\u0644\u0649 \u062a\u062d\u0633\u064a\u0646 \u062e\u0635\u0627\u0626\u0635 \u0627\u0644\u0631\u0643\u0627\u0626\u0632 \u0639\u0644\u0649 \u0627\u0644\u0645\u0633\u062a\u0648\u0649 \u0627\u0644\u0643\u064a\u0645\u064a\u0627\u0626\u064a \u0627\u0644\u062d\u064a\u0648\u064a\u060c \u0645\u0645\u0627 \u064a\u062d\u0633\u0646 \u0627\u0645\u062a\u0635\u0627\u0635 \u0627\u0644\u0645\u0627\u0621 \u0648\u0627\u0644\u0645\u0648\u0627\u062f \u0627\u0644\u0645\u063a\u0630\u064a\u0629 \u0648\u064a\u0633\u0647\u0644 \u0646\u0645\u0648 \u0627\u0644\u062c\u0630\u0648\u0631 \u0628\u0634\u0643\u0644 \u0635\u062d\u064a\u062d.[\/et_pb_text][\/et_pb_column][\/et_pb_row][et_pb_row column_structure=\"1_3,1_3,1_3\u2033 _builder_version=\"4.11.0\u2033 _module_preset=\"default\" custom_padding=\"5px|||||\" global_colors_info=\"{}\"][et_pb_column type=\"1_3\u2033 _builder_version=\"4.11.0\u2033 _module_preset=\"\u0627\u0641\u062a\u0631\u0627\u0636\u064a\" global_colors_info=\"{}\"][et_pb_blurb url=\"\/products\/humic-and-desalting-supplements\/fertimat\/\" url_new_window=\"on\" image=\"https:\/\/fertix.en\/wp-content\/uploads\/2021\/10\/fertix-fertimat.jpg\" _builder_version=\"4.11.1\u2033 _module_preset=\"\u0627\u0641\u062a\u0631\u0627\u0636\u064a\" text_orientation=\"center\" global_colors_info=\"{}\" global_module=\"3542\u2033]<\/p>\n<h4>\u0641\u064a\u0631\u062a\u064a\u0645\u0627\u062a<\/h4>\n<p><span class=\"tag-producto enmiendas\"><a href=\"\/ar\/productos\/enmiendas-humicas-y-desalinizantes\/\" style=\"color: var(--marron-fertix)\">\u0627\u0644\u062a\u0639\u062f\u064a\u0644\u0627\u062a<\/a><\/span><\/p>\n<p class=\"p1\">\u0645\u0627\u062f\u0629 \u0639\u0636\u0648\u064a\u0629 \u0633\u0627\u0626\u0644\u0629 \u0645\u0639 \u0623\u062d\u0645\u0627\u0636 \u0627\u0644\u0641\u0648\u0644\u0641\u064a\u0643. <\/p>\n<p><img decoding=\"async\" style=\"width: 75px; padding-left: 1em;\" src=\"https:\/\/fertix.es\/wp-content\/uploads\/2025\/05\/logo-eco-fertix-fra.png\" \/>[\/et_pbb_blurb][\/et_pbb_blurb_column][et_pbb_column type=\"1_3\u2033 _builder_version=\"4.11.0\u2033 _module_preset=\"default\" global_colors_info=\"{}\"][et_pbb_blurb url=\"\/products\/humic-supplements-and-desalinizers\/ferticalcio-2\/\" url_new_window=\"on\" image=\"https:\/\/fertix.en\/wp-content\/uploads\/2021\/10\/fertix-ferticalcio.jpg\" _builder_version=\"4.11.1\u2033 _module_preset=\"\u0627\u0641\u062a\u0631\u0627\u0636\u064a\" text_orientation=\"center\" global_colors_info=\"{}\" global_module=\"3545\u2033]<\/p>\n<h4>\u0641\u0631\u062a\u064a\u0643\u0627\u0644\u0633\u064a\u0648\u0645<\/h4>\n<p><span class=\"tag-producto enmiendas\"><a href=\"\/ar\/productos\/enmiendas-humicas-y-desalinizantes\/\" style=\"color: var(--marron-fertix);\">\u0627\u0644\u062a\u0639\u062f\u064a\u0644\u0627\u062a<\/a><\/span><\/p>\n<p class=\"p1\">\u0627\u0644\u0643\u0627\u0644\u0633\u064a\u0648\u0645 \u0627\u0644\u0645\u0639\u0642\u062f \u0645\u0639 \u0627\u0644\u0645\u0648\u0627\u062f \u0627\u0644\u0639\u0636\u0648\u064a\u0629 \u0645\u0639 \u0639\u0645\u0644 \u0627\u0644\u062a\u062d\u0644\u064a\u0629.\n<\/p>\n<p>[\/et_pbb_blurb][\/et_pbb_blurb_column][et_pbb_column type=\"1_3\u2033 _builder_version=\"4.11.0\u2033 _module_preset=\"\u0627\u0641\u062a\u0631\u0627\u0636\u064a\" global_colors_info=\"{}\"][et_pbb_blurb url=\"\/products\/fertix-drefens-humic\/\" url_new_window=\"on\" image=\"https:\/\/fertix.en\/wp\/wp-content\/uploads\/2021\/10\/fertix-drefens-humic.jpg\" _builder_version=\"4.11.1\u2033 _module_preset=\"default\" text_orientation=\"center\" global_colors_info=\"{}\" global_module=\"3544\u2033]<\/p>\n<h4>\u062f\u0631\u064a\u0641\u064a\u0646\u0632 \u0647\u0648\u0645\u064a\u0643<\/h4>\n<p><span class=\"tag-producto enmiendas\"><a href=\"\/ar\/productos\/enmiendas-humicas-y-desalinizantes\/\" style=\"color: var(--marron-fertix);\">\u0627\u0644\u062a\u0639\u062f\u064a\u0644\u0627\u062a<\/a><\/span><\/p>\n<p class=\"p1\">\u0627\u0644\u0623\u062d\u0645\u0627\u0636 \u0627\u0644\u062f\u0628\u0627\u0644\u064a\u0629 \u0627\u0644\u0635\u0644\u0628\u0629.<\/p>\n<p>[\/et_pb_blurb][\/et_pb_column][\/et_pb_row][et_pb_row column_structure=\"1_3,1_3,1_3\u2033 _builder_version=\"4.11.0\u2033 _module_preset=\"default\" custom_padding=\"5px|||||\" global_colors_info=\"{}\"][et_pb_column type=\"1_3\u2033 _builder_version=\"4.11.0\u2033 _module_preset=\"\u0627\u0641\u062a\u0631\u0627\u0636\u064a\" global_colors_info=\"{}\"][et_pbb_blurb url=\"\/products\/humic-and-desalinizing-feedstuffs\/ferthumic\/\" url_new_window=\"on\" image=\"https:\/\/fertix.en\/wp-content\/uploads\/2021\/10\/fertix-ferthumic.jpg\" _builder_version=\"4.11.1\u2033 _module_preset=\"\u0627\u0641\u062a\u0631\u0627\u0636\u064a\" text_orientation=\"center\" global_colors_info=\"{}\" global_module=\"3543\u2033]<\/p>\n<h4>\u0641\u064a\u0631\u062b\u0648\u0645\u064a\u0643<\/h4>\n<p><span class=\"tag-producto enmiendas\"><a href=\"\/ar\/productos\/enmiendas-humicas-y-desalinizantes\/\" style=\"color: var(--marron-fertix);\">\u0627\u0644\u062a\u0639\u062f\u064a\u0644\u0627\u062a<\/a><\/span><\/p>\n<p class=\"p1\">\u0627\u0644\u0623\u062d\u0645\u0627\u0636 \u0627\u0644\u062f\u0628\u0627\u0644\u064a\u0629 \u0645\u0646 \u0627\u0644\u0644\u064a\u0648\u0646\u0627\u0631\u062f\u064a\u062a.<\/p>\n<p><img decoding=\"async\" style=\"width: 75px; padding-left: 1em;\" src=\"https:\/\/fertix.es\/wp-content\/uploads\/2025\/05\/logo-eco-fertix-fra.png\" \/>[\/et_pb_blurb][\/et_pb_column][et_pb_column type=\"1_3\u2033 _builder_version=\"4.11.0\u2033 _module_preset=\"default\" global_colors_info=\"{}\"][\/et_pb_column][\/et_pb_column][et_pb_column type=\"1_3\u2033 _builder_version=\"4.11.0\u2033 _module_preset=\"default\" global_colors_info=\"{}\"][\/et_pb_column][\/et_pb_row][et_pb_row _builder_version=\"4.11.1\u2033 _module_preset=\"\u0627\u0641\u062a\u0631\u0627\u0636\u064a\" \u0639\u0631\u0636=\"100%\" max_width=\"100vw\" custom_css_main_element=\"overflow-x:\u0645\u062e\u0641\u064a\u061b\" global_module=\"3161\u2033 \u0645\u062d\u0641\u0648\u0638_tabs=\"all\" global_colors_info=\"{}\"][et_pb_bb_column type=\"4_4\u2033 _builder_version=\"4.10.8\u2033 _module_preset=\"\u0627\u0641\u062a\u0631\u0627\u0636\u064a\" global_colors_info=\"{}\"][et_pb_b_code _builder_version=\"4.11.1\u2033 _module_preset=\"\u0627\u0641\u062a\u0631\u0627\u0636\u064a\" global_colors_info=\"{}\"]<\/p>\n<div class=\"cta_main\"><!-- [et_pb_line_break_holder] -->  <\/p>\n<div class=\"cta_main-img\"><!-- [et_pb_line_break_holder] -->    <img decoding=\"async\" src=\"https:\/\/fertix.es\/wp-content\/uploads\/2021\/09\/fertix-solicitar-catalogos-1.png\" style=\"width:500px; height:auto\"\/><!-- [et_pb_line_break_holder] -->    <!-- [et_pb_line_break_holder] -->  <\/div>\n<p><!-- [et_pb_line_break_holder] -->  <\/p>\n<div class=\"cta_main-text\"><!-- [et_pb_line_break_holder] -->    <!-- [et_pb_line_break_holder] --><!-- [et_pb_line_break_holder] -->  <\/p>\n<div><!-- [et_pb_line_break_holder] -->    <\/p>\n<h3 class=\"cta_main-text\"><!-- [et_pb_line_break_holder] -->      \u0643\u062a\u0627\u0644\u0648\u062c\u0627\u062a \u0627\u0644\u0623\u0633\u0645\u062f\u0629 \u0648\u0627\u0644\u0623\u0633\u0645\u062f\u0629 \u0641\u064a\u0631\u062a\u0643\u0633 2021 <!-- [et_pb_line_break_holder] -->    <\/h3>\n<p><!-- [et_pb_line_break_holder] -->    <pee><!-- [et_pb_line_break_holder] -->      \u0627\u0633\u062a\u0634\u0631 \u062c\u0645\u064a\u0639 \u0645\u062c\u0645\u0648\u0639\u0627\u062a \u0645\u0646\u062a\u062c\u0627\u062a\u0646\u0627 \u0645\u0646 \u062e\u0644\u0627\u0644 \u0637\u0644\u0628 \u0643\u062a\u0627\u0644\u0648\u062c\u0627\u062a\u0646\u0627.<!-- [et_pb_line_break_holder] -->    <\/pee><!-- [et_pb_line_break_holder] -->  <!\u2013- [et_pb_br_holder] -\u2013><!-- [et_pb_line_break_holder] -->    <!\u2013- [et_pb_br_holder] -\u2013><!-- [et_pb_line_break_holder] -->  <\/div>\n<p><!-- [et_pb_line_break_holder] -->    <!-- [et_pb_line_break_holder] -->    <\/p>\n<div class=\"et_pb_button_module_wrapper et_pb_button_0_wrapper  et_pb_module\"><!-- [et_pb_line_break_holder] -->\t\t\t\t<a class=\"et_pb_button et_pb_button_0 et_pb_bg_layout_dark\" href=\"\">\u0637\u0644\u0628 \u0627\u0644\u0643\u062a\u0627\u0644\u0648\u062c<\/a><!-- [et_pb_line_break_holder] -->\t\t\t<\/div>\n<p><!-- [et_pb_line_break_holder] --><!-- [et_pb_line_break_holder] --><\/div>\n<p><!-- [et_pb_line_break_holder] --><\/div>\n<p>[\/et_pbb_code][\/et_pbb_column][\/et_pbb_column][\/et_pbb_column][\/et_pbb_column][\/et_pb_column][\/et_pb_section].<\/p>","protected":false},"excerpt":{"rendered":"<p>\u0627\u0644\u0645\u064f\u0639\u062f\u0650\u0651\u0644\u0627\u062a \u0627\u0644\u062f\u0628\u0627\u0644\u064a\u0629 \u0648\u0645\u064f\u0632\u064a\u0644\u0627\u062a \u0627\u0644\u062a\u062d\u0644\u064a\u0629 \u0645\u0646\u062a\u062c\u0627\u062a \u0644\u0644\u0639\u0646\u0627\u064a\u0629 \u0628\u062a\u0631\u0628\u0629 \u0627\u0644\u0645\u062d\u0627\u0635\u064a\u0644\u0627\u0644\u0645\u064f\u0639\u062f\u0650\u0651\u0644\u0627\u062a \u0627\u0644\u062f\u0628\u0627\u0644\u064a\u0629 \u0648\u0645\u064f\u0632\u064a\u0644\u0627\u062a \u0627\u0644\u062a\u062d\u0644\u064a\u0629 \u062a\u0631\u0628\u0629 \u0627\u0644\u0645\u062d\u0627\u0635\u064a\u0644 \u0647\u064a \u0627\u0644\u0623\u0633\u0627\u0633 \u0627\u0644\u0641\u064a\u0632\u064a\u0627\u0626\u064a \u0648\u0627\u0644\u0643\u064a\u0645\u064a\u0627\u0626\u064a \u0644\u0646\u0645\u0648 \u0627\u0644\u0646\u0628\u0627\u062a\u060c \u0648\u0647\u064a \"\u0627\u0644\u062e\u0632\u0627\u0646\" \u0627\u0644\u0630\u064a \u062a\u0648\u062c\u062f \u0641\u064a\u0647 \u0627\u0644\u0639\u0646\u0627\u0635\u0631 \u0627\u0644\u063a\u0630\u0627\u0626\u064a\u0629\u060c \u0644\u0630\u0644\u0643 \u0645\u0646 \u0627\u0644\u0636\u0631\u0648\u0631\u064a \u0627\u0644\u0639\u0646\u0627\u064a\u0629 \u0628\u0647\u0627 \u0648\u0643\u0630\u0644\u0643 \u0627\u0644\u0639\u0646\u0627\u064a\u0629 \u0628\u0627\u0644\u0646\u0628\u0627\u062a\u0627\u062a. \u0627\u0644\u062a\u0639\u062f\u064a\u0644\u0627\u062a \u0627\u0644\u062f\u0628\u0627\u0644\u064a\u0629 \u0648\u0645\u0632\u064a\u0644\u0627\u062a \u0627\u0644\u0645\u0644\u0648\u062d\u0629 [...].<\/p>","protected":false},"author":2,"featured_media":0,"parent":30,"menu_order":0,"comment_status":"closed","ping_status":"closed","template":"","meta":{"_et_pb_use_builder":"on","_et_pb_old_content":"<!--:es-->[tx_column size=\"1\/2\"]\n<h3><strong><span style=\"color: #008080;\"><img class=\"alignleft size-full wp-image-928\" src=\"https:\/\/fertix.es\/wp-content\/uploads\/2015\/05\/enmiendasdef.jpg\" alt=\"enmiendasdef\" width=\"500\" height=\"71\"><\/span><\/strong><\/h3>\n<a href=\"https:\/\/fertix.es\/productos\/enmiendas-humicas-y-desalinizantes\/fertimat\/\"><img class=\"alignright wp-image-2709 size-full\" src=\"https:\/\/fertix.es\/wp-content\/uploads\/2015\/05\/fertimat350eco.jpg\" alt=\"\" width=\"350\" height=\"31\"><\/a><a href=\"https:\/\/fertix.es\/productos\/enmiendas-humicas-y-desalinizantes\/ferticalcio-2\/\"><img class=\"alignright wp-image-1106 size-full\" src=\"https:\/\/fertix.es\/wp-content\/uploads\/2015\/05\/ferticalcio350.jpg\" alt=\"ferticalcio350\" width=\"350\" height=\"31\"><\/a><a href=\"https:\/\/fertix.es\/wp-content\/uploads\/2015\/05\/azabache350.jpg\">\n<\/a><a href=\"https:\/\/fertix.es\/productos\/enmiendas-humicas-y-desalinizantes\/drefens-humic\/\"><img class=\"  alignright wp-image-2724\" src=\"https:\/\/fertix.es\/wp-content\/uploads\/2018\/04\/drefenshumic300_2.jpg\" alt=\"\" width=\"343\" height=\"28\"><\/a>\n<a href=\"https:\/\/fertix.es\/productos\/enmiendas-humicas-y-desalinizantes\/ferthumic-2\/\"><img class=\"alignright wp-image-1100 size-full\" src=\"https:\/\/fertix.es\/wp-content\/uploads\/2015\/05\/ferthumic350.jpg\" alt=\"ferthumic350\" width=\"350\" height=\"31\"><\/a>\n\n[\/tx_column]<!--:--><!--:en--><a href=\"https:\/\/fertix.es\/productos\/enmiendas-humicas-y-desalinizantes\/drefens-humic\/\"><img class=\"  alignright wp-image-2724\" src=\"https:\/\/fertix.es\/wp-content\/uploads\/2018\/04\/drefenshumic300_2.jpg\" alt=\"\" width=\"343\" height=\"28\"><\/a>\n\n[tx_column size=\"1\/2\"]\n<h3><strong><span style=\"color: #008080;\"><img class=\"alignnone size-full wp-image-1670\" src=\"https:\/\/fertix.es\/wp-content\/uploads\/2015\/05\/enTITULOPLANTILLAMARRON.jpg\" alt=\"enTITULOPLANTILLAMARRON\" width=\"500\" height=\"71\">\n<\/span><\/strong><\/h3>\n<a href=\"https:\/\/fertix.es\/productos\/enmiendas-humicas-y-desalinizantes\/fertimat\/?lang=en\"><img class=\"alignright wp-image-2709 size-full\" src=\"https:\/\/fertix.es\/wp-content\/uploads\/2015\/05\/fertimat350eco.jpg\" alt=\"\" width=\"350\" height=\"31\"><\/a><a href=\"https:\/\/fertix.es\/productos\/enmiendas-humicas-y-desalinizantes\/ferticalcio-2\/?lang=en\"><img class=\"alignright wp-image-1106 size-full\" src=\"https:\/\/fertix.es\/wp-content\/uploads\/2015\/05\/ferticalcio350.jpg\" alt=\"ferticalcio350\" width=\"350\" height=\"31\"><\/a><a href=\"https:\/\/fertix.es\/wp-content\/uploads\/2015\/05\/azabache350.jpg\">\n<\/a>\n<a href=\"https:\/\/fertix.es\/productos\/enmiendas-humicas-y-desalinizantes\/ferthumic-2\/?lang=en\"><img class=\"alignright wp-image-1100 size-full\" src=\"https:\/\/fertix.es\/wp-content\/uploads\/2015\/05\/ferthumic350.jpg\" alt=\"ferthumic350\" width=\"350\" height=\"31\"><\/a>\n\n[\/tx_column]<!--:-->","_et_gb_content_width":"","footnotes":""},"class_list":["post-183","page","type-page","status-publish","hentry"],"yoast_head":"<!-- This site is optimized with the Yoast SEO plugin v26.9 - https:\/\/yoast.com\/product\/yoast-seo-wordpress\/ -->\n<title>Enmiendas Humicas y Desalinizantes - Fertix Nutrici\u00f3n Vegetal S.L.<\/title>\n<meta name=\"robots\" content=\"index, follow, max-snippet:-1, max-image-preview:large, max-video-preview:-1\" \/>\n<link rel=\"canonical\" href=\"https:\/\/fertix.es\/ar\/productos\/enmiendas-humicas-y-desalinizantes\/\" \/>\n<meta property=\"og:locale\" content=\"ar_AR\" \/>\n<meta property=\"og:type\" content=\"article\" \/>\n<meta property=\"og:title\" content=\"Enmiendas Humicas y Desalinizantes - Fertix Nutrici\u00f3n Vegetal S.L.\" \/>\n<meta property=\"og:description\" content=\"Enmiendas H\u00famicas y desalinizantes Productos para cuidado del suelo de cultivoEnmiendas H\u00famicas y Desalinizantes El suelo del cultivo es la base f\u00edsica y qu\u00edmica del desarrollo de la planta, el \u201cdep\u00f3sito\u201d donde se encuentran los nutrientes, por lo que es necesario cuidarlo al igual que se cuidan las plantas. Las enmiendas h\u00famicas y los desalinizantes [&hellip;]\" \/>\n<meta property=\"og:url\" content=\"https:\/\/fertix.es\/ar\/productos\/enmiendas-humicas-y-desalinizantes\/\" \/>\n<meta property=\"og:site_name\" content=\"Fertix Nutrici\u00f3n Vegetal S.L.\" \/>\n<meta property=\"article:modified_time\" content=\"2021-10-03T12:18:16+00:00\" \/>\n<meta name=\"twitter:card\" content=\"summary_large_image\" \/>\n<meta name=\"twitter:label1\" content=\"\u0648\u0642\u062a \u0627\u0644\u0642\u0631\u0627\u0621\u0629 \u0627\u0644\u0645\u064f\u0642\u062f\u0651\u0631\" \/>\n\t<meta name=\"twitter:data1\" content=\"3 \u062f\u0642\u0627\u0626\u0642\" \/>\n<script type=\"application\/ld+json\" class=\"yoast-schema-graph\">{\"@context\":\"https:\/\/schema.org\",\"@graph\":[{\"@type\":\"WebPage\",\"@id\":\"https:\/\/fertix.es\/productos\/enmiendas-humicas-y-desalinizantes\/\",\"url\":\"https:\/\/fertix.es\/productos\/enmiendas-humicas-y-desalinizantes\/\",\"name\":\"Enmiendas Humicas y Desalinizantes - Fertix Nutrici\u00f3n Vegetal S.L.\",\"isPartOf\":{\"@id\":\"https:\/\/fertix.es\/#website\"},\"datePublished\":\"2015-05-20T09:07:06+00:00\",\"dateModified\":\"2021-10-03T12:18:16+00:00\",\"breadcrumb\":{\"@id\":\"https:\/\/fertix.es\/productos\/enmiendas-humicas-y-desalinizantes\/#breadcrumb\"},\"inLanguage\":\"ar\",\"potentialAction\":[{\"@type\":\"ReadAction\",\"target\":[\"https:\/\/fertix.es\/productos\/enmiendas-humicas-y-desalinizantes\/\"]}]},{\"@type\":\"BreadcrumbList\",\"@id\":\"https:\/\/fertix.es\/productos\/enmiendas-humicas-y-desalinizantes\/#breadcrumb\",\"itemListElement\":[{\"@type\":\"ListItem\",\"position\":1,\"name\":\"Portada\",\"item\":\"https:\/\/fertix.es\/\"},{\"@type\":\"ListItem\",\"position\":2,\"name\":\"Productos\",\"item\":\"https:\/\/fertix.es\/productos\/\"},{\"@type\":\"ListItem\",\"position\":3,\"name\":\"Enmiendas Humicas y Desalinizantes\"}]},{\"@type\":\"WebSite\",\"@id\":\"https:\/\/fertix.es\/#website\",\"url\":\"https:\/\/fertix.es\/\",\"name\":\"Fertix Nutrici\u00f3n Vegetal S.L.\",\"description\":\"Fertix, abonos y fertilizantes para plantaciones hortofrut\u00edcolas.\",\"potentialAction\":[{\"@type\":\"SearchAction\",\"target\":{\"@type\":\"EntryPoint\",\"urlTemplate\":\"https:\/\/fertix.es\/?s={search_term_string}\"},\"query-input\":{\"@type\":\"PropertyValueSpecification\",\"valueRequired\":true,\"valueName\":\"search_term_string\"}}],\"inLanguage\":\"ar\"}]}<\/script>\n<!-- \/ Yoast SEO plugin. -->","yoast_head_json":{"title":"Enmiendas Humicas y Desalinizantes - Fertix Nutrici\u00f3n Vegetal S.L.","robots":{"index":"index","follow":"follow","max-snippet":"max-snippet:-1","max-image-preview":"max-image-preview:large","max-video-preview":"max-video-preview:-1"},"canonical":"https:\/\/fertix.es\/ar\/productos\/enmiendas-humicas-y-desalinizantes\/","og_locale":"ar_AR","og_type":"article","og_title":"Enmiendas Humicas y Desalinizantes - Fertix Nutrici\u00f3n Vegetal S.L.","og_description":"Enmiendas H\u00famicas y desalinizantes Productos para cuidado del suelo de cultivoEnmiendas H\u00famicas y Desalinizantes El suelo del cultivo es la base f\u00edsica y qu\u00edmica del desarrollo de la planta, el \u201cdep\u00f3sito\u201d donde se encuentran los nutrientes, por lo que es necesario cuidarlo al igual que se cuidan las plantas. Las enmiendas h\u00famicas y los desalinizantes [&hellip;]","og_url":"https:\/\/fertix.es\/ar\/productos\/enmiendas-humicas-y-desalinizantes\/","og_site_name":"Fertix Nutrici\u00f3n Vegetal S.L.","article_modified_time":"2021-10-03T12:18:16+00:00","twitter_card":"summary_large_image","twitter_misc":{"\u0648\u0642\u062a \u0627\u0644\u0642\u0631\u0627\u0621\u0629 \u0627\u0644\u0645\u064f\u0642\u062f\u0651\u0631":"3 \u062f\u0642\u0627\u0626\u0642"},"schema":{"@context":"https:\/\/schema.org","@graph":[{"@type":"WebPage","@id":"https:\/\/fertix.es\/productos\/enmiendas-humicas-y-desalinizantes\/","url":"https:\/\/fertix.es\/productos\/enmiendas-humicas-y-desalinizantes\/","name":"Enmiendas Humicas y Desalinizantes - Fertix Nutrici\u00f3n Vegetal S.L.","isPartOf":{"@id":"https:\/\/fertix.es\/#website"},"datePublished":"2015-05-20T09:07:06+00:00","dateModified":"2021-10-03T12:18:16+00:00","breadcrumb":{"@id":"https:\/\/fertix.es\/productos\/enmiendas-humicas-y-desalinizantes\/#breadcrumb"},"inLanguage":"ar","potentialAction":[{"@type":"ReadAction","target":["https:\/\/fertix.es\/productos\/enmiendas-humicas-y-desalinizantes\/"]}]},{"@type":"BreadcrumbList","@id":"https:\/\/fertix.es\/productos\/enmiendas-humicas-y-desalinizantes\/#breadcrumb","itemListElement":[{"@type":"ListItem","position":1,"name":"Portada","item":"https:\/\/fertix.es\/"},{"@type":"ListItem","position":2,"name":"Productos","item":"https:\/\/fertix.es\/productos\/"},{"@type":"ListItem","position":3,"name":"Enmiendas Humicas y Desalinizantes"}]},{"@type":"WebSite","@id":"https:\/\/fertix.es\/#website","url":"https:\/\/fertix.es\/","name":"\u0634\u0631\u0643\u0629 \u0641\u064a\u0631\u062a\u0643\u0633 \u0646\u064a\u0648\u062a\u0631\u064a\u0633\u064a\u0648\u0646 \u0641\u064a\u062c\u064a\u062a\u0627\u0644 \u0634.\u0645.\u0644.","description":"\u0641\u0631\u062a\u064a\u0643\u0633\u060c \u0623\u0633\u0645\u062f\u0629 \u0648\u0645\u062e\u0635\u0628\u0627\u062a \u0648\u0645\u062e\u0635\u0628\u0627\u062a \u0644\u0645\u0632\u0627\u0631\u0639 \u0627\u0644\u0641\u0627\u0643\u0647\u0629 \u0648\u0627\u0644\u062e\u0636\u0631\u0648\u0627\u062a.","potentialAction":[{"@type":"SearchAction","target":{"@type":"EntryPoint","urlTemplate":"https:\/\/fertix.es\/?s={search_term_string}"},"query-input":{"@type":"PropertyValueSpecification","valueRequired":true,"valueName":"search_term_string"}}],"inLanguage":"ar"}]}},"_links":{"self":[{"href":"https:\/\/fertix.es\/ar\/wp-json\/wp\/v2\/pages\/183","targetHints":{"allow":["GET"]}}],"collection":[{"href":"https:\/\/fertix.es\/ar\/wp-json\/wp\/v2\/pages"}],"about":[{"href":"https:\/\/fertix.es\/ar\/wp-json\/wp\/v2\/types\/page"}],"author":[{"embeddable":true,"href":"https:\/\/fertix.es\/ar\/wp-json\/wp\/v2\/users\/2"}],"replies":[{"embeddable":true,"href":"https:\/\/fertix.es\/ar\/wp-json\/wp\/v2\/comments?post=183"}],"version-history":[{"count":0,"href":"https:\/\/fertix.es\/ar\/wp-json\/wp\/v2\/pages\/183\/revisions"}],"up":[{"embeddable":true,"href":"https:\/\/fertix.es\/ar\/wp-json\/wp\/v2\/pages\/30"}],"wp:attachment":[{"href":"https:\/\/fertix.es\/ar\/wp-json\/wp\/v2\/media?parent=183"}],"curies":[{"name":"\u062f\u0628\u0644\u064a\u0648 \u0628\u064a","href":"https:\/\/api.w.org\/{rel}","templated":true}]}}