{"id":42,"date":"2015-05-13T16:16:42","date_gmt":"2015-05-13T16:16:42","guid":{"rendered":"https:\/\/fertix.es\/?page_id=42"},"modified":"2021-10-06T13:41:45","modified_gmt":"2021-10-06T11:41:45","slug":"bioestimulantes","status":"publish","type":"page","link":"https:\/\/fertix.es\/ar\/productos\/bioestimulantes\/","title":{"rendered":"\u0627\u0644\u0645\u062d\u0641\u0632\u0627\u062a \u0627\u0644\u062d\u064a\u0648\u064a\u0629"},"content":{"rendered":"<p>[et_pbb_b_secsection fb_built=\"1\u2033 _builder_version=\"4.11.1\u2033 \u062e\u0644\u0641\u064a\u0629_\u0635\u0648\u0631\u0629=\"https:\/\/fertix.es\/wp-content\/uploads\/2021\/10\/img-cabecera-bioestimulantes-scaled.jpg\" parallax=\"on\" global_colors_info=\"{}\"][et_pb_bb_column type=\"4.11.0\u2033 _module_preset=\"\u0627\u0641\u062a\u0631\u0627\u0636\u064a\" global_colors_info=\"{}\"][et_pbb_column type=\"4_4\u2033 _builder_version=\"4.11.0\u2033 _module_preset=\"\u0627\u0641\u062a\u0631\u0627\u0636\u064a\" global_colors_info=\"{}\"][et_pbb_text _builder_version=\"4.11.1\u2033 _module_preset=\"\u0627\u0641\u062a\u0631\u0627\u0636\u064a\" global_colors_info=\"{}\"]<\/p>\n<h1 style=\"text-align: center; font-size: 50px; color: white;\">\u0627\u0644\u0645\u062d\u0641\u0632\u0627\u062a \u0627\u0644\u062d\u064a\u0648\u064a\u0629<\/h1>\n<h3 style=\"text-align: center; text-decoration: none; color: white;\">\u0645\u0646\u062a\u062c\u0627\u062a \u0645\u0635\u0645\u0645\u0629 \u0644\u062a\u062d\u0642\u064a\u0642 \u0623\u0642\u0635\u0649 \u0627\u0633\u062a\u0641\u0627\u062f\u0629 \u0645\u0645\u0643\u0646\u0629 \u0645\u0646 \u0645\u062d\u0627\u0635\u064a\u0644\u0643<\/h3>\n<p>[\/et_pb_text][\/et_pb_column][\/et_pb_row][\/et_pb_section][et_pb_section fb_built=\"1\u2033 _builder_version=\"4.11.0\u2033 _module_preset=\"default\" global_colors_info=\"{}\"][et_pb_row _builder_version=\"4.11.0\u2033 _module_preset=\"\u0627\u0641\u062a\u0631\u0627\u0636\u064a\" \u0639\u0631\u0636=\"980px\" max_width=\"80%\" global_colors_info=\"{}\"][et_pb_bb_column type=\"4_4\u2033 _builder_version=\"4.10.8\u2033_module_preset=\"\u0627\u0641\u062a\u0631\u0627\u0636\u064a\" global_colors_info=\"{}\"][et_pb_b_text _builder_version=\"4.11.1\u2033 _module_preset=\"\u0627\u0641\u062a\u0631\u0627\u0636\u064a\" global_colors_info=\"{}\"]<\/p>\n<h2>\u0627\u0644\u0645\u062d\u0641\u0632\u0627\u062a \u0627\u0644\u062d\u064a\u0648\u064a\u0629<\/h2>\n<p>En esta secci\u00f3n se encuentran los productos estudiados para sacar el m\u00e1ximo partido a sus cultivos. Productos destinados a mejorar el estado general de la planta y ayudarla en los momentos de mayor desgaste, potenciando sus cualidades y mejorando su desarrollo. Podemos encontrar tambi\u00e9n productos que ayudan a la planta en momentos concretos de su desarrollo como el enraizamiento, la floraci\u00f3n, el cuaje, etc.[\/et_pb_text][\/et_pb_column][\/et_pb_row][et_pb_row column_structure=\u00bb1_3,1_3,1_3&#8243; _builder_version=\u00bb4.11.0&#8243; _module_preset=\u00bbdefault\u00bb custom_padding=\u00bb5px|||||\u00bb global_colors_info=\u00bb{}\u00bb][et_pb_column type=\u00bb1_3&#8243; _builder_version=\u00bb4.11.0&#8243; _module_preset=\u00bbdefault\u00bb global_colors_info=\u00bb{}\u00bb][et_pb_blurb url=\u00bb\/productos\/bioestimulantes\/maxirail\/\u00bb url_new_window=\u00bbon\u00bb image=\u00bbhttps:\/\/fertix.es\/wp-content\/uploads\/2021\/10\/fertix-maxirail-bioestimulantes.jpg\u00bb _builder_version=\u00bb4.11.1&#8243; _module_preset=\u00bbdefault\u00bb text_orientation=\u00bbcenter\u00bb global_module=\u00bb3424&#8243; saved_tabs=\u00bball\u00bb global_colors_info=\u00bb{}\u00bb]<\/p>\n<h4>\u0645\u0627\u0643\u0633\u064a\u0631\u0627\u064a\u0644<\/h4>\n<p><span class=\"tag-producto bioestimulantes\"><a href=\"\/ar\/productos\/bioestimulantes\/\" style=\"color: var(--morado-fertix)\">\u0627\u0644\u0645\u062d\u0641\u0632\u0627\u062a \u0627\u0644\u062d\u064a\u0648\u064a\u0629<\/a><\/span><\/p>\n<p class=\"p1\">\u0633\u0645\u0627\u062f \u064a\u062d\u062a\u0648\u064a \u0639\u0644\u0649 \u0623\u062d\u0645\u0627\u0636 \u0623\u0645\u064a\u0646\u064a\u0629 \u0630\u0627\u062a \u062a\u0623\u062b\u064a\u0631 \u062a\u062c\u0630\u064a\u0631\u064a.<\/p>\n<p>[\/et_pbb_blurb][\/et_pbb_blurb_column][et_pbb_column type=\"1_3\u2033 _builder_version=\"4.11.0\u2033 _module_preset=\"\u0627\u0641\u062a\u0631\u0627\u0636\u064a\" global_colors_info=\"{}\"][et_pbb_blurb url=\"\/products\/bi\/biostimulants\/stim-4-0\/\" url_new_window=\"on\" image=\"https:\/\/fertix.en.\/wp-content\/uploads\/2021\/10\/fertix-stim-4-0-biostimulants.jpg\" _builder_version=\"4.11.1\u2033 _module_preset=\"\u0627\u0641\u062a\u0631\u0627\u0636\u064a\" text_orientation=\"center\" global_module=\"3436\u2033 \u0645\u062d\u0641\u0648\u0638_tabs=\"all\" global_colors_info=\"{}\"]]<\/p>\n<h4>\u0633\u062a\u064a\u0645 4.0<\/h4>\n<p><span class=\"tag-producto bioestimulantes\"><a href=\"\/ar\/productos\/bioestimulantes\/\" style=\"color: var(--morado-fertix);\">\u0627\u0644\u0645\u062d\u0641\u0632\u0627\u062a \u0627\u0644\u062d\u064a\u0648\u064a\u0629<\/a><\/span><\/p>\n<p class=\"p1\">\u0645\u0633\u062a\u062e\u0644\u0635 \u0627\u0644\u0623\u0639\u0634\u0627\u0628 \u0627\u0644\u0628\u062d\u0631\u064a\u0629 \u0627\u0644\u0633\u0627\u0626\u0644 \u0645\u0639 \u0627\u0644\u0645\u063a\u0630\u064a\u0627\u062a \u0627\u0644\u062f\u0642\u064a\u0642\u0629 \u0648\u0627\u0644\u0623\u062d\u0645\u0627\u0636 \u0627\u0644\u0623\u0645\u064a\u0646\u064a\u0629 \u0644\u0644\u0627\u0633\u062a\u062e\u062f\u0627\u0645 \u0627\u0644\u0648\u0631\u0642\u064a.<\/p>\n<p>[\/et_pb_blurb][\/et_pb_column][et_pb_column type=\u00bb1_3&#8243; _builder_version=\u00bb4.11.0&#8243; _module_preset=\u00bbdefault\u00bb global_colors_info=\u00bb{}\u00bb][et_pb_blurb url=\u00bb\/productos\/bioestimulantes\/drefens-24\/\u00bb url_new_window=\u00bbon\u00bb image=\u00bbhttps:\/\/fertix.es\/wp-content\/uploads\/2021\/10\/fertix-drefens-24-bioestimulantes.jpg\u00bb _builder_version=\u00bb4.11.1&#8243; _module_preset=\u00bbdefault\u00bb text_orientation=\u00bbcenter\u00bb global_module=\u00bb3408&#8243; global_colors_info=\u00bb{}\u00bb]<\/p>\n<h4 class=\"titulo-producto\">\u062f\u0631\u064a\u0641\u0646\u0632 24<\/h4>\n<p><span class=\"tag-producto bioestimulantes\"><a href=\"\/ar\/productos\/bioestimulantes\/\" style=\"color: var(--morado-fertix);\">\u0627\u0644\u0645\u062d\u0641\u0632\u0627\u062a \u0627\u0644\u062d\u064a\u0648\u064a\u0629<\/a><\/span><\/p>\n<p class=\"\">\u0627\u0644\u0623\u062d\u0645\u0627\u0636 \u0627\u0644\u0623\u0645\u064a\u0646\u064a\u0629 \u0627\u0644\u062d\u0631\u0629.<\/p>\n<p>[\/et_pb_blurb][\/et_pb_column][\/et_pb_row][et_pb_row column_structure=\u00bb1_3,1_3,1_3&#8243; _builder_version=\u00bb4.11.0&#8243; _module_preset=\u00bbdefault\u00bb custom_padding=\u00bb5px|||||\u00bb global_colors_info=\u00bb{}\u00bb][et_pb_column type=\u00bb1_3&#8243; _builder_version=\u00bb4.11.0&#8243; _module_preset=\u00bbdefault\u00bb global_colors_info=\u00bb{}\u00bb][et_pb_blurb url=\u00bb\/productos\/bioestimulantes\/maxibrot\/\u00bb url_new_window=\u00bbon\u00bb image=\u00bbhttps:\/\/fertix.es\/wp-content\/uploads\/2021\/10\/fertix-maxibrot-bioestimulantes.jpg\u00bb _builder_version=\u00bb4.11.1&#8243; _module_preset=\u00bbdefault\u00bb text_orientation=\u00bbcenter\u00bb global_module=\u00bb3425&#8243; saved_tabs=\u00bball\u00bb global_colors_info=\u00bb{}\u00bb]<\/p>\n<h4>\u0645\u0627\u0643\u0633\u064a\u0628\u0631\u0648\u062a<\/h4>\n<p><span class=\"tag-producto bioestimulantes\"><a href=\"\/ar\/productos\/bioestimulantes\/\" style=\"color: var(--morado-fertix);\">\u0627\u0644\u0645\u062d\u0641\u0632\u0627\u062a \u0627\u0644\u062d\u064a\u0648\u064a\u0629<\/a><\/span><\/p>\n<p class=\"p1\">\u0645\u0633\u062a\u062e\u0644\u0635 \u0627\u0644\u0637\u062d\u0627\u0644\u0628 \u0627\u0644\u0628\u062d\u0631\u064a\u0629 \u0627\u0644\u0633\u0627\u0626\u0644\u0629. \u0645\u0646\u0634\u0637 \u062d\u064a\u0648\u064a \u0639\u0627\u0644\u064a \u0627\u0644\u0623\u062f\u0627\u0621.<\/p>\n<p>[\/et_pb_blurb][\/et_pb_column][et_pb_column type=\u00bb1_3&#8243; _builder_version=\u00bb4.11.0&#8243; _module_preset=\u00bbdefault\u00bb global_colors_info=\u00bb{}\u00bb][et_pb_blurb url=\u00bb\/productos\/bioestimulantes\/drefens-amin\u00bb url_new_window=\u00bbon\u00bb image=\u00bbhttps:\/\/fertix.es\/wp-content\/uploads\/2021\/10\/fertix-drefens-amin-bioestimulantes.jpg\u00bb _builder_version=\u00bb4.11.1&#8243; _module_preset=\u00bbdefault\u00bb text_orientation=\u00bbcenter\u00bb global_module=\u00bb3410&#8243; global_colors_info=\u00bb{}\u00bb]<\/p>\n<h4 class=\"titulo-producto\">\u062f\u0631\u064a\u0641\u0646\u0633 \u0623\u0645\u064a\u0646<\/h4>\n<p><span class=\"tag-producto bioestimulantes\"><a href=\"\/ar\/productos\/bioestimulantes\/\" style=\"color: var(--morado-fertix);\">\u0627\u0644\u0645\u062d\u0641\u0632\u0627\u062a \u0627\u0644\u062d\u064a\u0648\u064a\u0629<\/a><\/span><\/p>\n<p class=\"p1\">\u0627\u0644\u0623\u062d\u0645\u0627\u0636 \u0627\u0644\u0623\u0645\u064a\u0646\u064a\u0629 \u0644\u0644\u0627\u0633\u062a\u062e\u062f\u0627\u0645 \u0627\u0644\u0648\u0631\u0642\u064a \u0648\u0627\u0644\u062c\u0630\u0631\u064a.<\/p>\n<p>[\/et_pb_blurb][\/et_pb_column][et_pb_column type=\u00bb1_3&#8243; _builder_version=\u00bb4.11.0&#8243; _module_preset=\u00bbdefault\u00bb global_colors_info=\u00bb{}\u00bb][et_pb_blurb url=\u00bb\/productos\/bioestimulantes\/ocean\/\u00bb url_new_window=\u00bbon\u00bb image=\u00bbhttps:\/\/fertix.es\/wp-content\/uploads\/2021\/10\/fertix-drefens-algae-bioestimulantes.jpg\u00bb _builder_version=\u00bb4.11.1&#8243; _module_preset=\u00bbdefault\u00bb text_orientation=\u00bbcenter\u00bb hover_enabled=\u00bb0&#8243; global_module=\u00bb3405&#8243; saved_tabs=\u00bball\u00bb global_colors_info=\u00bb{}\u00bb sticky_enabled=\u00bb0&#8243;]<\/p>\n<h4>\u062f\u0631\u064a\u0641\u0646\u0633 \u0627\u0644\u0637\u062d\u0627\u0644\u0628<\/h4>\n<p><span class=\"tag-producto bioestimulantes\"><a href=\"\/ar\/productos\/bioestimulantes\/\" style=\"color: var(--morado-fertix);\">\u0627\u0644\u0645\u062d\u0641\u0632\u0627\u062a \u0627\u0644\u062d\u064a\u0648\u064a\u0629<\/a><\/span><\/p>\n<p class=\"p1\">\u0645\u0633\u062a\u062e\u0644\u0635 \u0627\u0644\u0637\u062d\u0627\u0644\u0628 \u0627\u0644\u0628\u062d\u0631\u064a\u0629 \u0627\u0644\u0633\u0627\u0626\u0644\u0629.<\/p>\n<p><img decoding=\"async\" style=\"width: 75px; padding-left: 1em;\" src=\"https:\/\/fertix.es\/wp-content\/uploads\/2025\/05\/logo-eco-fertix-fra.png\" \/><\/p>\n<p>[\/et_pb_blurb][\/et_pb_column][\/et_pb_row][et_pb_row module_class=\u00bbcta-code\u00bb _builder_version=\u00bb4.11.1&#8243; _module_preset=\u00bbdefault\u00bb width=\u00bb100vw\u00bb max_width=\u00bb100vw\u00bb module_alignment=\u00bbcenter\u00bb module_alignment_tablet=\u00bb\u00bb module_alignment_phone=\u00bb\u00bb module_alignment_last_edited=\u00bbon|desktop\u00bb custom_css_main_element=\u00bboverflow-x:hidden;||width: 99vw !important;||max-width: 100vw;\u00bb global_module=\u00bb3161&#8243; saved_tabs=\u00bball\u00bb global_colors_info=\u00bb{}\u00bb][et_pb_column type=\u00bb4_4&#8243; _builder_version=\u00bb4.10.8&#8243; _module_preset=\u00bbdefault\u00bb global_colors_info=\u00bb{}\u00bb][et_pb_code _builder_version=\u00bb4.11.1&#8243; _module_preset=\u00bbdefault\u00bb global_colors_info=\u00bb{}\u00bb]<\/p>\n<div class=\"cta_main\"><!-- [et_pb_line_break_holder] -->  <\/p>\n<div class=\"cta_main-img\"><!-- [et_pb_line_break_holder] -->    <img decoding=\"async\" src=\"https:\/\/fertix.es\/wp-content\/uploads\/2021\/09\/fertix-solicitar-catalogos-1.png\" style=\"width:450px; height:auto\"\/><!-- [et_pb_line_break_holder] -->    <!-- [et_pb_line_break_holder] -->  <\/div>\n<p><!-- [et_pb_line_break_holder] -->  <\/p>\n<div class=\"cta_main-text\"><!-- [et_pb_line_break_holder] -->    <!-- [et_pb_line_break_holder] --><!-- [et_pb_line_break_holder] -->  <\/p>\n<div><!-- [et_pb_line_break_holder] -->    <\/p>\n<h3 class=\"cta_main-text\" style=\"text-transform:none; line-height: 1.3em;\"><!-- [et_pb_line_break_holder] -->      \u0643\u062a\u0627\u0644\u0648\u062c\u0627\u062a \u0641\u064a\u0631\u062a\u064a\u0643\u0633 2021 \u0644\u0644\u0623\u0633\u0645\u062f\u0629 \u0648\u0627\u0644\u0645\u062e\u0635\u0628\u0627\u062a.<!-- [et_pb_line_break_holder] -->    <\/h3>\n<p><!-- [et_pb_line_break_holder] -->    <pee style=\"line-height: 1.5em;\"><!-- [et_pb_line_break_holder] -->      \u0627\u0633\u062a\u0634\u0631 \u062c\u0645\u064a\u0639 \u0645\u062c\u0645\u0648\u0639\u0627\u062a \u0645\u0646\u062a\u062c\u0627\u062a\u0646\u0627 \u0645\u0646 \u062e\u0644\u0627\u0644 \u0637\u0644\u0628 \u0643\u062a\u0627\u0644\u0648\u062c\u0627\u062a\u0646\u0627.<!-- [et_pb_line_break_holder] -->    <\/pee><!-- [et_pb_line_break_holder] -->  <!\u2013- [et_pb_br_holder] -\u2013><!-- [et_pb_line_break_holder] -->    <!\u2013- [et_pb_br_holder] -\u2013><!-- [et_pb_line_break_holder] -->  <\/div>\n<p><!-- [et_pb_line_break_holder] -->    <!-- [et_pb_line_break_holder] -->    <\/p>\n<div class=\"et_pb_button_module_wrapper et_pb_button_0_wrapper  et_pb_module\"><!-- [et_pb_line_break_holder] -->\t\t\t\t<a class=\"et_pb_button et_pb_button_0 et_pb_bg_layout_dark\" href=\"\/ar\/catalogo\/\">\u0643\u062a\u0627\u0644\u0648\u062c\u0627\u062a \u0627\u0644\u0637\u0644\u0628\u0627\u062a<\/a><!-- [et_pb_line_break_holder] -->\t\t\t<\/div>\n<p><!-- [et_pb_line_break_holder] --><!-- [et_pb_line_break_holder] --><\/div>\n<p><!-- [et_pb_line_break_holder] --><\/div>\n<p>[\/et_pbb_code][\/et_pbb_column][\/et_pbb_column][\/et_pbb_column][\/et_pbb_column][\/et_pb_column][\/et_pb_section].<\/p>","protected":false},"excerpt":{"rendered":"<p>\u0645\u0646\u062a\u062c\u0627\u062a \u0627\u0644\u0645\u062d\u0641\u0632\u0627\u062a \u0627\u0644\u062d\u064a\u0648\u064a\u0629 \u0627\u0644\u0645\u0635\u0645\u0645\u0629 \u0644\u062a\u062d\u0642\u064a\u0642 \u0623\u0642\u0635\u0649 \u0627\u0633\u062a\u0641\u0627\u062f\u0629 \u0645\u0646 \u0645\u062d\u0627\u0635\u064a\u0644\u0643\u0627\u0644\u0645\u062d\u0641\u0632\u0627\u062a \u0627\u0644\u062d\u064a\u0648\u064a\u0629 \u0641\u064a \u0647\u0630\u0627 \u0627\u0644\u0642\u0633\u0645 \u0633\u062a\u062c\u062f \u0645\u0646\u062a\u062c\u0627\u062a \u0645\u0635\u0645\u0645\u0629 \u0644\u062a\u062d\u0642\u064a\u0642 \u0623\u0642\u0635\u0649 \u0627\u0633\u062a\u0641\u0627\u062f\u0629 \u0645\u0646 \u0645\u062d\u0627\u0635\u064a\u0644\u0643. \u0645\u0646\u062a\u062c\u0627\u062a \u0645\u0635\u0645\u0645\u0629 \u0644\u062a\u062d\u0633\u064a\u0646 \u0627\u0644\u062d\u0627\u0644\u0629 \u0627\u0644\u0639\u0627\u0645\u0629 \u0644\u0644\u0646\u0628\u0627\u062a \u0648\u0645\u0633\u0627\u0639\u062f\u062a\u0647 \u0641\u064a \u0644\u062d\u0638\u0627\u062a \u0627\u0644\u062a\u0622\u0643\u0644 \u0648\u0627\u0644\u062a\u0644\u0641 \u0627\u0644\u0623\u0643\u0628\u0631\u060c \u0645\u0645\u0627 \u064a\u0639\u0632\u0632 \u0635\u0641\u0627\u062a\u0647 \u0648\u064a\u062d\u0633\u0646 \u0645\u0646 \u0646\u0645\u0648\u0647. \u064a\u0645\u0643\u0646\u0646\u0627 \u0623\u064a\u0636\u064b\u0627 \u0627\u0644\u0639\u062b\u0648\u0631 \u0639\u0644\u0649 [...]<\/p>","protected":false},"author":2,"featured_media":0,"parent":30,"menu_order":0,"comment_status":"closed","ping_status":"closed","template":"","meta":{"_et_pb_use_builder":"on","_et_pb_old_content":"<!--:es-->[tx_column size=\"1\/2\"]\n\n<img class=\"alignleft size-full wp-image-956\" src=\"https:\/\/fertix.es\/wp-content\/uploads\/2015\/05\/bioestimulantesdef1.jpg\" alt=\"bioestimulantesdef\" width=\"500\" height=\"71\">\n<h5><span style=\"color: #008080;\"><strong>&nbsp;<\/strong><\/span><\/h5>\n<a href=\"https:\/\/fertix.es\/productos\/bioestimulantes\/maxirail\/\"><img class=\"alignright wp-image-1023 size-full\" src=\"https:\/\/fertix.es\/wp-content\/uploads\/2015\/05\/maxirail3001.jpg\" alt=\"maxirail300\" width=\"350\" height=\"30\"><\/a>\n\n<a href=\"https:\/\/fertix.es\/productos\/bioestimulantes\/stim-4-0\/\"><img class=\"alignright wp-image-1031 size-full\" src=\"https:\/\/fertix.es\/wp-content\/uploads\/2015\/05\/stim40300.jpg\" alt=\"stim40300\" width=\"350\" height=\"30\"><\/a>\n<h5><a href=\"https:\/\/fertix.es\/productos\/bioestimulantes\/drefens-24\/\"><img class=\"alignright wp-image-2126 size-full\" src=\"https:\/\/fertix.es\/wp-content\/uploads\/2016\/10\/drefens24r300.jpg\" alt=\"\" width=\"350\" height=\"30\"><\/a><a href=\"https:\/\/fertix.es\/productos\/bioestimulantes\/maxibrot\/\"><img class=\"alignright wp-image-1025 size-full\" src=\"https:\/\/fertix.es\/wp-content\/uploads\/2015\/05\/maxibrot300.jpg\" alt=\"maxibrot300\" width=\"350\" height=\"30\"><\/a><a href=\"https:\/\/fertix.es\/productos\/bioestimulantes\/drefens-amin\/\"><img class=\"alignright wp-image-2154 size-full\" src=\"https:\/\/fertix.es\/wp-content\/uploads\/2015\/05\/drefensaminR300.jpg\" alt=\"\" width=\"350\" height=\"30\"><\/a><\/h5>\n<h5><\/h5>\n<h5><\/h5>\n<h5><\/h5>\n<h5><\/h5>\n[\/tx_column]\n[tx_column size=\"1\/2\"]\n\n[tx_spacer size=\"25\"]<!--:--><!--:en-->[tx_column size=\"1\/2\"]\n<img class=\" size-full wp-image-1672 alignnone\" src=\"https:\/\/fertix.es\/wp-content\/uploads\/2015\/05\/es-bioestTITULOPLANTILLA.jpg\" alt=\"es bioestTITULOPLANTILLA\" width=\"500\" height=\"71\"><span style=\"color: #008080;\"><strong>&nbsp;<\/strong><\/span>\n\n<a href=\"https:\/\/fertix.es\/productos\/bioestimulantes\/maxirail\/?lang=en\"><img class=\"alignright wp-image-1023 size-full\" src=\"https:\/\/fertix.es\/wp-content\/uploads\/2015\/05\/maxirail3001.jpg\" alt=\"maxirail300\" width=\"350\" height=\"30\"><\/a>\n\n<a href=\"https:\/\/fertix.es\/productos\/bioestimulantes\/stim-4-0\/?lang=en\"><img class=\"alignright wp-image-1031 size-full\" src=\"https:\/\/fertix.es\/wp-content\/uploads\/2015\/05\/stim40300.jpg\" alt=\"stim40300\" width=\"350\" height=\"30\"><\/a>\n<h5><a href=\"https:\/\/fertix.es\/productos\/bioestimulantes\/drefens-24\/?lang=en\"><img class=\"alignright wp-image-2126 size-full\" src=\"https:\/\/fertix.es\/wp-content\/uploads\/2016\/10\/drefens24r300.jpg\" alt=\"\" width=\"350\" height=\"30\"><\/a><a href=\"https:\/\/fertix.es\/productos\/bioestimulantes\/maxibrot\/?lang=en\"><img class=\"alignright wp-image-1025 size-full\" src=\"https:\/\/fertix.es\/wp-content\/uploads\/2015\/05\/maxibrot300.jpg\" alt=\"maxibrot300\" width=\"350\" height=\"30\"><\/a><a href=\"https:\/\/fertix.es\/productos\/bioestimulantes\/drefens-amin\/?lang=en\"><img class=\"alignright wp-image-2154 size-full\" src=\"https:\/\/fertix.es\/wp-content\/uploads\/2015\/05\/drefensaminR300.jpg\" alt=\"\" width=\"350\" height=\"30\"><\/a><\/h5>\n<h5><\/h5>\n<h5><\/h5>\n<h5><\/h5>\n<h5>&nbsp;<a href=\"https:\/\/fertix.es\/productos\/bioestimulantes\/ocean\/?lang=en\"><img class=\"alignright wp-image-2152 size-full\" src=\"https:\/\/fertix.es\/wp-content\/uploads\/2015\/05\/oceanr7600.jpg\" alt=\"\" width=\"315\" height=\"31\"><\/a><\/h5>\n[\/tx_column]\n[tx_column size=\"1\/2\"]\n\n[tx_spacer size=\"25\"]<!--:-->","_et_gb_content_width":"","footnotes":""},"class_list":["post-42","page","type-page","status-publish","hentry"],"yoast_head":"<!-- This site is optimized with the Yoast SEO plugin v26.9 - https:\/\/yoast.com\/product\/yoast-seo-wordpress\/ -->\n<title>Bioestimulantes - Fertix Nutrici\u00f3n Vegetal S.L.<\/title>\n<meta name=\"robots\" content=\"index, follow, max-snippet:-1, max-image-preview:large, max-video-preview:-1\" \/>\n<link rel=\"canonical\" href=\"https:\/\/fertix.es\/ar\/productos\/bioestimulantes\/\" \/>\n<meta property=\"og:locale\" content=\"ar_AR\" \/>\n<meta property=\"og:type\" content=\"article\" \/>\n<meta property=\"og:title\" content=\"Bioestimulantes - Fertix Nutrici\u00f3n Vegetal S.L.\" \/>\n<meta property=\"og:description\" content=\"Bioestimulantes productos estudiados para sacar el m\u00e1ximo partido a sus cultivosBioestimulantes En esta secci\u00f3n se encuentran los productos estudiados para sacar el m\u00e1ximo partido a sus cultivos. Productos destinados a mejorar el estado general de la planta y ayudarla en los momentos de mayor desgaste, potenciando sus cualidades y mejorando su desarrollo. Podemos encontrar tambi\u00e9n [&hellip;]\" \/>\n<meta property=\"og:url\" content=\"https:\/\/fertix.es\/ar\/productos\/bioestimulantes\/\" \/>\n<meta property=\"og:site_name\" content=\"Fertix Nutrici\u00f3n Vegetal S.L.\" \/>\n<meta property=\"article:modified_time\" content=\"2021-10-06T11:41:45+00:00\" \/>\n<meta name=\"twitter:card\" content=\"summary_large_image\" \/>\n<meta name=\"twitter:label1\" content=\"\u0648\u0642\u062a \u0627\u0644\u0642\u0631\u0627\u0621\u0629 \u0627\u0644\u0645\u064f\u0642\u062f\u0651\u0631\" \/>\n\t<meta name=\"twitter:data1\" content=\"4 \u062f\u0642\u0627\u0626\u0642\" \/>\n<script type=\"application\/ld+json\" class=\"yoast-schema-graph\">{\"@context\":\"https:\/\/schema.org\",\"@graph\":[{\"@type\":\"WebPage\",\"@id\":\"https:\/\/fertix.es\/productos\/bioestimulantes\/\",\"url\":\"https:\/\/fertix.es\/productos\/bioestimulantes\/\",\"name\":\"Bioestimulantes - Fertix Nutrici\u00f3n Vegetal S.L.\",\"isPartOf\":{\"@id\":\"https:\/\/fertix.es\/#website\"},\"datePublished\":\"2015-05-13T16:16:42+00:00\",\"dateModified\":\"2021-10-06T11:41:45+00:00\",\"breadcrumb\":{\"@id\":\"https:\/\/fertix.es\/productos\/bioestimulantes\/#breadcrumb\"},\"inLanguage\":\"ar\",\"potentialAction\":[{\"@type\":\"ReadAction\",\"target\":[\"https:\/\/fertix.es\/productos\/bioestimulantes\/\"]}]},{\"@type\":\"BreadcrumbList\",\"@id\":\"https:\/\/fertix.es\/productos\/bioestimulantes\/#breadcrumb\",\"itemListElement\":[{\"@type\":\"ListItem\",\"position\":1,\"name\":\"Portada\",\"item\":\"https:\/\/fertix.es\/\"},{\"@type\":\"ListItem\",\"position\":2,\"name\":\"Productos\",\"item\":\"https:\/\/fertix.es\/productos\/\"},{\"@type\":\"ListItem\",\"position\":3,\"name\":\"Bioestimulantes\"}]},{\"@type\":\"WebSite\",\"@id\":\"https:\/\/fertix.es\/#website\",\"url\":\"https:\/\/fertix.es\/\",\"name\":\"Fertix Nutrici\u00f3n Vegetal S.L.\",\"description\":\"Fertix, abonos y fertilizantes para plantaciones hortofrut\u00edcolas.\",\"potentialAction\":[{\"@type\":\"SearchAction\",\"target\":{\"@type\":\"EntryPoint\",\"urlTemplate\":\"https:\/\/fertix.es\/?s={search_term_string}\"},\"query-input\":{\"@type\":\"PropertyValueSpecification\",\"valueRequired\":true,\"valueName\":\"search_term_string\"}}],\"inLanguage\":\"ar\"}]}<\/script>\n<!-- \/ Yoast SEO plugin. -->","yoast_head_json":{"title":"Bioestimulantes - Fertix Nutrici\u00f3n Vegetal S.L.","robots":{"index":"index","follow":"follow","max-snippet":"max-snippet:-1","max-image-preview":"max-image-preview:large","max-video-preview":"max-video-preview:-1"},"canonical":"https:\/\/fertix.es\/ar\/productos\/bioestimulantes\/","og_locale":"ar_AR","og_type":"article","og_title":"Bioestimulantes - Fertix Nutrici\u00f3n Vegetal S.L.","og_description":"Bioestimulantes productos estudiados para sacar el m\u00e1ximo partido a sus cultivosBioestimulantes En esta secci\u00f3n se encuentran los productos estudiados para sacar el m\u00e1ximo partido a sus cultivos. Productos destinados a mejorar el estado general de la planta y ayudarla en los momentos de mayor desgaste, potenciando sus cualidades y mejorando su desarrollo. Podemos encontrar tambi\u00e9n [&hellip;]","og_url":"https:\/\/fertix.es\/ar\/productos\/bioestimulantes\/","og_site_name":"Fertix Nutrici\u00f3n Vegetal S.L.","article_modified_time":"2021-10-06T11:41:45+00:00","twitter_card":"summary_large_image","twitter_misc":{"\u0648\u0642\u062a \u0627\u0644\u0642\u0631\u0627\u0621\u0629 \u0627\u0644\u0645\u064f\u0642\u062f\u0651\u0631":"4 \u062f\u0642\u0627\u0626\u0642"},"schema":{"@context":"https:\/\/schema.org","@graph":[{"@type":"WebPage","@id":"https:\/\/fertix.es\/productos\/bioestimulantes\/","url":"https:\/\/fertix.es\/productos\/bioestimulantes\/","name":"Bioestimulantes - Fertix Nutrici\u00f3n Vegetal S.L.","isPartOf":{"@id":"https:\/\/fertix.es\/#website"},"datePublished":"2015-05-13T16:16:42+00:00","dateModified":"2021-10-06T11:41:45+00:00","breadcrumb":{"@id":"https:\/\/fertix.es\/productos\/bioestimulantes\/#breadcrumb"},"inLanguage":"ar","potentialAction":[{"@type":"ReadAction","target":["https:\/\/fertix.es\/productos\/bioestimulantes\/"]}]},{"@type":"BreadcrumbList","@id":"https:\/\/fertix.es\/productos\/bioestimulantes\/#breadcrumb","itemListElement":[{"@type":"ListItem","position":1,"name":"Portada","item":"https:\/\/fertix.es\/"},{"@type":"ListItem","position":2,"name":"Productos","item":"https:\/\/fertix.es\/productos\/"},{"@type":"ListItem","position":3,"name":"Bioestimulantes"}]},{"@type":"WebSite","@id":"https:\/\/fertix.es\/#website","url":"https:\/\/fertix.es\/","name":"\u0634\u0631\u0643\u0629 \u0641\u064a\u0631\u062a\u0643\u0633 \u0646\u064a\u0648\u062a\u0631\u064a\u0633\u064a\u0648\u0646 \u0641\u064a\u062c\u064a\u062a\u0627\u0644 \u0634.\u0645.\u0644.","description":"\u0641\u0631\u062a\u064a\u0643\u0633\u060c \u0623\u0633\u0645\u062f\u0629 \u0648\u0645\u062e\u0635\u0628\u0627\u062a \u0648\u0645\u062e\u0635\u0628\u0627\u062a \u0644\u0645\u0632\u0627\u0631\u0639 \u0627\u0644\u0641\u0627\u0643\u0647\u0629 \u0648\u0627\u0644\u062e\u0636\u0631\u0648\u0627\u062a.","potentialAction":[{"@type":"SearchAction","target":{"@type":"EntryPoint","urlTemplate":"https:\/\/fertix.es\/?s={search_term_string}"},"query-input":{"@type":"PropertyValueSpecification","valueRequired":true,"valueName":"search_term_string"}}],"inLanguage":"ar"}]}},"_links":{"self":[{"href":"https:\/\/fertix.es\/ar\/wp-json\/wp\/v2\/pages\/42","targetHints":{"allow":["GET"]}}],"collection":[{"href":"https:\/\/fertix.es\/ar\/wp-json\/wp\/v2\/pages"}],"about":[{"href":"https:\/\/fertix.es\/ar\/wp-json\/wp\/v2\/types\/page"}],"author":[{"embeddable":true,"href":"https:\/\/fertix.es\/ar\/wp-json\/wp\/v2\/users\/2"}],"replies":[{"embeddable":true,"href":"https:\/\/fertix.es\/ar\/wp-json\/wp\/v2\/comments?post=42"}],"version-history":[{"count":3,"href":"https:\/\/fertix.es\/ar\/wp-json\/wp\/v2\/pages\/42\/revisions"}],"predecessor-version":[{"id":3975,"href":"https:\/\/fertix.es\/ar\/wp-json\/wp\/v2\/pages\/42\/revisions\/3975"}],"up":[{"embeddable":true,"href":"https:\/\/fertix.es\/ar\/wp-json\/wp\/v2\/pages\/30"}],"wp:attachment":[{"href":"https:\/\/fertix.es\/ar\/wp-json\/wp\/v2\/media?parent=42"}],"curies":[{"name":"\u062f\u0628\u0644\u064a\u0648 \u0628\u064a","href":"https:\/\/api.w.org\/{rel}","templated":true}]}}