{"id":45,"date":"2015-05-13T16:18:14","date_gmt":"2015-05-13T16:18:14","guid":{"rendered":"https:\/\/fertix.es\/?page_id=45"},"modified":"2021-10-06T13:12:48","modified_gmt":"2021-10-06T11:12:48","slug":"abonos-foliares","status":"publish","type":"page","link":"https:\/\/fertix.es\/ar\/productos\/abonos-foliares\/","title":{"rendered":"\u0627\u0644\u0623\u0633\u0645\u062f\u0629"},"content":{"rendered":"<p>[et_pbb_b_secsection fb_built=\"1\u2033 _builder_version=\"4.11.1\u2033 \u062e\u0644\u0641\u064a\u0629_\u0635\u0648\u0631\u0629=\"https:\/\/fertix.es\/wp-content\/uploads\/2021\/10\/img-cabecera-abonos-scaled.jpg\" parallax=\"on\" global_colors_info=\"{}\"][et_pb_bb_column type=\"4.11.0\u2033 _module_preset=\"\u0627\u0641\u062a\u0631\u0627\u0636\u064a\" global_colors_info=\"{}\"][et_pbb_column type=\"4_4\u2033 _builder_version=\"4.11.0\u2033 _module_preset=\"\u0627\u0641\u062a\u0631\u0627\u0636\u064a\" global_colors_info=\"{}\"][et_pbb_text _builder_version=\"4.11.1\u2033 _module_preset=\"\u0627\u0641\u062a\u0631\u0627\u0636\u064a\" global_colors_info=\"{}\"]<\/p>\n<h1 style=\"text-align: center; font-size: 50px; color: white;\">\u0627\u0644\u0623\u0633\u0645\u062f\u0629<\/h1>\n<h3 style=\"text-align: center; text-decoration: none; color: white;\">\u0627\u0644\u0623\u0633\u0645\u062f\u0629 \u0627\u0644\u0648\u0631\u0642\u064a\u0629 \u0623\u0648 \u0627\u0644\u062c\u0630\u0631\u064a\u0629 \u0639\u0644\u0649 \u0623\u0633\u0627\u0633<br \/>\nNPK.<\/h3>\n<p>[\/et_pb_text][\/et_pb_column][\/et_pb_row][\/et_pb_section][et_pb_section fb_built=\"1\u2033 _builder_version=\"4.11.0\u2033 _module_preset=\"default\" global_colors_info=\"{}\"][et_pb_row _builder_version=\"4.11.0\u2033 _module_preset=\"\u0627\u0641\u062a\u0631\u0627\u0636\u064a\" \u0639\u0631\u0636=\"980px\" max_width=\"80%\" global_colors_info=\"{}\"][et_pb_bb_column type=\"4_4\u2033 _builder_version=\"4.10.8\u2033_module_preset=\"\u0627\u0641\u062a\u0631\u0627\u0636\u064a\" global_colors_info=\"{}\"][et_pb_b_text _builder_version=\"4.11.1\u2033 _module_preset=\"\u0627\u0641\u062a\u0631\u0627\u0636\u064a\" global_colors_info=\"{}\"]<\/p>\n<h2>\u0627\u0644\u0623\u0633\u0645\u062f\u0629<\/h2>\n<p>\u0633\u062a\u062c\u062f \u0641\u064a \u0647\u0630\u0627 \u0627\u0644\u062a\u0635\u0646\u064a\u0641 \u0627\u0644\u0645\u0646\u062a\u062c\u0627\u062a \u0627\u0644\u0645\u0635\u0645\u0645\u0629 \u0644\u0644\u0627\u0633\u062a\u062e\u062f\u0627\u0645 \u0639\u0646 \u0637\u0631\u064a\u0642 \u0627\u0644\u062a\u0637\u0628\u064a\u0642 \u0627\u0644\u0648\u0631\u0642\u064a \u0623\u0648 \u0627\u0644\u062c\u0630\u0631\u064a \u0639\u0644\u0649 \u0623\u0633\u0627\u0633 NPK. \u0635\u064f\u0645\u0645\u062a \u0647\u0630\u0647 \u0627\u0644\u0645\u0646\u062a\u062c\u0627\u062a \u0644\u062a\u0648\u0641\u064a\u0631 \u0627\u0644\u0639\u0646\u0627\u0635\u0631 \u0627\u0644\u0643\u0644\u064a\u0629 \u0648\u0627\u0644\u0635\u063a\u0631\u0649 \u0641\u064a \u0623\u0648\u0642\u0627\u062a \u0645\u062d\u062f\u062f\u0629 \u0645\u0646 \u0627\u0644\u0627\u0633\u062a\u0647\u0644\u0627\u0643 \u0627\u0644\u0623\u0639\u0644\u0649 \u0648\u0644\u0645\u0633\u0627\u0639\u062f\u0629 \u0627\u0644\u0646\u0628\u0627\u062a \u0641\u064a \u062a\u0644\u0643 \u0627\u0644\u0623\u0648\u0642\u0627\u062a \u0627\u0644\u062a\u064a \u0642\u062f \u0644\u0627 \u062a\u0643\u0648\u0646 \u0641\u064a\u0647\u0627 \u0627\u0644\u062a\u063a\u0630\u064a\u0629 \u0627\u0644\u0645\u0639\u062f\u0646\u064a\u0629 \u0627\u0644\u062a\u0642\u0644\u064a\u062f\u064a\u0629 \u0643\u0627\u0641\u064a\u0629. \u0635\u064f\u0645\u0645\u062a \u0647\u0630\u0647 \u0627\u0644\u0645\u0646\u062a\u062c\u0627\u062a \u0628\u0645\u0639\u0627\u064a\u064a\u0631 \u062a\u0642\u0646\u064a\u0629 \u0645\u0646\u0627\u0633\u0628\u0629 \u0644\u064a\u062a\u0645 \u062a\u0637\u0628\u064a\u0642\u0647\u0627 \u0639\u0644\u0649 \u0623\u064a \u0645\u062d\u0635\u0648\u0644 \u0641\u064a \u0623\u064a \u0645\u0631\u062d\u0644\u0629 \u0645\u0646 \u0627\u0644\u0645\u0631\u0627\u062d\u0644 \u0627\u0644\u0641\u064a\u0646\u0648\u0644\u0648\u062c\u064a\u0629\u060c \u0628\u062f\u0621\u064b\u0627 \u0645\u0646 \u0645\u0631\u062d\u0644\u0629 \u0627\u0644\u0634\u062a\u0644\u0627\u062a \u0648\u062d\u062a\u0649 \u0646\u0636\u062c \u0627\u0644\u062b\u0645\u0627\u0631.[\/et_pb_text][\/et_pb_column][\/et_pb_row][et_pb_row column_structure=\"1_3,1_3,1_3\u2033 _builder_version=\"4.11.0\u2033 _module_preset=\"default\" custom_padding=\"5px|||||\" global_colors_info=\"{}\"][et_pb_column type=\"1_3\u2033 _builder_version=\"4.11.0\u2033 _module_preset=\"\u0627\u0641\u062a\u0631\u0627\u0636\u064a\" global_colors_info=\"{}\"][et_pb_blurb url=\"\/products\/follower-subscriptions\/drefens-nitro\/\" url_new_window=\"on\" image=\"https:\/\/fertix.en\/wp\/wp-content\/uploads\/2021\/10\/fertix-drefens-nitro-min.jpg\" _builder_version=\"4.11.1\u2033 _module_preset=\"\u0627\u0641\u062a\u0631\u0627\u0636\u064a\" text_orientation=\"center\" global_module=\"3373\u2033 \u0645\u062d\u0641\u0648\u0638_tabs=\"all\" global_colors_info=\"{}\"]]<\/p>\n<h4>\u062f\u0631\u064a\u0641\u064a\u0646\u0632 \u0646\u064a\u062a\u0631\u0648<\/h4>\n<p><span class=\"tag-producto abonos\"><a href=\"\/ar\/productos\/abonos-foliares\/\" style=\"color: var(--azul-abonos-fertix);\">\u0627\u0644\u0623\u0633\u0645\u062f\u0629<\/a><\/span><\/p>\n<p class=\"p1\">\u0627\u0644\u064a\u0648\u0631\u064a\u0627 \u0627\u0644\u0648\u0631\u0642\u064a\u0629 \u0627\u0644\u0633\u0627\u0626\u0644\u0629 \u0627\u0644\u0645\u062e\u0635\u0628\u0629 \u0628\u0627\u0644\u0639\u0646\u0627\u0635\u0631 \u0627\u0644\u062f\u0642\u064a\u0642\u0629.<\/p>\n<p>[\/et_pbb_blurb][\/et_pbb_blurb_column][et_pbb_column type=\"1_3\u2033 _builder_version=\"4.11.0\u2033 _module_preset=\"\u0627\u0641\u062a\u0631\u0627\u0636\u064a\" global_colors_info=\"{}\"][et_pbb_blurb url=\"\/products\/fertix-drefens-phoska\/\" url_new_window=\"on\" image=\"https:\/\/fertix.en\/wp\/wp-content\/uploads\/2021\/10\/fertix-drefens-phoska-min.jpg\" _builder_version=\"4.11.1\u2033 _module_preset=\"\u0627\u0641\u062a\u0631\u0627\u0636\u064a\" text_orientation=\"center\" global_module=\"3348\u2033 \u0645\u062d\u0641\u0648\u0638_tabs=\"all\" global_colors_info=\"{}\"]]<\/p>\n<h4 class=\"titulo-producto\">\u062f\u0631\u064a\u0641\u0646\u0633 \u0641\u0648\u0633\u0643\u0627<\/h4>\n<p><span class=\"tag-producto abonos\"><a href=\"\/ar\/productos\/abonos-foliares\/\" style=\"color: var(--azul-abonos-fertix);\">\u0627\u0644\u0623\u0633\u0645\u062f\u0629<\/a><\/span><\/p>\n<p class=\"\">\u0633\u0645\u0627\u062f \u0641\u0648\u0633\u0641\u0648\u0628\u0648\u062a\u0627\u0633\u064a\u0648\u0645 \u063a\u0646\u064a \u0628\u0627\u0644\u0639\u0646\u0627\u0635\u0631 \u0627\u0644\u062f\u0642\u064a\u0642\u0629.<\/p>\n<p>[\/et_pbb_blurb][\/et_pbb_blurb_column][et_pbb_column type=\"1_3\u2033 _builder_version=\"4.11.0\u2033 _module_preset=\"\u0627\u0641\u062a\u0631\u0627\u0636\u064a\" global_colors_info=\"{}\"][et_pbb_blurb url=\"\/products\/fertix-bonds\/perla\/\" url_new_window=\"on\" image=\"https:\/\/fertix.en\/wp\/wp-content\/uploads\/2021\/10\/fertix-drefens-perla-perla-min.jpg\" _builder_version=\"4.11.1\u2033 _module_preset=\"\u0627\u0641\u062a\u0631\u0627\u0636\u064a\" text_orientation=\"center\" global_module=\"3349\u2033 \u0645\u062d\u0641\u0648\u0638_tabs=\"all\" global_colors_info=\"{}\"]]<\/p>\n<h4 class=\"titulo-producto\">\u062f\u0631\u064a\u0641\u0646\u0633 \u0628\u064a\u0631\u0644<\/h4>\n<p><span class=\"tag-producto abonos\"><a href=\"\/ar\/productos\/abonos-foliares\/\" style=\"color: var(--azul-abonos-fertix);\">\u0627\u0644\u0623\u0633\u0645\u062f\u0629<\/a><\/span><\/p>\n<p class=\"p1\">\u0645\u0639\u0644\u0642 NPK 8-8-6 \u0627\u0644\u0645\u062e\u0635\u0628 \u0628\u0627\u0644\u0639\u0646\u0627\u0635\u0631 \u0627\u0644\u062f\u0642\u064a\u0642\u0629.<\/p>\n<p>[\/et_pb_blurb][\/et_pb_column][\/et_pb_row][et_pb_row column_structure=\"1_3,1_3,1_3\u2033 _builder_version=\"4.11.0\u2033 _module_preset=\"default\" custom_padding=\"5px|||||\" global_colors_info=\"{}\"][et_pb_column type=\"1_3\u2033 _builder_version=\"4.11.0\u2033 _module_preset=\"\u0627\u0641\u062a\u0631\u0627\u0636\u064a\" global_colors_info=\"{}\"][et_pb_blurb url=\"\/products\/fertilizer-fertilizer-foliars\/fertikalium\/\" image=\"https:\/\/fertix.en\/wp\/wp-content\/uploads\/2021\/10\/fertix-fertikalium-min.jpg\" _builder_version=\"4.11.1\u2033 _module_preset=\"\u0627\u0641\u062a\u0631\u0627\u0636\u064a\" text_orientation=\"center\" hover_enabled=\"0\" global_module=\"3353\u2033 \u0645\u062d\u0641\u0648\u0638_tabs=\"all\" global_colors_info=\"{}\" url_new_window=\"on\" sticky_enabled=\"0\"]]<\/p>\n<h4>\u0641\u064a\u0631\u062a\u064a\u0643\u0627\u0644\u064a\u0648\u0645<\/h4>\n<p><span class=\"tag-producto abonos\"><a href=\"\/ar\/productos\/abonos-foliares\/\" style=\"color: var(--azul-abonos-fertix);\">\u0627\u0644\u0623\u0633\u0645\u062f\u0629<\/a><\/span><\/p>\n<p class=\"p1\">\u0645\u062d\u0644\u0648\u0644 \u0627\u0644\u0623\u0633\u0645\u062f\u0629 NK 3-32<\/p>\n<p>[\/et_pb_blurb][\/et_pb_column][et_pb_column type=\"1_3\u2033 _builder_version=\"4.11.0\u2033 _module_preset=\"default\" global_colors_info=\"{}\"][\/et_pb_column][\/et_pb_column][et_pb_column type=\"1_3\u2033 _builder_version=\"4.11.0\u2033 _module_preset=\"default\" global_colors_info=\"{}\"][\/et_pb_column][\/et_pb_row][et_pb_row module_class=\"cta-code\" _builder_version=\"4.11.1\u2033 _module_preset=\"\u0627\u0641\u062a\u0631\u0627\u0636\u064a\" \u0639\u0631\u0636=\"100vw\" max_width=\"100vw\" module_alignment=\"center\" module_alignment_last_edited=\"on||desktop\" custom_css_main_element=\"overflow-x:x:hidden;||||\u0627\u0644\u0639\u0631\u0636: 99vw !\u0645\u0647\u0645;|||||\u0639\u0631\u0636 \u0623\u0642\u0635\u0649 \u0639\u0631\u0636: 100vw;\" global_module=\"3161\u2033 \u0645\u062d\u0641\u0648\u0638\u0629_tabs=\"all\" global_colors_info=\"{}\"][et_pbb_column type=\"4_4\u2033 _builder_version=\"4.10.8\u2033 _module_preset=\"\u0627\u0641\u062a\u0631\u0627\u0636\u064a\" global_colors_info=\"{}\"][et_pb_column _builder_version=\"4.11.1\u2033 _module_preset=\"\u0627\u0641\u062a\u0631\u0627\u0636\u064a\" global_colors_info=\"{}\"]<\/p>\n<div class=\"cta_main\"><!-- [et_pb_line_break_holder] -->  <\/p>\n<div class=\"cta_main-img\"><!-- [et_pb_line_break_holder] -->    <img decoding=\"async\" src=\"https:\/\/fertix.es\/wp-content\/uploads\/2021\/09\/fertix-solicitar-catalogos-1.png\" style=\"width:450px; height:auto\"\/><!-- [et_pb_line_break_holder] -->    <!-- [et_pb_line_break_holder] -->  <\/div>\n<p><!-- [et_pb_line_break_holder] -->  <\/p>\n<div class=\"cta_main-text\"><!-- [et_pb_line_break_holder] -->    <!-- [et_pb_line_break_holder] --><!-- [et_pb_line_break_holder] -->  <\/p>\n<div><!-- [et_pb_line_break_holder] -->    <\/p>\n<h3 class=\"cta_main-text\" style=\"text-transform:none; line-height: 1.3em;\"><!-- [et_pb_line_break_holder] -->      \u0643\u062a\u0627\u0644\u0648\u062c\u0627\u062a \u0641\u064a\u0631\u062a\u064a\u0643\u0633 2021 \u0644\u0644\u0623\u0633\u0645\u062f\u0629 \u0648\u0627\u0644\u0645\u062e\u0635\u0628\u0627\u062a.<!-- [et_pb_line_break_holder] -->    <\/h3>\n<p><!-- [et_pb_line_break_holder] -->    <pee style=\"line-height: 1.5em;\"><!-- [et_pb_line_break_holder] -->      \u0627\u0633\u062a\u0634\u0631 \u062c\u0645\u064a\u0639 \u0645\u062c\u0645\u0648\u0639\u0627\u062a \u0645\u0646\u062a\u062c\u0627\u062a\u0646\u0627 \u0645\u0646 \u062e\u0644\u0627\u0644 \u0637\u0644\u0628 \u0643\u062a\u0627\u0644\u0648\u062c\u0627\u062a\u0646\u0627.<!-- [et_pb_line_break_holder] -->    <\/pee><!-- [et_pb_line_break_holder] -->  <!\u2013- [et_pb_br_holder] -\u2013><!-- [et_pb_line_break_holder] -->    <!\u2013- [et_pb_br_holder] -\u2013><!-- [et_pb_line_break_holder] -->  <\/div>\n<p><!-- [et_pb_line_break_holder] -->    <!-- [et_pb_line_break_holder] -->    <\/p>\n<div class=\"et_pb_button_module_wrapper et_pb_button_0_wrapper  et_pb_module\"><!-- [et_pb_line_break_holder] -->\t\t\t\t<a class=\"et_pb_button et_pb_button_0 et_pb_bg_layout_dark\" href=\"\/ar\/catalogo\/\">\u0643\u062a\u0627\u0644\u0648\u062c\u0627\u062a \u0627\u0644\u0637\u0644\u0628\u0627\u062a<\/a><!-- [et_pb_line_break_holder] -->\t\t\t<\/div>\n<p><!-- [et_pb_line_break_holder] --><!-- [et_pb_line_break_holder] --><\/div>\n<p><!-- [et_pb_line_break_holder] --><\/div>\n<p>[\/et_pbb_code][\/et_pbb_column][\/et_pbb_column][\/et_pbb_column][\/et_pbb_column][\/et_pb_column][\/et_pb_section].<\/p>","protected":false},"excerpt":{"rendered":"<p>\u0627\u0644\u0623\u0633\u0645\u062f\u0629 \u0627\u0644\u0623\u0633\u0645\u062f\u0629 \u0627\u0644\u0648\u0631\u0642\u064a\u0629 \u0623\u0648 \u0627\u0644\u062c\u0630\u0631\u064a\u0629 \u0639\u0644\u0649 \u0623\u0633\u0627\u0633 NPK.\u0627\u0644\u0623\u0633\u0645\u062f\u0629 \u0641\u064a \u0647\u0630\u0627 \u0627\u0644\u062a\u0635\u0646\u064a\u0641 \u0633\u062a\u062c\u062f \u0627\u0644\u0645\u0646\u062a\u062c\u0627\u062a \u0627\u0644\u0645\u062e\u0635\u0635\u0629 \u0644\u0644\u0627\u0633\u062a\u062e\u062f\u0627\u0645 \u0627\u0644\u0648\u0631\u0642\u064a \u0623\u0648 \u0627\u0644\u062c\u0630\u0631\u064a \u0639\u0644\u0649 \u0623\u0633\u0627\u0633 NPK. \u0647\u0630\u0647 \u0627\u0644\u0645\u0646\u062a\u062c\u0627\u062a \u0645\u0635\u0645\u0645\u0629 \u0644\u062a\u0632\u0648\u064a\u062f \u0627\u0644\u0646\u0628\u0627\u062a \u0628\u0627\u0644\u0639\u0646\u0627\u0635\u0631 \u0627\u0644\u0643\u0644\u064a\u0629 \u0648\u0627\u0644\u062c\u0632\u0626\u064a\u0629 \u0641\u064a \u0644\u062d\u0638\u0627\u062a \u0645\u062d\u062f\u062f\u0629 \u0645\u0646 \u0627\u0644\u0627\u0633\u062a\u0647\u0644\u0627\u0643 \u0627\u0644\u0623\u0639\u0644\u0649 \u0648\u0645\u0633\u0627\u0639\u062f\u0629 \u0627\u0644\u0646\u0628\u0627\u062a \u0641\u064a \u0647\u0630\u0647 \u0627\u0644\u0644\u062d\u0638\u0627\u062a\u060c \u0645\u0646 \u0623\u062c\u0644 \u0632\u064a\u0627\u062f\u0629 \u0627\u0644\u0646\u0628\u0627\u062a [...].<\/p>","protected":false},"author":2,"featured_media":0,"parent":30,"menu_order":0,"comment_status":"closed","ping_status":"closed","template":"","meta":{"_et_pb_use_builder":"on","_et_pb_old_content":"<!--:es-->[tx_row]\n\n[tx_column size=\"1\/2\"]\n<h1><span style=\"color: #008080;\"><strong><img class=\"alignleft size-full wp-image-925\" src=\"https:\/\/fertix.es\/wp-content\/uploads\/2015\/05\/Abonosdef.jpg\" alt=\"Abonosdef\" width=\"500\" height=\"71\"><\/strong><\/span><\/h1>\n<a href=\"https:\/\/fertix.es\/productos\/abonos-foliares\/drefens-nitro\/\"><img class=\"alignright wp-image-1913 size-full\" src=\"https:\/\/fertix.es\/wp-content\/uploads\/2015\/05\/drefensnitror300.jpg\" alt=\"\" width=\"350\" height=\"30\"><\/a>\n<h1><a href=\"https:\/\/fertix.es\/productos\/abonos-foliares\/drefens-phoska\/\"><img class=\" wp-image-2048 size-full alignright\" src=\"https:\/\/fertix.es\/wp-content\/uploads\/2015\/05\/drefensphoskar300.jpg\" alt=\"\" width=\"350\" height=\"30\"><\/a>\n<a href=\"https:\/\/fertix.es\/productos\/abonos-foliares\/perla\/\"><img class=\"alignright wp-image-1017 size-full\" src=\"https:\/\/fertix.es\/wp-content\/uploads\/2015\/05\/perla300.jpg\" alt=\"perla300\" width=\"350\" height=\"30\"><\/a><\/h1>\n<h3><span style=\"color: #008080;\"><strong>\n<\/strong><\/span><span style=\"color: #008080;\"><strong><a href=\"https:\/\/fertix.es\/productos\/abonos-foliares\/fertikalium\/\"><img class=\"alignright wp-image-2053 size-full\" src=\"https:\/\/fertix.es\/wp-content\/uploads\/2015\/05\/fertikalium2_350.jpg\" alt=\"\" width=\"350\" height=\"30\"><\/a>\n<\/strong><\/span><\/h3>\n<h3><span style=\"color: #008080;\"><strong>&nbsp;<\/strong><\/span><\/h3>\n<h3>[\/tx_column]\n[tx_column size=\"1\/2\"]<\/h3>\n<!--:--><!--:en-->[tx_row]\n\n[tx_column size=\"1\/2\"]\n<h1><span style=\"color: #008080;\"><strong><a href=\"https:\/\/fertix.es\/wp-content\/uploads\/2015\/05\/enfertiTITULOPLANTILLA.jpg\"><img class=\"alignleft wp-image-1674 size-full\" src=\"https:\/\/fertix.es\/wp-content\/uploads\/2015\/05\/enfertiTITULOPLANTILLA.jpg\" alt=\"\" width=\"500\" height=\"71\"><\/a><\/strong><\/span><\/h1>\n<a href=\"https:\/\/fertix.es\/productos\/abonos-foliares\/drefens-nitro\/?lang=en\"><img class=\"alignright wp-image-1913 size-full\" src=\"https:\/\/fertix.es\/wp-content\/uploads\/2015\/05\/drefensnitror300.jpg\" alt=\"\" width=\"350\" height=\"30\"><\/a>\n<h1><a href=\"https:\/\/fertix.es\/productos\/abonos-foliares\/drefens-phoska\/?lang=en\"><img class=\"alignright wp-image-2048 size-full\" src=\"https:\/\/fertix.es\/wp-content\/uploads\/2015\/05\/drefensphoskar300.jpg\" alt=\"\" width=\"350\" height=\"30\"><\/a>\n<a href=\"https:\/\/fertix.es\/productos\/abonos-foliares\/perla\/?lang=en\"><img class=\"alignright wp-image-1017 size-full\" src=\"https:\/\/fertix.es\/wp-content\/uploads\/2015\/05\/perla300.jpg\" alt=\"perla300\" width=\"350\" height=\"30\"><\/a><\/h1>\n<h3><span style=\"color: #008080;\"><strong>\n<\/strong><\/span><span style=\"color: #008080;\"><strong><a href=\"https:\/\/fertix.es\/productos\/abonos-foliares\/fertikalium\/?lang=en\"><img class=\"alignright wp-image-2053 size-full\" src=\"https:\/\/fertix.es\/wp-content\/uploads\/2015\/05\/fertikalium2_350.jpg\" alt=\"\" width=\"350\" height=\"30\"><\/a>\n<\/strong><\/span><\/h3>\n<h3><span style=\"color: #008080;\"><strong>&nbsp;<\/strong><\/span><\/h3>\n<h3>[\/tx_column]<\/h3>\n<h5><\/h5>\n<h3><\/h3>\n<!--:-->","_et_gb_content_width":"","footnotes":""},"class_list":["post-45","page","type-page","status-publish","hentry"],"yoast_head":"<!-- This site is optimized with the Yoast SEO plugin v26.9 - https:\/\/yoast.com\/product\/yoast-seo-wordpress\/ -->\n<title>Abonos - Fertix Nutrici\u00f3n Vegetal S.L.<\/title>\n<meta name=\"robots\" content=\"index, follow, max-snippet:-1, max-image-preview:large, max-video-preview:-1\" \/>\n<link rel=\"canonical\" href=\"https:\/\/fertix.es\/ar\/productos\/abonos-foliares\/\" \/>\n<meta property=\"og:locale\" content=\"ar_AR\" \/>\n<meta property=\"og:type\" content=\"article\" \/>\n<meta property=\"og:title\" content=\"Abonos - Fertix Nutrici\u00f3n Vegetal S.L.\" \/>\n<meta property=\"og:description\" content=\"Abonos Abonos por v\u00eda foliar o radicular a base de NPK.Abonos En esta clasificaci\u00f3n encontrar\u00e1 los productos destinados a ser aplicados por v\u00eda foliar o radicular a base de NPK. Productos pensados para realizar un aporte de macroelementos y microelementos en momentos puntuales de mayor consumo y ayudar a la planta en dichos momentos, en [&hellip;]\" \/>\n<meta property=\"og:url\" content=\"https:\/\/fertix.es\/ar\/productos\/abonos-foliares\/\" \/>\n<meta property=\"og:site_name\" content=\"Fertix Nutrici\u00f3n Vegetal S.L.\" \/>\n<meta property=\"article:modified_time\" content=\"2021-10-06T11:12:48+00:00\" \/>\n<meta name=\"twitter:card\" content=\"summary_large_image\" \/>\n<meta name=\"twitter:label1\" content=\"\u0648\u0642\u062a \u0627\u0644\u0642\u0631\u0627\u0621\u0629 \u0627\u0644\u0645\u064f\u0642\u062f\u0651\u0631\" \/>\n\t<meta name=\"twitter:data1\" content=\"3 \u062f\u0642\u0627\u0626\u0642\" \/>\n<script type=\"application\/ld+json\" class=\"yoast-schema-graph\">{\"@context\":\"https:\/\/schema.org\",\"@graph\":[{\"@type\":\"WebPage\",\"@id\":\"https:\/\/fertix.es\/productos\/abonos-foliares\/\",\"url\":\"https:\/\/fertix.es\/productos\/abonos-foliares\/\",\"name\":\"Abonos - Fertix Nutrici\u00f3n Vegetal S.L.\",\"isPartOf\":{\"@id\":\"https:\/\/fertix.es\/#website\"},\"datePublished\":\"2015-05-13T16:18:14+00:00\",\"dateModified\":\"2021-10-06T11:12:48+00:00\",\"breadcrumb\":{\"@id\":\"https:\/\/fertix.es\/productos\/abonos-foliares\/#breadcrumb\"},\"inLanguage\":\"ar\",\"potentialAction\":[{\"@type\":\"ReadAction\",\"target\":[\"https:\/\/fertix.es\/productos\/abonos-foliares\/\"]}]},{\"@type\":\"BreadcrumbList\",\"@id\":\"https:\/\/fertix.es\/productos\/abonos-foliares\/#breadcrumb\",\"itemListElement\":[{\"@type\":\"ListItem\",\"position\":1,\"name\":\"Portada\",\"item\":\"https:\/\/fertix.es\/\"},{\"@type\":\"ListItem\",\"position\":2,\"name\":\"Productos\",\"item\":\"https:\/\/fertix.es\/productos\/\"},{\"@type\":\"ListItem\",\"position\":3,\"name\":\"Abonos\"}]},{\"@type\":\"WebSite\",\"@id\":\"https:\/\/fertix.es\/#website\",\"url\":\"https:\/\/fertix.es\/\",\"name\":\"Fertix Nutrici\u00f3n Vegetal S.L.\",\"description\":\"Fertix, abonos y fertilizantes para plantaciones hortofrut\u00edcolas.\",\"potentialAction\":[{\"@type\":\"SearchAction\",\"target\":{\"@type\":\"EntryPoint\",\"urlTemplate\":\"https:\/\/fertix.es\/?s={search_term_string}\"},\"query-input\":{\"@type\":\"PropertyValueSpecification\",\"valueRequired\":true,\"valueName\":\"search_term_string\"}}],\"inLanguage\":\"ar\"}]}<\/script>\n<!-- \/ Yoast SEO plugin. -->","yoast_head_json":{"title":"Abonos - Fertix Nutrici\u00f3n Vegetal S.L.","robots":{"index":"index","follow":"follow","max-snippet":"max-snippet:-1","max-image-preview":"max-image-preview:large","max-video-preview":"max-video-preview:-1"},"canonical":"https:\/\/fertix.es\/ar\/productos\/abonos-foliares\/","og_locale":"ar_AR","og_type":"article","og_title":"Abonos - Fertix Nutrici\u00f3n Vegetal S.L.","og_description":"Abonos Abonos por v\u00eda foliar o radicular a base de NPK.Abonos En esta clasificaci\u00f3n encontrar\u00e1 los productos destinados a ser aplicados por v\u00eda foliar o radicular a base de NPK. Productos pensados para realizar un aporte de macroelementos y microelementos en momentos puntuales de mayor consumo y ayudar a la planta en dichos momentos, en [&hellip;]","og_url":"https:\/\/fertix.es\/ar\/productos\/abonos-foliares\/","og_site_name":"Fertix Nutrici\u00f3n Vegetal S.L.","article_modified_time":"2021-10-06T11:12:48+00:00","twitter_card":"summary_large_image","twitter_misc":{"\u0648\u0642\u062a \u0627\u0644\u0642\u0631\u0627\u0621\u0629 \u0627\u0644\u0645\u064f\u0642\u062f\u0651\u0631":"3 \u062f\u0642\u0627\u0626\u0642"},"schema":{"@context":"https:\/\/schema.org","@graph":[{"@type":"WebPage","@id":"https:\/\/fertix.es\/productos\/abonos-foliares\/","url":"https:\/\/fertix.es\/productos\/abonos-foliares\/","name":"Abonos - Fertix Nutrici\u00f3n Vegetal S.L.","isPartOf":{"@id":"https:\/\/fertix.es\/#website"},"datePublished":"2015-05-13T16:18:14+00:00","dateModified":"2021-10-06T11:12:48+00:00","breadcrumb":{"@id":"https:\/\/fertix.es\/productos\/abonos-foliares\/#breadcrumb"},"inLanguage":"ar","potentialAction":[{"@type":"ReadAction","target":["https:\/\/fertix.es\/productos\/abonos-foliares\/"]}]},{"@type":"BreadcrumbList","@id":"https:\/\/fertix.es\/productos\/abonos-foliares\/#breadcrumb","itemListElement":[{"@type":"ListItem","position":1,"name":"Portada","item":"https:\/\/fertix.es\/"},{"@type":"ListItem","position":2,"name":"Productos","item":"https:\/\/fertix.es\/productos\/"},{"@type":"ListItem","position":3,"name":"Abonos"}]},{"@type":"WebSite","@id":"https:\/\/fertix.es\/#website","url":"https:\/\/fertix.es\/","name":"\u0634\u0631\u0643\u0629 \u0641\u064a\u0631\u062a\u0643\u0633 \u0646\u064a\u0648\u062a\u0631\u064a\u0633\u064a\u0648\u0646 \u0641\u064a\u062c\u064a\u062a\u0627\u0644 \u0634.\u0645.\u0644.","description":"\u0641\u0631\u062a\u064a\u0643\u0633\u060c \u0623\u0633\u0645\u062f\u0629 \u0648\u0645\u062e\u0635\u0628\u0627\u062a \u0648\u0645\u062e\u0635\u0628\u0627\u062a \u0644\u0645\u0632\u0627\u0631\u0639 \u0627\u0644\u0641\u0627\u0643\u0647\u0629 \u0648\u0627\u0644\u062e\u0636\u0631\u0648\u0627\u062a.","potentialAction":[{"@type":"SearchAction","target":{"@type":"EntryPoint","urlTemplate":"https:\/\/fertix.es\/?s={search_term_string}"},"query-input":{"@type":"PropertyValueSpecification","valueRequired":true,"valueName":"search_term_string"}}],"inLanguage":"ar"}]}},"_links":{"self":[{"href":"https:\/\/fertix.es\/ar\/wp-json\/wp\/v2\/pages\/45","targetHints":{"allow":["GET"]}}],"collection":[{"href":"https:\/\/fertix.es\/ar\/wp-json\/wp\/v2\/pages"}],"about":[{"href":"https:\/\/fertix.es\/ar\/wp-json\/wp\/v2\/types\/page"}],"author":[{"embeddable":true,"href":"https:\/\/fertix.es\/ar\/wp-json\/wp\/v2\/users\/2"}],"replies":[{"embeddable":true,"href":"https:\/\/fertix.es\/ar\/wp-json\/wp\/v2\/comments?post=45"}],"version-history":[{"count":2,"href":"https:\/\/fertix.es\/ar\/wp-json\/wp\/v2\/pages\/45\/revisions"}],"predecessor-version":[{"id":3971,"href":"https:\/\/fertix.es\/ar\/wp-json\/wp\/v2\/pages\/45\/revisions\/3971"}],"up":[{"embeddable":true,"href":"https:\/\/fertix.es\/ar\/wp-json\/wp\/v2\/pages\/30"}],"wp:attachment":[{"href":"https:\/\/fertix.es\/ar\/wp-json\/wp\/v2\/media?parent=45"}],"curies":[{"name":"\u062f\u0628\u0644\u064a\u0648 \u0628\u064a","href":"https:\/\/api.w.org\/{rel}","templated":true}]}}