{"id":1450,"date":"2015-07-20T16:31:08","date_gmt":"2015-07-20T14:31:08","guid":{"rendered":"https:\/\/fertix.es\/?page_id=1450"},"modified":"2021-09-22T11:46:35","modified_gmt":"2021-09-22T09:46:35","slug":"azabache","status":"publish","type":"page","link":"https:\/\/fertix.es\/en\/productos\/enmiendas-humicas-y-desalinizantes\/azabache\/","title":{"rendered":"Jet"},"content":{"rendered":"<p><!--:es--><\/p>\n<h5 style=\"text-align: left;\"><img loading=\"lazy\" decoding=\"async\" class=\"alignnone size-full wp-image-1102\" src=\"https:\/\/fertix.es\/wp-content\/uploads\/2015\/05\/azabache600.jpg\" alt=\"azabache600\" width=\"454\" height=\"50\" \/><br \/>\n<strong><span style=\"color: #008080;\">SOLID HUMIC ACIDS<\/span><\/strong><\/h5>\n<hr \/>\n<h5 style=\"text-align: left;\">\u00a0[tx_spacer size=\"2\u2033]<\/h5>\n<p><span style=\"color: #008080;\"><strong>DESCRIPTION<img loading=\"lazy\" decoding=\"async\" class=\"size-full wp-image-1547 alignright\" src=\"https:\/\/fertix.es\/wp-content\/uploads\/2015\/07\/azabache.jpg\" alt=\"azabache\" width=\"340\" height=\"367\" \/><\/strong><\/span><\/p>\n<p style=\"text-align: justify;\"><span style=\"color: #000000;\">AZABACHE is a product based on humic and fulvic acids indicated for\u00a0<\/span><span style=\"color: #000000;\">improve the biochemical properties of the soil. Increases nutrient uptake\u00a0<\/span><span style=\"color: #000000;\">by the plant, since it improves cation exchange, activates the microflora\u00a0<\/span><span style=\"color: #000000;\">and has chelating power, so it forms complexes with the elements of the soil.\u00a0<\/span><span style=\"color: #000000;\">that exist in the soil in insoluble form and makes them available to the plant.\u00a0<\/span><\/p>\n<p style=\"text-align: justify;\"><span style=\"color: #000000;\">Stimulates rooting in young plants, bringing forward the entry into production.<\/span><\/p>\n<p style=\"text-align: justify;\"><span style=\"color: #008000;\"><strong><br \/>\n<span style=\"color: #008080;\">COMPOSITION<\/span><\/strong><\/span><\/p>\n<p><span style=\"color: #000000;\">Total humic extract 80% w\/w<\/span><br \/>\n<span style=\"color: #000000;\">\u00a0 \u00a0 \u00a0 \u00a0 \u00a0 \u00a0 \u00a0 Humic acids 65% w\/w<\/span><br \/>\n<span style=\"color: #000000;\">\u00a0 \u00a0 \u00a0 \u00a0 \u00a0 \u00a0 \u00a0 Fulvic acids 15% w\/w<\/span><br \/>\n<span style=\"color: #000000;\"> Potassium oxide (K<sub>2<\/sub>O) 12% w\/w<\/span><\/p>\n<p>[tx_divider size=\"24\u2033]<\/p>\n<p>[tx_row][tx_column size=\"1\/2\u2033]<\/p>\n<p>[table caption=\" \" width=\"500\u2033 colwidth=\"100|100|100\u2033 colalign=\"centre|center|center\" colour=\"\"]<\/p>\n<p><strong>CULTIVATION<\/strong><strong>,ROOT DOSE<\/strong><strong><br \/>\n<\/strong>Citrus,2-3 Kg\/Ha<br \/>\nFruit trees,2-3 Kg\/Ha<br \/>\nHorticultural crops,1-2 Kg\/Ha<br \/>\nOlive tree,0'5-1'5 Kg \/Ha<br \/>\nGrapevine,0'5-1'5 Kg \/Ha<br \/>\n[\/tablet]<br \/>\n[\/tx_column][tx_column size=\"1\/2\u2033]<\/p>\n<p style=\"text-align: right;\"><strong><a href=\"https:\/\/fertix.es\/en\/contacto\/\" target=\"_blank\" rel=\"noopener\">Request Safety Data Sheet<br \/>\n<\/a><\/strong><strong><a href=\"https:\/\/fertix.es\/en\/contacto\/\" target=\"_blank\" rel=\"noopener\">Request Technical Datasheet<\/a><\/strong><\/p>\n<h3 style=\"text-align: right;\"><span style=\"color: #0000ff;\">5 Kg container<\/span><\/h3>\n<p style=\"text-align: right;\">[\/tx_column][\/tx_row].<\/p>\n<p><!--:--><!--:en--><\/p>\n<p style=\"text-align: right;\">\n<p><!--:--><\/p>","protected":false},"excerpt":{"rendered":"<p>\u00c1CIDOS H\u00daMICOS S\u00d3LIDOS \u00a0[tx_spacer size=\u00bb2&#8243;] DESCRIPCI\u00d3N AZABACHE es un producto a base de \u00e1cidos h\u00famicos y f\u00falvicos indicado para\u00a0mejorar las propiedades bioqu\u00edmicas del suelo. Aumenta la absorci\u00f3n de nutrientes\u00a0por parte de la planta, ya que mejora el intercambio cati\u00f3nico, activa la microflora\u00a0del terreno y posee poder quelante, por lo que forma complejos con los elementos\u00a0que [&hellip;]<\/p>","protected":false},"author":2,"featured_media":0,"parent":183,"menu_order":0,"comment_status":"closed","ping_status":"closed","template":"","meta":{"_et_pb_use_builder":"","_et_pb_old_content":"","_et_gb_content_width":"","footnotes":""},"class_list":["post-1450","page","type-page","status-publish","hentry"],"yoast_head":"<!-- This site is optimized with the Yoast SEO plugin v26.9 - https:\/\/yoast.com\/product\/yoast-seo-wordpress\/ -->\n<title>Azabache - Fertix Nutrici\u00f3n Vegetal S.L.<\/title>\n<meta name=\"robots\" content=\"index, follow, max-snippet:-1, max-image-preview:large, max-video-preview:-1\" \/>\n<link rel=\"canonical\" href=\"https:\/\/fertix.es\/en\/productos\/enmiendas-humicas-y-desalinizantes\/azabache\/\" \/>\n<meta property=\"og:locale\" content=\"en_GB\" \/>\n<meta property=\"og:type\" content=\"article\" \/>\n<meta property=\"og:title\" content=\"Azabache - Fertix Nutrici\u00f3n Vegetal S.L.\" \/>\n<meta property=\"og:description\" content=\"\u00c1CIDOS H\u00daMICOS S\u00d3LIDOS \u00a0[tx_spacer size=\u00bb2&#8243;] DESCRIPCI\u00d3N AZABACHE es un producto a base de \u00e1cidos h\u00famicos y f\u00falvicos indicado para\u00a0mejorar las propiedades bioqu\u00edmicas del suelo. Aumenta la absorci\u00f3n de nutrientes\u00a0por parte de la planta, ya que mejora el intercambio cati\u00f3nico, activa la microflora\u00a0del terreno y posee poder quelante, por lo que forma complejos con los elementos\u00a0que [&hellip;]\" \/>\n<meta property=\"og:url\" content=\"https:\/\/fertix.es\/en\/productos\/enmiendas-humicas-y-desalinizantes\/azabache\/\" \/>\n<meta property=\"og:site_name\" content=\"Fertix Nutrici\u00f3n Vegetal S.L.\" \/>\n<meta property=\"article:modified_time\" content=\"2021-09-22T09:46:35+00:00\" \/>\n<meta name=\"twitter:card\" content=\"summary_large_image\" \/>\n<meta name=\"twitter:label1\" content=\"Estimated reading time\" \/>\n\t<meta name=\"twitter:data1\" content=\"1 minute\" \/>\n<script type=\"application\/ld+json\" class=\"yoast-schema-graph\">{\"@context\":\"https:\/\/schema.org\",\"@graph\":[{\"@type\":\"WebPage\",\"@id\":\"https:\/\/fertix.es\/productos\/enmiendas-humicas-y-desalinizantes\/azabache\/\",\"url\":\"https:\/\/fertix.es\/productos\/enmiendas-humicas-y-desalinizantes\/azabache\/\",\"name\":\"Azabache - Fertix Nutrici\u00f3n Vegetal S.L.\",\"isPartOf\":{\"@id\":\"https:\/\/fertix.es\/#website\"},\"primaryImageOfPage\":{\"@id\":\"https:\/\/fertix.es\/productos\/enmiendas-humicas-y-desalinizantes\/azabache\/#primaryimage\"},\"image\":{\"@id\":\"https:\/\/fertix.es\/productos\/enmiendas-humicas-y-desalinizantes\/azabache\/#primaryimage\"},\"thumbnailUrl\":\"https:\/\/fertix.es\/wp-content\/uploads\/2015\/05\/azabache600.jpg\",\"datePublished\":\"2015-07-20T14:31:08+00:00\",\"dateModified\":\"2021-09-22T09:46:35+00:00\",\"breadcrumb\":{\"@id\":\"https:\/\/fertix.es\/productos\/enmiendas-humicas-y-desalinizantes\/azabache\/#breadcrumb\"},\"inLanguage\":\"en-GB\",\"potentialAction\":[{\"@type\":\"ReadAction\",\"target\":[\"https:\/\/fertix.es\/productos\/enmiendas-humicas-y-desalinizantes\/azabache\/\"]}]},{\"@type\":\"ImageObject\",\"inLanguage\":\"en-GB\",\"@id\":\"https:\/\/fertix.es\/productos\/enmiendas-humicas-y-desalinizantes\/azabache\/#primaryimage\",\"url\":\"https:\/\/fertix.es\/wp-content\/uploads\/2015\/05\/azabache600.jpg\",\"contentUrl\":\"https:\/\/fertix.es\/wp-content\/uploads\/2015\/05\/azabache600.jpg\"},{\"@type\":\"BreadcrumbList\",\"@id\":\"https:\/\/fertix.es\/productos\/enmiendas-humicas-y-desalinizantes\/azabache\/#breadcrumb\",\"itemListElement\":[{\"@type\":\"ListItem\",\"position\":1,\"name\":\"Portada\",\"item\":\"https:\/\/fertix.es\/\"},{\"@type\":\"ListItem\",\"position\":2,\"name\":\"Productos\",\"item\":\"https:\/\/fertix.es\/productos\/\"},{\"@type\":\"ListItem\",\"position\":3,\"name\":\"Enmiendas Humicas y Desalinizantes\",\"item\":\"https:\/\/fertix.es\/productos\/enmiendas-humicas-y-desalinizantes\/\"},{\"@type\":\"ListItem\",\"position\":4,\"name\":\"Azabache\"}]},{\"@type\":\"WebSite\",\"@id\":\"https:\/\/fertix.es\/#website\",\"url\":\"https:\/\/fertix.es\/\",\"name\":\"Fertix Nutrici\u00f3n Vegetal S.L.\",\"description\":\"Fertix, abonos y fertilizantes para plantaciones hortofrut\u00edcolas.\",\"potentialAction\":[{\"@type\":\"SearchAction\",\"target\":{\"@type\":\"EntryPoint\",\"urlTemplate\":\"https:\/\/fertix.es\/?s={search_term_string}\"},\"query-input\":{\"@type\":\"PropertyValueSpecification\",\"valueRequired\":true,\"valueName\":\"search_term_string\"}}],\"inLanguage\":\"en-GB\"}]}<\/script>\n<!-- \/ Yoast SEO plugin. -->","yoast_head_json":{"title":"Azabache - Fertix Nutrici\u00f3n Vegetal S.L.","robots":{"index":"index","follow":"follow","max-snippet":"max-snippet:-1","max-image-preview":"max-image-preview:large","max-video-preview":"max-video-preview:-1"},"canonical":"https:\/\/fertix.es\/en\/productos\/enmiendas-humicas-y-desalinizantes\/azabache\/","og_locale":"en_GB","og_type":"article","og_title":"Azabache - Fertix Nutrici\u00f3n Vegetal S.L.","og_description":"\u00c1CIDOS H\u00daMICOS S\u00d3LIDOS \u00a0[tx_spacer size=\u00bb2&#8243;] DESCRIPCI\u00d3N AZABACHE es un producto a base de \u00e1cidos h\u00famicos y f\u00falvicos indicado para\u00a0mejorar las propiedades bioqu\u00edmicas del suelo. Aumenta la absorci\u00f3n de nutrientes\u00a0por parte de la planta, ya que mejora el intercambio cati\u00f3nico, activa la microflora\u00a0del terreno y posee poder quelante, por lo que forma complejos con los elementos\u00a0que [&hellip;]","og_url":"https:\/\/fertix.es\/en\/productos\/enmiendas-humicas-y-desalinizantes\/azabache\/","og_site_name":"Fertix Nutrici\u00f3n Vegetal S.L.","article_modified_time":"2021-09-22T09:46:35+00:00","twitter_card":"summary_large_image","twitter_misc":{"Estimated reading time":"1 minute"},"schema":{"@context":"https:\/\/schema.org","@graph":[{"@type":"WebPage","@id":"https:\/\/fertix.es\/productos\/enmiendas-humicas-y-desalinizantes\/azabache\/","url":"https:\/\/fertix.es\/productos\/enmiendas-humicas-y-desalinizantes\/azabache\/","name":"Azabache - Fertix Nutrici\u00f3n Vegetal S.L.","isPartOf":{"@id":"https:\/\/fertix.es\/#website"},"primaryImageOfPage":{"@id":"https:\/\/fertix.es\/productos\/enmiendas-humicas-y-desalinizantes\/azabache\/#primaryimage"},"image":{"@id":"https:\/\/fertix.es\/productos\/enmiendas-humicas-y-desalinizantes\/azabache\/#primaryimage"},"thumbnailUrl":"https:\/\/fertix.es\/wp-content\/uploads\/2015\/05\/azabache600.jpg","datePublished":"2015-07-20T14:31:08+00:00","dateModified":"2021-09-22T09:46:35+00:00","breadcrumb":{"@id":"https:\/\/fertix.es\/productos\/enmiendas-humicas-y-desalinizantes\/azabache\/#breadcrumb"},"inLanguage":"en-GB","potentialAction":[{"@type":"ReadAction","target":["https:\/\/fertix.es\/productos\/enmiendas-humicas-y-desalinizantes\/azabache\/"]}]},{"@type":"ImageObject","inLanguage":"en-GB","@id":"https:\/\/fertix.es\/productos\/enmiendas-humicas-y-desalinizantes\/azabache\/#primaryimage","url":"https:\/\/fertix.es\/wp-content\/uploads\/2015\/05\/azabache600.jpg","contentUrl":"https:\/\/fertix.es\/wp-content\/uploads\/2015\/05\/azabache600.jpg"},{"@type":"BreadcrumbList","@id":"https:\/\/fertix.es\/productos\/enmiendas-humicas-y-desalinizantes\/azabache\/#breadcrumb","itemListElement":[{"@type":"ListItem","position":1,"name":"Portada","item":"https:\/\/fertix.es\/"},{"@type":"ListItem","position":2,"name":"Productos","item":"https:\/\/fertix.es\/productos\/"},{"@type":"ListItem","position":3,"name":"Enmiendas Humicas y Desalinizantes","item":"https:\/\/fertix.es\/productos\/enmiendas-humicas-y-desalinizantes\/"},{"@type":"ListItem","position":4,"name":"Azabache"}]},{"@type":"WebSite","@id":"https:\/\/fertix.es\/#website","url":"https:\/\/fertix.es\/","name":"Fertix Nutrici\u00f3n Vegetal S.L.","description":"Fertix, fertilisers and fertilisers for fruit and vegetable plantations.","potentialAction":[{"@type":"SearchAction","target":{"@type":"EntryPoint","urlTemplate":"https:\/\/fertix.es\/?s={search_term_string}"},"query-input":{"@type":"PropertyValueSpecification","valueRequired":true,"valueName":"search_term_string"}}],"inLanguage":"en-GB"}]}},"_links":{"self":[{"href":"https:\/\/fertix.es\/en\/wp-json\/wp\/v2\/pages\/1450","targetHints":{"allow":["GET"]}}],"collection":[{"href":"https:\/\/fertix.es\/en\/wp-json\/wp\/v2\/pages"}],"about":[{"href":"https:\/\/fertix.es\/en\/wp-json\/wp\/v2\/types\/page"}],"author":[{"embeddable":true,"href":"https:\/\/fertix.es\/en\/wp-json\/wp\/v2\/users\/2"}],"replies":[{"embeddable":true,"href":"https:\/\/fertix.es\/en\/wp-json\/wp\/v2\/comments?post=1450"}],"version-history":[{"count":0,"href":"https:\/\/fertix.es\/en\/wp-json\/wp\/v2\/pages\/1450\/revisions"}],"up":[{"embeddable":true,"href":"https:\/\/fertix.es\/en\/wp-json\/wp\/v2\/pages\/183"}],"wp:attachment":[{"href":"https:\/\/fertix.es\/en\/wp-json\/wp\/v2\/media?parent=1450"}],"curies":[{"name":"wp","href":"https:\/\/api.w.org\/{rel}","templated":true}]}}