{"id":1657,"date":"2015-07-31T11:53:07","date_gmt":"2015-07-31T09:53:07","guid":{"rendered":"https:\/\/fertix.es\/?page_id=1657"},"modified":"2021-10-04T12:12:05","modified_gmt":"2021-10-04T10:12:05","slug":"aviso-legal","status":"publish","type":"page","link":"https:\/\/fertix.es\/en\/aviso-legal\/","title":{"rendered":"Legal Notice"},"content":{"rendered":"<p>[et_pb_section fb_built=\"1\u2033 admin_label=\"section\" _builder_version=\"3.22\u2033 global_colors_info=\"{}\"][et_pb_row admin_label=\"row\" _builder_version=\"3.25\u2033 background_size=\"initial\" background_position=\"top_left\" background_repeat=\"repeat\" global_colors_info=\"{}\"][et_pb_column type=\"4_4\u2033 _builder_version=\"3.25\u2033 custom_padding=\"||||\" global_colors_info=\"{}\" custom_padding__hover=\"||||\"][et_pb_text admin_label=\"Text\" _builder_version=\"4.11.1\u2033 background_size=\"initial\" background_position=\"top_left\" background_repeat=\"repeat\" hover_enabled=\"0\u2033 global_colors_info=\"{}\" sticky_enabled=\"0\u2033]]<\/p>\n<h2>LAW ON INFORMATION SOCIETY SERVICES (LSSI)<\/h2>\n<p>Fertix Nutrici\u00f3n Vegetal S.L., responsible for the website, hereinafter RESPONSIBLE, makes this document available to users, with which it intends to comply with the obligations set out in Law 34\/2002, of 11 July, on Information Society Services and Electronic Commerce (LSSICE), BOE No. 166, as well as informing all users of the website regarding the conditions of use.<\/p>\n<p>Any person accessing this website assumes the role of user, undertaking to strictly observe and comply with the provisions herein, as well as any other legal provision that may be applicable.<\/p>\n<p>Fertix Nutrici\u00f3n Vegetal S.L. reserves the right to modify any type of information that may appear on the website, without any obligation to give prior notice or inform users of said obligations, with publication on the website of Fertix Nutrici\u00f3n Vegetal S.L. being understood to be sufficient.<\/p>\n<h3>1. IDENTIFICATION DATA<\/h3>\n<p>Domain name: fertix.es<br \/>Trade name: Fertix<br \/>Company name: Fertix Nutrici\u00f3n Vegetal S.L.<br \/>NIF: B-98563588<br \/>Registered office: Pl. Ind La Closa, C\/ Dels Ferrers, 4. CP 46670 La Pobla Llarga, Valencia.<br \/>Telephone: +34 96 259 13 34<br \/>E-mail: <a href=\"mailto:info@fertix.es\">info@fertix.es<\/a><\/p>\n<h3>2. INTELLECTUAL AND INDUSTRIAL PROPERTY RIGHTS<\/h3>\n<p>The website, including but not limited to its programming, editing, compilation and other elements necessary for its operation, designs, logos, text and\/or graphics, are the property of the RESPONSIBLE PARTY or, if applicable, has a licence or express authorisation from the authors. All the contents of the website are duly protected by intellectual and industrial property regulations, as well as registered in the corresponding public registers.<br \/>Regardless of the purpose for which they were intended, the total or partial reproduction, use, exploitation, distribution and commercialisation, requires in any case the prior written authorisation of the RESPONSIBLE PARTY. Any use without prior authorisation is considered a serious breach of the rights<br \/>intellectual or industrial property rights of the author.<br \/>The designs, logos, text and\/or graphics that do not belong to the RESPONSIBLE and that may appear on the website belong to their respective owners, and they themselves are responsible for any possible controversy that may arise with respect to them. The RESPONSIBLE PARTY expressly authorises third parties to redirect directly to the specific contents of the website, and in any case to redirect to the main website of clinicadentalbenalua.com.<\/p>\n<p>The RESPONSIBLE party acknowledges the corresponding intellectual and industrial property rights in favour of their owners, and their mere mention or appearance on the website does not imply the existence of any rights or responsibility whatsoever over them, nor any endorsement, sponsorship or recommendation by the same. To make any type of observation regarding possible breaches of intellectual or industrial property rights, as well as regarding any of the contents of the website, you may do so by sending an e-mail to info@fertix.es.<\/p>\n<h3>3. EXEMPTION FROM LIABILITY<\/h3>\n<p>The RESPONSIBLE party disclaims any liability for the information published on its website provided that this information has been manipulated or introduced by a third party external to the same.<\/p>\n<h4>Use of Cookies<\/h4>\n<p>This website may use technical cookies (small information files that the server sends to the computer of the person accessing the page) to carry out certain functions that are considered essential for the correct functioning and visualisation of the site. The cookies used are, in any case, of a temporary nature, with the sole purpose of making browsing more efficient, and disappear at the end of the user's session. Under no circumstances do these cookies themselves provide data of a personal nature and they will not be used to collect such data.<br \/>Through the use of cookies it is also possible for the server where the website is located to recognise the browser used by the user in order to make browsing easier, allowing, for example, access by users who have previously registered to the areas, services, promotions or competitions reserved exclusively for them without having to register on each visit. They can also be used to measure the audience, traffic parameters, control the progress and number of entries, etc., being in these cases technically dispensable cookies, but beneficial for the user. This website will not install dispensable cookies without the user's prior consent.<br \/>The user has the possibility of configuring their browser to be alerted of the reception of cookies and to prevent their installation on their computer. Please consult your browser's instructions for further information.<\/p>\n<h4>Linking policy<\/h4>\n<p>From the website, it is possible that you will be redirected to contents of third party websites. Given that the RESPONSIBLE cannot always control the contents introduced by third parties on their respective websites, it does not assume any type of responsibility with respect to said contents. In any case, it will proceed to the immediate removal of any content that could contravene national or international legislation, morality or public order, proceeding to the immediate withdrawal of the redirection to said website, informing the competent authorities of the content in question.<br \/>The RESPONSIBLE is not responsible for the information and content stored, including but not limited to, in forums, chats, blog generators, comments, social networks or any other medium that allows third parties to publish content independently on the website of the RESPONSIBLE. However, and in compliance with the provisions of articles 11 and 16 of the LSSICE, it makes itself available to all users, authorities and security forces, actively collaborating in the removal or, where appropriate, blocking of all content that may affect or contravene national or international legislation, the rights of third parties or morality and public order. In the event that the user considers that there is any content on the website that could be susceptible to this classification, please notify the website administrator immediately.<br \/>This website has been checked and tested to ensure that it functions correctly. In principle, it can be guaranteed to function correctly 365 days a year, 24 hours a day. However, the RESPONSIBLE PARTY does not rule out the possibility of certain programming errors, or the occurrence of force majeure, natural disasters, strikes or similar circumstances that make it impossible to access the website.<\/p>\n<h4>IP Addresses<\/h4>\n<p>The website servers will be able to automatically detect the IP address and domain name used by the user. An IP address is a number automatically assigned to a computer when it connects to the Internet. All this information is recorded in a server activity file that allows the subsequent processing of the data in order to obtain purely statistical measurements that make it possible to know the number of page impressions, the number of visits made to the web servers, the order of visits, the access point, etc.<\/p>\n<h3>4. APPLICABLE LAW AND JURISDICTION<\/h3>\n<p>For the resolution of all disputes or questions related to this website or the activities carried out therein, Spanish legislation shall apply, to which the parties expressly submit themselves, and the Courts and Tribunals closest to La Pobla Llarga shall be competent for the resolution of all disputes arising from or related to its use.<\/p>\n<p>[\/et_pb_text][\/et_pb_column][\/et_pb_row][\/et_pb_section].<\/p>","protected":false},"excerpt":{"rendered":"<p>INFORMATION SOCIETY SERVICES LAW (LSSI) Fertix Nutrici\u00f3n Vegetal S.L., responsible for the website, hereinafter RESPONSIBLE, makes this document available to users, with which it intends to comply with the obligations set out in Law 34\/2002, of 11 July, on Information Society Services (LSSI), which regulates the [...]<\/p>","protected":false},"author":2,"featured_media":0,"parent":0,"menu_order":0,"comment_status":"closed","ping_status":"closed","template":"","meta":{"_et_pb_use_builder":"on","_et_pb_old_content":"&lt;h2&gt;LEY DE LOS SERVICIOS DE LA SOCIEDAD DE LA INFORMACI\u00d3N (LSSI)&lt;\/h2&gt;\nFertix Nutrici\u00f3n Vegetal S.L., responsable del sitio web, en adelante RESPONSABLE, pone a disposici\u00f3n de los usuarios el presente documento, con el que pretende dar cumplimiento a las obligaciones dispuestas en la Ley 34\/2002, de 11 de julio, de Servicios de la Sociedad de la Informaci\u00f3n y de Comercio Electr\u00f3nico (LSSICE), BOE N.\u00ba 166, as\u00ed como informar a todos los usuarios del sitio web respecto a cu\u00e1les son las condiciones de uso.\n\nToda persona que acceda a este sitio web asume el papel de usuario, comprometi\u00e9ndose a la observancia y cumplimiento riguroso de las disposiciones aqu\u00ed dispuestas, as\u00ed como a cualquier otra disposici\u00f3n legal que fuera de aplicaci\u00f3n.\n\nFertix Nutrici\u00f3n Vegetal S.L. se reserva el derecho de modificar cualquier tipo de informaci\u00f3n que pudiera aparecer en el sitio web, sin que exista obligaci\u00f3n de preavisar o poner en conocimiento de los usuarios dichas obligaciones, entendi\u00e9ndose como suficiente la publicaci\u00f3n en el sitio web de Fertix Nutrici\u00f3n Vegetal S.L.\n\n&lt;h3&gt;1. DATOS IDENTIFICATIVOS&lt;\/h3&gt;\nNombre de dominio: fertix.es\nNombre comercial: Fertix\nDenominaci\u00f3n social: Fertix Nutrici\u00f3n Vegetal S.L.\nNIF: B-98563588\nDomicilio social: Pl. Ind La Closa, C\/ Dels Ferrers, 4. CP 46670 La Pobla Llarga, Valencia.\nTel\u00e9fono: +34 96 259 13 34\nE-mail: info@fertix.es\n\n&lt;h3&gt;2. DERECHOS DE PROPIEDAD INTELECTUAL E INDUSTRIAL&lt;\/h3&gt;\nEl sitio web, incluyendo a t\u00edtulo enunciativo pero no limitativo su programaci\u00f3n, edici\u00f3n, compilaci\u00f3n y dem\u00e1s elementos necesarios para su funcionamiento, los dise\u00f1os, logotipos, texto y\/o gr\u00e1ficos, son propiedad del RESPONSABLE o, si es el caso, dispone de licencia o autorizaci\u00f3n expresa por parte de los autores. Todos los contenidos del sitio web se encuentran debidamente protegidos por la normativa de propiedad intelectual e industrial, as\u00ed como inscritos en los registros p\u00fablicos correspondientes.\nIndependientemente de la finalidad para la que fueran destinados, la reproducci\u00f3n total o parcial, uso, explotaci\u00f3n, distribuci\u00f3n y comercializaci\u00f3n, requiere en todo caso la autorizaci\u00f3n escrita previa por parte del RESPONSABLE. Cualquier uso no autorizado previamente se considera un incumplimiento grave de los derechos\nde propiedad intelectual o industrial del autor.\nLos dise\u00f1os, logotipos, texto y\/o gr\u00e1ficos ajenos al RESPONSABLE y que pudieran aparecer en el sitio web, pertenecen a sus respectivos propietarios, siendo ellos mismos responsables de cualquier posible controversia que pudiera suscitarse respecto a los mismos. El RESPONSABLE autoriza expresamente a que terceros puedan redirigir directamente a los contenidos concretos del sitio web, y en todo caso redirigir al sitio web principal de clinicadentalbenalua.com.\n\nEl RESPONSABLE reconoce a favor de sus titulares los correspondientes derechos de propiedad intelectual e industrial, no implicando su sola menci\u00f3n o aparici\u00f3n en el sitio web la existencia de derechos o responsabilidad alguna sobre los mismos, como tampoco respaldo, patrocinio o recomendaci\u00f3n por parte del mismo. Para realizar cualquier tipo de observaci\u00f3n respecto a posibles incumplimientos de los derechos de propiedad intelectual o industrial, as\u00ed como sobre cualquiera de los contenidos del sitio web, puede hacerlo a trav\u00e9s del correo electr\u00f3nico info@fertix.es.\n\n&lt;h3&gt;3. EXENCI\u00d3N DE RESPONSABILIDADES&lt;\/h3&gt;\nEl RESPONSABLE se exime de cualquier tipo de responsabilidad derivada de la informaci\u00f3n publicada en su sitio web siempre que esta informaci\u00f3n haya sido manipulada o introducida por un tercero ajeno al mismo.\n\n&lt;h4&gt;Uso de Cookies&lt;\/h4&gt;\nEste sitio web puede utilizar cookies t\u00e9cnicas (peque\u00f1os archivos de informaci\u00f3n que el servidor env\u00eda al ordenador de quien accede a la p\u00e1gina) para llevar a cabo determinadas funciones que son consideradas imprescindibles para el correcto funcionamiento y visualizaci\u00f3n del sitio. Las cookies utilizadas tienen, en todo caso, car\u00e1cter temporal, con la \u00fanica finalidad de hacer m\u00e1s eficaz la navegaci\u00f3n, y desaparecen al terminar la sesi\u00f3n del usuario. En ning\u00fan caso, estas cookies proporcionan por s\u00ed mismas datos de car\u00e1cter personal y no se utilizar\u00e1n para la recogida de los mismos.\nMediante el uso de cookies tambi\u00e9n es posible que el servidor donde se encuentra la web reconozca el navegador utilizado por el usuario con la finalidad de que la navegaci\u00f3n sea m\u00e1s sencilla, permitiendo, por ejemplo, el acceso de los usuarios que se hayan registrado previamente a las \u00e1reas, servicios, promociones o concursos reservados exclusivamente a ellos sin tener que registrarse en cada visita. Tambi\u00e9n se pueden utilizar para medir la audiencia, par\u00e1metros de tr\u00e1fico, controlar el progreso y n\u00famero de entradas, etc., siendo en estos casos cookies prescindibles t\u00e9cnicamente, pero beneficiosas para el usuario. Este sitio web no instalar\u00e1 cookies prescindibles sin el consentimiento previo del usuario.\nEl usuario tiene la posibilidad de configurar su navegador para ser alertado de la recepci\u00f3n de cookies y para impedir su instalaci\u00f3n en su equipo. Por favor, consulte las instrucciones de su navegador para ampliar esta informaci\u00f3n.\n\n&lt;h4&gt;Pol\u00edtica de enlaces&lt;\/h4&gt;\nDesde el sitio web, es posible que se redirija a contenidos de terceros sitios web. Dado que el RESPONSABLE no puede controlar siempre los contenidos introducidos por terceros en sus respectivos sitios web, no asume ning\u00fan tipo de responsabilidad respecto a dichos contenidos. En todo caso, proceder\u00e1 a la retirada inmediata de cualquier contenido que pudiera contravenir la legislaci\u00f3n nacional o internacional, la moral o el orden p\u00fablico, procediendo a la retirada inmediata de la redirecci\u00f3n a dicho sitio web, poniendo en conocimiento de las autoridades competentes el contenido en cuesti\u00f3n.\nEl RESPONSABLE no se hace responsable de la informaci\u00f3n y contenidos almacenados, a t\u00edtulo enunciativo pero no limitativo, en foros, chats, generadores de blogs, comentarios, redes sociales o cualquier otro medio que permita a terceros publicar contenidos de forma independiente en la p\u00e1gina web del RESPONSABLE. Sin embargo, y en cumplimiento de lo dispuesto en los art\u00edculos 11 y 16 de la LSSICE, se pone a disposici\u00f3n de todos los usuarios, autoridades y fuerzas de seguridad, colaborando de forma activa en la retirada o, en su caso, bloqueo de todos aquellos contenidos que puedan afectar o contravenir la legislaci\u00f3n nacional o internacional, los derechos de terceros o la moral y el orden p\u00fablico. En caso de que el usuario considere que existe en el sitio web alg\u00fan contenido que pudiera ser susceptible de esta clasificaci\u00f3n, se ruega lo notifique de forma inmediata al administrador del sitio web.\nEste sitio web se ha revisado y probado para que funcione correctamente. En principio, puede garantizarse el correcto funcionamiento los 365 d\u00edas del a\u00f1o, 24 horas al d\u00eda. Sin embargo, el RESPONSABLE no descarta la posibilidad de que existan ciertos errores de programaci\u00f3n, o que acontezcan causas de fuerza mayor, cat\u00e1strofes naturales, huelgas o circunstancias semejantes que hagan imposible el acceso a la p\u00e1gina web.\n\n&lt;h4&gt;Direcciones IP&lt;\/h4&gt;\nLos servidores del sitio web podr\u00e1n detectar de manera autom\u00e1tica la direcci\u00f3n IP y el nombre de dominio utilizados por el usuario. Una direcci\u00f3n IP es un n\u00famero asignado autom\u00e1ticamente a un ordenador cuando este se conecta a Internet. Toda esta informaci\u00f3n se registra en un fichero de actividad del servidor que permite el posterior procesamiento de los datos con el fin de obtener mediciones \u00fanicamente estad\u00edsticas que permitan conocer el n\u00famero de impresiones de p\u00e1ginas, el n\u00famero de visitas realizadas a los servidores web, el orden de visitas, el punto de acceso, etc.\n\n&lt;h3&gt;4. LEY APLICABLE Y JURISDICCI\u00d3N&lt;\/h3&gt;\nPara la resoluci\u00f3n de todas las controversias o cuestiones relacionadas con el presente sitio web o de las actividades en \u00e9l desarrolladas, ser\u00e1 de aplicaci\u00f3n la legislaci\u00f3n espa\u00f1ola, a la que se someten expresamente las partes, siendo competentes para la resoluci\u00f3n de todos los conflictos derivados o relacionados con su uso los Juzgados y Tribunales m\u00e1s cercanos a La Pobla Llarga.\n\n<!--:-->","_et_gb_content_width":"","footnotes":""},"class_list":["post-1657","page","type-page","status-publish","hentry"],"yoast_head":"<!-- This site is optimized with the Yoast SEO plugin v26.9 - https:\/\/yoast.com\/product\/yoast-seo-wordpress\/ -->\n<title>Aviso Legal - Fertix Nutrici\u00f3n Vegetal S.L.<\/title>\n<meta name=\"robots\" content=\"index, follow, max-snippet:-1, max-image-preview:large, max-video-preview:-1\" \/>\n<link rel=\"canonical\" href=\"https:\/\/fertix.es\/en\/aviso-legal\/\" \/>\n<meta property=\"og:locale\" content=\"en_GB\" \/>\n<meta property=\"og:type\" content=\"article\" \/>\n<meta property=\"og:title\" content=\"Aviso Legal - Fertix Nutrici\u00f3n Vegetal S.L.\" \/>\n<meta property=\"og:description\" content=\"LEY DE LOS SERVICIOS DE LA SOCIEDAD DE LA INFORMACI\u00d3N (LSSI) Fertix Nutrici\u00f3n Vegetal S.L., responsable del sitio web, en adelante RESPONSABLE, pone a disposici\u00f3n de los usuarios el presente documento, con el que pretende dar cumplimiento a las obligaciones dispuestas en la Ley 34\/2002, de 11 de julio, de Servicios de la Sociedad de [&hellip;]\" \/>\n<meta property=\"og:url\" content=\"https:\/\/fertix.es\/en\/aviso-legal\/\" \/>\n<meta property=\"og:site_name\" content=\"Fertix Nutrici\u00f3n Vegetal S.L.\" \/>\n<meta property=\"article:modified_time\" content=\"2021-10-04T10:12:05+00:00\" \/>\n<meta name=\"twitter:card\" content=\"summary_large_image\" \/>\n<meta name=\"twitter:label1\" content=\"Estimated reading time\" \/>\n\t<meta name=\"twitter:data1\" content=\"7 minutes\" \/>\n<script type=\"application\/ld+json\" class=\"yoast-schema-graph\">{\"@context\":\"https:\/\/schema.org\",\"@graph\":[{\"@type\":\"WebPage\",\"@id\":\"https:\/\/fertix.es\/aviso-legal\/\",\"url\":\"https:\/\/fertix.es\/aviso-legal\/\",\"name\":\"Aviso Legal - Fertix Nutrici\u00f3n Vegetal S.L.\",\"isPartOf\":{\"@id\":\"https:\/\/fertix.es\/#website\"},\"datePublished\":\"2015-07-31T09:53:07+00:00\",\"dateModified\":\"2021-10-04T10:12:05+00:00\",\"breadcrumb\":{\"@id\":\"https:\/\/fertix.es\/aviso-legal\/#breadcrumb\"},\"inLanguage\":\"en-GB\",\"potentialAction\":[{\"@type\":\"ReadAction\",\"target\":[\"https:\/\/fertix.es\/aviso-legal\/\"]}]},{\"@type\":\"BreadcrumbList\",\"@id\":\"https:\/\/fertix.es\/aviso-legal\/#breadcrumb\",\"itemListElement\":[{\"@type\":\"ListItem\",\"position\":1,\"name\":\"Portada\",\"item\":\"https:\/\/fertix.es\/\"},{\"@type\":\"ListItem\",\"position\":2,\"name\":\"Aviso Legal\"}]},{\"@type\":\"WebSite\",\"@id\":\"https:\/\/fertix.es\/#website\",\"url\":\"https:\/\/fertix.es\/\",\"name\":\"Fertix Nutrici\u00f3n Vegetal S.L.\",\"description\":\"Fertix, abonos y fertilizantes para plantaciones hortofrut\u00edcolas.\",\"potentialAction\":[{\"@type\":\"SearchAction\",\"target\":{\"@type\":\"EntryPoint\",\"urlTemplate\":\"https:\/\/fertix.es\/?s={search_term_string}\"},\"query-input\":{\"@type\":\"PropertyValueSpecification\",\"valueRequired\":true,\"valueName\":\"search_term_string\"}}],\"inLanguage\":\"en-GB\"}]}<\/script>\n<!-- \/ Yoast SEO plugin. -->","yoast_head_json":{"title":"Aviso Legal - Fertix Nutrici\u00f3n Vegetal S.L.","robots":{"index":"index","follow":"follow","max-snippet":"max-snippet:-1","max-image-preview":"max-image-preview:large","max-video-preview":"max-video-preview:-1"},"canonical":"https:\/\/fertix.es\/en\/aviso-legal\/","og_locale":"en_GB","og_type":"article","og_title":"Aviso Legal - Fertix Nutrici\u00f3n Vegetal S.L.","og_description":"LEY DE LOS SERVICIOS DE LA SOCIEDAD DE LA INFORMACI\u00d3N (LSSI) Fertix Nutrici\u00f3n Vegetal S.L., responsable del sitio web, en adelante RESPONSABLE, pone a disposici\u00f3n de los usuarios el presente documento, con el que pretende dar cumplimiento a las obligaciones dispuestas en la Ley 34\/2002, de 11 de julio, de Servicios de la Sociedad de [&hellip;]","og_url":"https:\/\/fertix.es\/en\/aviso-legal\/","og_site_name":"Fertix Nutrici\u00f3n Vegetal S.L.","article_modified_time":"2021-10-04T10:12:05+00:00","twitter_card":"summary_large_image","twitter_misc":{"Estimated reading time":"7 minutes"},"schema":{"@context":"https:\/\/schema.org","@graph":[{"@type":"WebPage","@id":"https:\/\/fertix.es\/aviso-legal\/","url":"https:\/\/fertix.es\/aviso-legal\/","name":"Aviso Legal - Fertix Nutrici\u00f3n Vegetal S.L.","isPartOf":{"@id":"https:\/\/fertix.es\/#website"},"datePublished":"2015-07-31T09:53:07+00:00","dateModified":"2021-10-04T10:12:05+00:00","breadcrumb":{"@id":"https:\/\/fertix.es\/aviso-legal\/#breadcrumb"},"inLanguage":"en-GB","potentialAction":[{"@type":"ReadAction","target":["https:\/\/fertix.es\/aviso-legal\/"]}]},{"@type":"BreadcrumbList","@id":"https:\/\/fertix.es\/aviso-legal\/#breadcrumb","itemListElement":[{"@type":"ListItem","position":1,"name":"Portada","item":"https:\/\/fertix.es\/"},{"@type":"ListItem","position":2,"name":"Aviso Legal"}]},{"@type":"WebSite","@id":"https:\/\/fertix.es\/#website","url":"https:\/\/fertix.es\/","name":"Fertix Nutrici\u00f3n Vegetal S.L.","description":"Fertix, fertilisers and fertilisers for fruit and vegetable plantations.","potentialAction":[{"@type":"SearchAction","target":{"@type":"EntryPoint","urlTemplate":"https:\/\/fertix.es\/?s={search_term_string}"},"query-input":{"@type":"PropertyValueSpecification","valueRequired":true,"valueName":"search_term_string"}}],"inLanguage":"en-GB"}]}},"_links":{"self":[{"href":"https:\/\/fertix.es\/en\/wp-json\/wp\/v2\/pages\/1657","targetHints":{"allow":["GET"]}}],"collection":[{"href":"https:\/\/fertix.es\/en\/wp-json\/wp\/v2\/pages"}],"about":[{"href":"https:\/\/fertix.es\/en\/wp-json\/wp\/v2\/types\/page"}],"author":[{"embeddable":true,"href":"https:\/\/fertix.es\/en\/wp-json\/wp\/v2\/users\/2"}],"replies":[{"embeddable":true,"href":"https:\/\/fertix.es\/en\/wp-json\/wp\/v2\/comments?post=1657"}],"version-history":[{"count":0,"href":"https:\/\/fertix.es\/en\/wp-json\/wp\/v2\/pages\/1657\/revisions"}],"wp:attachment":[{"href":"https:\/\/fertix.es\/en\/wp-json\/wp\/v2\/media?parent=1657"}],"curies":[{"name":"wp","href":"https:\/\/api.w.org\/{rel}","templated":true}]}}