{"id":45,"date":"2015-05-13T16:18:14","date_gmt":"2015-05-13T16:18:14","guid":{"rendered":"https:\/\/fertix.es\/?page_id=45"},"modified":"2021-10-06T13:12:48","modified_gmt":"2021-10-06T11:12:48","slug":"abonos-foliares","status":"publish","type":"page","link":"https:\/\/fertix.es\/en\/productos\/abonos-foliares\/","title":{"rendered":"Fertilisers"},"content":{"rendered":"<p>[et_pb_section fb_built=\"1\u2033 _builder_version=\"4.11.1\u2033 background_image=\"https:\/\/fertix.es\/wp-content\/uploads\/2021\/10\/img-cabecera-abonos-scaled.jpg\" parallax=\"on\" global_colors_info=\"{}\"][et_pb_row _builder_version=\"4.11.0\u2033 _module_preset=\"default\" global_colors_info=\"{}\"][et_pb_column type=\"4_4\u2033 _builder_version=\"4.11.0\u2033 _module_preset=\"default\" global_colors_info=\"{}\"][et_pb_text _builder_version=\"4.11.1\u2033 _module_preset=\"default\" global_colors_info=\"{}\"]<\/p>\n<h1 style=\"text-align: center; font-size: 50px; color: white;\">Fertilisers<\/h1>\n<h3 style=\"text-align: center; text-decoration: none; color: white;\">Foliar or root fertilisers based on<br \/>\nNPK.<\/h3>\n<p>[\/et_pb_text][\/et_pb_column][\/et_pb_row][\/et_pb_section][et_pb_section fb_built=\"1\u2033 _builder_version=\"4.11.0\u2033 _module_preset=\"default\" global_colors_info=\"{}\"][et_pb_row _builder_version=\"4.11.0\u2033 _module_preset=\"default\" width=\"980px\" max_width=\"80%\" global_colors_info=\"{}\"][et_pb_column type=\"4_4\u2033 _builder_version=\"4.10.8\u2033 _module_preset=\"default\" global_colors_info=\"{}\"][et_pb_text _builder_version=\"4.11.1\u2033 _module_preset=\"default\" global_colors_info=\"{}\"]<\/p>\n<h2>Fertilisers<\/h2>\n<p>In this classification you will find products designed to be applied by foliar or root application based on NPK. These products are designed to provide macro- and micro-elements at specific times of higher consumption and to help the plant at those times when traditional mineral nutrition may not be sufficient. These products are designed with suitable technical parameters to be applied to any crop at any phenological stage, from seedling to fruit ripening.[\/et_pb_text][\/et_pb_column][\/et_pb_row][et_pb_row column_structure=\"1_3,1_3,1_3\u2033 _builder_version=\"4.11.0\u2033 _module_preset=\"default\" custom_padding=\"5px|||||\" global_colors_info=\"{}\"][et_pb_column type=\"1_3\u2033 _builder_version=\"4.11.0\u2033 _module_preset=\"default\" global_colors_info=\"{}\"][et_pb_blurb url=\"\/products\/follower-subscriptions\/drefens-nitro\/\" url_new_window=\"on\" image=\"https:\/\/fertix.en\/wp-content\/uploads\/2021\/10\/fertix-drefens-nitro-min.jpg\" _builder_version=\"4.11.1\u2033 _module_preset=\"default\" text_orientation=\"center\" global_module=\"3373\u2033 saved_tabs=\"all\" global_colors_info=\"{}\"]]<\/p>\n<h4>Drefens Nitro<\/h4>\n<p><span class=\"tag-producto abonos\"><a href=\"\/en\/productos\/abonos-foliares\/\" style=\"color: var(--azul-abonos-fertix);\">Fertilisers<\/a><\/span><\/p>\n<p class=\"p1\">Liquid foliar urea enriched with microelements.<\/p>\n<p>[\/et_pb_blurb][\/et_pb_column][et_pb_column type=\"1_3\u2033 _builder_version=\"4.11.0\u2033 _module_preset=\"default\" global_colors_info=\"{}\"][et_pb_blurb url=\"\/products\/fertix-drefens-phoska\/\" url_new_window=\"on\" image=\"https:\/\/fertix.en\/wp-content\/uploads\/2021\/10\/fertix-drefens-phoska-min.jpg\" _builder_version=\"4.11.1\u2033 _module_preset=\"default\" text_orientation=\"center\" global_module=\"3348\u2033 saved_tabs=\"all\" global_colors_info=\"{}\"]]<\/p>\n<h4 class=\"titulo-producto\">DREFENS PHOSKA<\/h4>\n<p><span class=\"tag-producto abonos\"><a href=\"\/en\/productos\/abonos-foliares\/\" style=\"color: var(--azul-abonos-fertix);\">Fertilisers<\/a><\/span><\/p>\n<p class=\"\">Phosphopotassium fertiliser enriched with microelements.<\/p>\n<p>[\/et_pb_blurb][\/et_pb_column][et_pb_column type=\"1_3\u2033 _builder_version=\"4.11.0\u2033 _module_preset=\"default\" global_colors_info=\"{}\"][et_pb_blurb url=\"\/products\/fertix-bonds\/perla\/\" url_new_window=\"on\" image=\"https:\/\/fertix.en\/wp-content\/uploads\/2021\/10\/fertix-drefens-perla-min.jpg\" _builder_version=\"4.11.1\u2033 _module_preset=\"default\" text_orientation=\"center\" global_module=\"3349\u2033 saved_tabs=\"all\" global_colors_info=\"{}\"]]<\/p>\n<h4 class=\"titulo-producto\">DREFENS PERLA<\/h4>\n<p><span class=\"tag-producto abonos\"><a href=\"\/en\/productos\/abonos-foliares\/\" style=\"color: var(--azul-abonos-fertix);\">Fertilisers<\/a><\/span><\/p>\n<p class=\"p1\">NPK 8-8-6 suspension enriched with microelements.<\/p>\n<p>[\/et_pb_blurb][\/et_pb_column][\/et_pb_row][et_pb_row column_structure=\"1_3,1_3,1_3\u2033 _builder_version=\"4.11.0\u2033 _module_preset=\"default\" custom_padding=\"5px|||||\" global_colors_info=\"{}\"][et_pb_column type=\"1_3\u2033 _builder_version=\"4.11.0\u2033 _module_preset=\"default\" global_colors_info=\"{}\"][et_pb_blurb url=\"\/products\/fertilizer-foliars\/fertikalium\/\" image=\"https:\/\/fertix.en\/wp-content\/uploads\/2021\/10\/fertix-fertikalium-min.jpg\" _builder_version=\"4.11.1\u2033 _module_preset=\"default\" text_orientation=\"center\" hover_enabled=\"0\u2033 global_module=\"3353\u2033 saved_tabs=\"all\" global_colors_info=\"{}\" url_new_window=\"on\" sticky_enabled=\"0\u2033]]<\/p>\n<h4>Fertikalium<\/h4>\n<p><span class=\"tag-producto abonos\"><a href=\"\/en\/productos\/abonos-foliares\/\" style=\"color: var(--azul-abonos-fertix);\">Fertilisers<\/a><\/span><\/p>\n<p class=\"p1\">NK Fertiliser Solution 3-32<\/p>\n<p>[\/et_pb_blurb][\/et_pb_column][et_pb_column type=\"1_3\u2033 _builder_version=\"4.11.0\u2033 _module_preset=\"default\" global_colors_info=\"{}\"][\/et_pb_column][\/et_pb_column][et_pb_column type=\"1_3\u2033 _builder_version=\"4.11.0\u2033 _module_preset=\"default\" global_colors_info=\"{}\"][\/et_pb_column][\/et_pb_row][et_pb_row module_class=\"cta-code\" _builder_version=\"4.11.1\u2033 _module_preset=\"default\" width=\"100vw\" max_width=\"100vw\" module_alignment=\"center\" module_alignment_last_edited=\"on|desktop\" custom_css_main_element=\"overflow-x:hidden;||width: 99vw !important;|||max-width: 100vw;\" global_module=\"3161\u2033 saved_tabs=\"all\" global_colors_info=\"{}\"][et_pb_column type=\"4_4\u2033 _builder_version=\"4.10.8\u2033 _module_preset=\"default\" global_colors_info=\"{}\"][et_pb_code _builder_version=\"4.11.1\u2033 _module_preset=\"default\" global_colors_info=\"{}\"]<\/p>\n<div class=\"cta_main\"><!-- [et_pb_line_break_holder] -->  <\/p>\n<div class=\"cta_main-img\"><!-- [et_pb_line_break_holder] -->    <img decoding=\"async\" src=\"\/wp-content\/uploads\/2021\/09\/fertix-request-catalogues-1.png\" style=\"width:450px; height:auto\"\/><!-- [et_pb_line_break_holder] -->    <!-- [et_pb_line_break_holder] -->  <\/div>\n<p><!-- [et_pb_line_break_holder] -->  <\/p>\n<div class=\"cta_main-text\"><!-- [et_pb_line_break_holder] -->    <!-- [et_pb_line_break_holder] --><!-- [et_pb_line_break_holder] -->  <\/p>\n<div><!-- [et_pb_line_break_holder] -->    <\/p>\n<h3 class=\"cta_main-text\" style=\"text-transform:none; line-height: 1.3em;\"><!-- [et_pb_line_break_holder] -->      Fertix 2021 Fertilisers and fertilisers catalogues.<!-- [et_pb_line_break_holder] -->    <\/h3>\n<p><!-- [et_pb_line_break_holder] -->    <pee style=\"line-height: 1.5em;\"><!-- [et_pb_line_break_holder] -->      Consult all our product families by requesting our catalogues.<!-- [et_pb_line_break_holder] -->    <\/pee><!-- [et_pb_line_break_holder] -->  <!\u2013- [et_pb_br_holder] -\u2013><!-- [et_pb_line_break_holder] -->    <!\u2013- [et_pb_br_holder] -\u2013><!-- [et_pb_line_break_holder] -->  <\/div>\n<p><!-- [et_pb_line_break_holder] -->    <!-- [et_pb_line_break_holder] -->    <\/p>\n<div class=\"et_pb_button_module_wrapper et_pb_button_0_wrapper  et_pb_module\"><!-- [et_pb_line_break_holder] -->\t\t\t\t<a class=\"et_pb_button et_pb_button_0 et_pb_bg_layout_dark\" href=\"\/en\/catalogo\/\">Order Catalogues<\/a><!-- [et_pb_line_break_holder] -->\t\t\t<\/div>\n<p><!-- [et_pb_line_break_holder] --><!-- [et_pb_line_break_holder] --><\/div>\n<p><!-- [et_pb_line_break_holder] --><\/div>\n<p>[\/et_pb_code][\/et_pb_column][\/et_pb_row][\/et_pb_section][\/et_pb_section].<\/p>","protected":false},"excerpt":{"rendered":"<p>Fertilisers Fertilisers for foliar or root application based on NPK.fertilisers In this classification you will find the products intended to be applied by foliar or root application based on NPK. These products are designed to supply macro and micro elements at specific moments of higher consumption and to help the plant in these moments, in order to increase the plant's [...]<\/p>","protected":false},"author":2,"featured_media":0,"parent":30,"menu_order":0,"comment_status":"closed","ping_status":"closed","template":"","meta":{"_et_pb_use_builder":"on","_et_pb_old_content":"<!--:es-->[tx_row]\n\n[tx_column size=\"1\/2\"]\n<h1><span style=\"color: #008080;\"><strong><img class=\"alignleft size-full wp-image-925\" src=\"https:\/\/fertix.es\/wp-content\/uploads\/2015\/05\/Abonosdef.jpg\" alt=\"Abonosdef\" width=\"500\" height=\"71\"><\/strong><\/span><\/h1>\n<a href=\"https:\/\/fertix.es\/productos\/abonos-foliares\/drefens-nitro\/\"><img class=\"alignright wp-image-1913 size-full\" src=\"https:\/\/fertix.es\/wp-content\/uploads\/2015\/05\/drefensnitror300.jpg\" alt=\"\" width=\"350\" height=\"30\"><\/a>\n<h1><a href=\"https:\/\/fertix.es\/productos\/abonos-foliares\/drefens-phoska\/\"><img class=\" wp-image-2048 size-full alignright\" src=\"https:\/\/fertix.es\/wp-content\/uploads\/2015\/05\/drefensphoskar300.jpg\" alt=\"\" width=\"350\" height=\"30\"><\/a>\n<a href=\"https:\/\/fertix.es\/productos\/abonos-foliares\/perla\/\"><img class=\"alignright wp-image-1017 size-full\" src=\"https:\/\/fertix.es\/wp-content\/uploads\/2015\/05\/perla300.jpg\" alt=\"perla300\" width=\"350\" height=\"30\"><\/a><\/h1>\n<h3><span style=\"color: #008080;\"><strong>\n<\/strong><\/span><span style=\"color: #008080;\"><strong><a href=\"https:\/\/fertix.es\/productos\/abonos-foliares\/fertikalium\/\"><img class=\"alignright wp-image-2053 size-full\" src=\"https:\/\/fertix.es\/wp-content\/uploads\/2015\/05\/fertikalium2_350.jpg\" alt=\"\" width=\"350\" height=\"30\"><\/a>\n<\/strong><\/span><\/h3>\n<h3><span style=\"color: #008080;\"><strong>&nbsp;<\/strong><\/span><\/h3>\n<h3>[\/tx_column]\n[tx_column size=\"1\/2\"]<\/h3>\n<!--:--><!--:en-->[tx_row]\n\n[tx_column size=\"1\/2\"]\n<h1><span style=\"color: #008080;\"><strong><a href=\"https:\/\/fertix.es\/wp-content\/uploads\/2015\/05\/enfertiTITULOPLANTILLA.jpg\"><img class=\"alignleft wp-image-1674 size-full\" src=\"https:\/\/fertix.es\/wp-content\/uploads\/2015\/05\/enfertiTITULOPLANTILLA.jpg\" alt=\"\" width=\"500\" height=\"71\"><\/a><\/strong><\/span><\/h1>\n<a href=\"https:\/\/fertix.es\/productos\/abonos-foliares\/drefens-nitro\/?lang=en\"><img class=\"alignright wp-image-1913 size-full\" src=\"https:\/\/fertix.es\/wp-content\/uploads\/2015\/05\/drefensnitror300.jpg\" alt=\"\" width=\"350\" height=\"30\"><\/a>\n<h1><a href=\"https:\/\/fertix.es\/productos\/abonos-foliares\/drefens-phoska\/?lang=en\"><img class=\"alignright wp-image-2048 size-full\" src=\"https:\/\/fertix.es\/wp-content\/uploads\/2015\/05\/drefensphoskar300.jpg\" alt=\"\" width=\"350\" height=\"30\"><\/a>\n<a href=\"https:\/\/fertix.es\/productos\/abonos-foliares\/perla\/?lang=en\"><img class=\"alignright wp-image-1017 size-full\" src=\"https:\/\/fertix.es\/wp-content\/uploads\/2015\/05\/perla300.jpg\" alt=\"perla300\" width=\"350\" height=\"30\"><\/a><\/h1>\n<h3><span style=\"color: #008080;\"><strong>\n<\/strong><\/span><span style=\"color: #008080;\"><strong><a href=\"https:\/\/fertix.es\/productos\/abonos-foliares\/fertikalium\/?lang=en\"><img class=\"alignright wp-image-2053 size-full\" src=\"https:\/\/fertix.es\/wp-content\/uploads\/2015\/05\/fertikalium2_350.jpg\" alt=\"\" width=\"350\" height=\"30\"><\/a>\n<\/strong><\/span><\/h3>\n<h3><span style=\"color: #008080;\"><strong>&nbsp;<\/strong><\/span><\/h3>\n<h3>[\/tx_column]<\/h3>\n<h5><\/h5>\n<h3><\/h3>\n<!--:-->","_et_gb_content_width":"","footnotes":""},"class_list":["post-45","page","type-page","status-publish","hentry"],"yoast_head":"<!-- This site is optimized with the Yoast SEO plugin v26.9 - https:\/\/yoast.com\/product\/yoast-seo-wordpress\/ -->\n<title>Abonos - Fertix Nutrici\u00f3n Vegetal S.L.<\/title>\n<meta name=\"robots\" content=\"index, follow, max-snippet:-1, max-image-preview:large, max-video-preview:-1\" \/>\n<link rel=\"canonical\" href=\"https:\/\/fertix.es\/en\/productos\/abonos-foliares\/\" \/>\n<meta property=\"og:locale\" content=\"en_GB\" \/>\n<meta property=\"og:type\" content=\"article\" \/>\n<meta property=\"og:title\" content=\"Abonos - Fertix Nutrici\u00f3n Vegetal S.L.\" \/>\n<meta property=\"og:description\" content=\"Abonos Abonos por v\u00eda foliar o radicular a base de NPK.Abonos En esta clasificaci\u00f3n encontrar\u00e1 los productos destinados a ser aplicados por v\u00eda foliar o radicular a base de NPK. Productos pensados para realizar un aporte de macroelementos y microelementos en momentos puntuales de mayor consumo y ayudar a la planta en dichos momentos, en [&hellip;]\" \/>\n<meta property=\"og:url\" content=\"https:\/\/fertix.es\/en\/productos\/abonos-foliares\/\" \/>\n<meta property=\"og:site_name\" content=\"Fertix Nutrici\u00f3n Vegetal S.L.\" \/>\n<meta property=\"article:modified_time\" content=\"2021-10-06T11:12:48+00:00\" \/>\n<meta name=\"twitter:card\" content=\"summary_large_image\" \/>\n<meta name=\"twitter:label1\" content=\"Estimated reading time\" \/>\n\t<meta name=\"twitter:data1\" content=\"3 minutes\" \/>\n<script type=\"application\/ld+json\" class=\"yoast-schema-graph\">{\"@context\":\"https:\/\/schema.org\",\"@graph\":[{\"@type\":\"WebPage\",\"@id\":\"https:\/\/fertix.es\/productos\/abonos-foliares\/\",\"url\":\"https:\/\/fertix.es\/productos\/abonos-foliares\/\",\"name\":\"Abonos - Fertix Nutrici\u00f3n Vegetal S.L.\",\"isPartOf\":{\"@id\":\"https:\/\/fertix.es\/#website\"},\"datePublished\":\"2015-05-13T16:18:14+00:00\",\"dateModified\":\"2021-10-06T11:12:48+00:00\",\"breadcrumb\":{\"@id\":\"https:\/\/fertix.es\/productos\/abonos-foliares\/#breadcrumb\"},\"inLanguage\":\"en-GB\",\"potentialAction\":[{\"@type\":\"ReadAction\",\"target\":[\"https:\/\/fertix.es\/productos\/abonos-foliares\/\"]}]},{\"@type\":\"BreadcrumbList\",\"@id\":\"https:\/\/fertix.es\/productos\/abonos-foliares\/#breadcrumb\",\"itemListElement\":[{\"@type\":\"ListItem\",\"position\":1,\"name\":\"Portada\",\"item\":\"https:\/\/fertix.es\/\"},{\"@type\":\"ListItem\",\"position\":2,\"name\":\"Productos\",\"item\":\"https:\/\/fertix.es\/productos\/\"},{\"@type\":\"ListItem\",\"position\":3,\"name\":\"Abonos\"}]},{\"@type\":\"WebSite\",\"@id\":\"https:\/\/fertix.es\/#website\",\"url\":\"https:\/\/fertix.es\/\",\"name\":\"Fertix Nutrici\u00f3n Vegetal S.L.\",\"description\":\"Fertix, abonos y fertilizantes para plantaciones hortofrut\u00edcolas.\",\"potentialAction\":[{\"@type\":\"SearchAction\",\"target\":{\"@type\":\"EntryPoint\",\"urlTemplate\":\"https:\/\/fertix.es\/?s={search_term_string}\"},\"query-input\":{\"@type\":\"PropertyValueSpecification\",\"valueRequired\":true,\"valueName\":\"search_term_string\"}}],\"inLanguage\":\"en-GB\"}]}<\/script>\n<!-- \/ Yoast SEO plugin. -->","yoast_head_json":{"title":"Abonos - Fertix Nutrici\u00f3n Vegetal S.L.","robots":{"index":"index","follow":"follow","max-snippet":"max-snippet:-1","max-image-preview":"max-image-preview:large","max-video-preview":"max-video-preview:-1"},"canonical":"https:\/\/fertix.es\/en\/productos\/abonos-foliares\/","og_locale":"en_GB","og_type":"article","og_title":"Abonos - Fertix Nutrici\u00f3n Vegetal S.L.","og_description":"Abonos Abonos por v\u00eda foliar o radicular a base de NPK.Abonos En esta clasificaci\u00f3n encontrar\u00e1 los productos destinados a ser aplicados por v\u00eda foliar o radicular a base de NPK. Productos pensados para realizar un aporte de macroelementos y microelementos en momentos puntuales de mayor consumo y ayudar a la planta en dichos momentos, en [&hellip;]","og_url":"https:\/\/fertix.es\/en\/productos\/abonos-foliares\/","og_site_name":"Fertix Nutrici\u00f3n Vegetal S.L.","article_modified_time":"2021-10-06T11:12:48+00:00","twitter_card":"summary_large_image","twitter_misc":{"Estimated reading time":"3 minutes"},"schema":{"@context":"https:\/\/schema.org","@graph":[{"@type":"WebPage","@id":"https:\/\/fertix.es\/productos\/abonos-foliares\/","url":"https:\/\/fertix.es\/productos\/abonos-foliares\/","name":"Abonos - Fertix Nutrici\u00f3n Vegetal S.L.","isPartOf":{"@id":"https:\/\/fertix.es\/#website"},"datePublished":"2015-05-13T16:18:14+00:00","dateModified":"2021-10-06T11:12:48+00:00","breadcrumb":{"@id":"https:\/\/fertix.es\/productos\/abonos-foliares\/#breadcrumb"},"inLanguage":"en-GB","potentialAction":[{"@type":"ReadAction","target":["https:\/\/fertix.es\/productos\/abonos-foliares\/"]}]},{"@type":"BreadcrumbList","@id":"https:\/\/fertix.es\/productos\/abonos-foliares\/#breadcrumb","itemListElement":[{"@type":"ListItem","position":1,"name":"Portada","item":"https:\/\/fertix.es\/"},{"@type":"ListItem","position":2,"name":"Productos","item":"https:\/\/fertix.es\/productos\/"},{"@type":"ListItem","position":3,"name":"Abonos"}]},{"@type":"WebSite","@id":"https:\/\/fertix.es\/#website","url":"https:\/\/fertix.es\/","name":"Fertix Nutrici\u00f3n Vegetal S.L.","description":"Fertix, fertilisers and fertilisers for fruit and vegetable plantations.","potentialAction":[{"@type":"SearchAction","target":{"@type":"EntryPoint","urlTemplate":"https:\/\/fertix.es\/?s={search_term_string}"},"query-input":{"@type":"PropertyValueSpecification","valueRequired":true,"valueName":"search_term_string"}}],"inLanguage":"en-GB"}]}},"_links":{"self":[{"href":"https:\/\/fertix.es\/en\/wp-json\/wp\/v2\/pages\/45","targetHints":{"allow":["GET"]}}],"collection":[{"href":"https:\/\/fertix.es\/en\/wp-json\/wp\/v2\/pages"}],"about":[{"href":"https:\/\/fertix.es\/en\/wp-json\/wp\/v2\/types\/page"}],"author":[{"embeddable":true,"href":"https:\/\/fertix.es\/en\/wp-json\/wp\/v2\/users\/2"}],"replies":[{"embeddable":true,"href":"https:\/\/fertix.es\/en\/wp-json\/wp\/v2\/comments?post=45"}],"version-history":[{"count":2,"href":"https:\/\/fertix.es\/en\/wp-json\/wp\/v2\/pages\/45\/revisions"}],"predecessor-version":[{"id":3971,"href":"https:\/\/fertix.es\/en\/wp-json\/wp\/v2\/pages\/45\/revisions\/3971"}],"up":[{"embeddable":true,"href":"https:\/\/fertix.es\/en\/wp-json\/wp\/v2\/pages\/30"}],"wp:attachment":[{"href":"https:\/\/fertix.es\/en\/wp-json\/wp\/v2\/media?parent=45"}],"curies":[{"name":"wp","href":"https:\/\/api.w.org\/{rel}","templated":true}]}}