{"id":4679,"date":"2024-04-15T14:09:03","date_gmt":"2024-04-15T12:09:03","guid":{"rendered":"https:\/\/fertix.es\/?page_id=4679"},"modified":"2024-04-15T14:17:28","modified_gmt":"2024-04-15T12:17:28","slug":"greener-micro","status":"publish","type":"page","link":"https:\/\/fertix.es\/en\/productos\/correctores-de-carencias-aplicacion-foliar\/greener-micro\/","title":{"rendered":"Greener Micro"},"content":{"rendered":"<p>[et_pb_section fb_built=\"1\u2033 _builder_version=\"4.16\u2033 background_image=\"https:\/\/fertix.es\/wp-content\/uploads\/2021\/10\/img-cabecera-especiales-scaled.jpg\" parallax=\"on\" global_colors_info=\"{}\"][et_pb_row _builder_version=\"4.16\u2033 _module_preset=\"default\" global_colors_info=\"{}\"][et_pb_column type=\"4_4\u2033 _builder_version=\"4.16\u2033 _module_preset=\"default\" global_colors_info=\"{}\"][et_pb_text _builder_version=\"4.24.3\u2033 _module_preset=\"default\" global_colors_info=\"{}\"]<\/p>\n<h1 style=\"text-align: center; font-size: 50px; color: white;\">Greener Micro<\/h1>\n<h3 style=\"text-align: center; text-decoration: none; color: white;\">Solid blend of chelated micronutrients<\/h3>\n<p>[\/et_pb_text][\/et_pb_column][\/et_pb_row][\/et_pb_section][et_pb_section fb_built=\"1\u2033 _builder_version=\"4.16\u2033 _module_preset=\"default\" global_colors_info=\"{}\"][et_pb_row column_structure=\"1_2,1_2\u2033 _builder_version=\"4.16\u2033 _module_preset=\"default\" global_colors_info=\"{}\"][et_pb_column type=\"1_2\u2033 _builder_version=\"4.16\u2033 _module_preset=\"default\" global_colors_info=\"{}\"][et_pb_text _builder_version=\"4.16\u2033 _module_preset=\"default\" global_colors_info=\"{}\"]<nav aria-label=\"breadcrumbs\" class=\"rank-math-breadcrumb\"><p><span class=\"last\">Home<\/span><\/p><\/nav>[\/et_pb_text][et_pb_image src=\"https:\/\/fertix.es\/wp-content\/uploads\/2024\/04\/Greener-Micro.webp\" title_text=\"Greener Micro\" _builder_version=\"4.24.3\u2033 _module_preset=\"default\" box_shadow_style=\"preset3\u2033 global_colors_info=\"{}\"][\/et_pb_image][\/et_pb_column][et_pb_column type=\"1_2\u2033 _builder_version=\"4.16\u2033 _module_preset=\"default\" global_colors_info=\"{}\"][et_pb_text _builder_version=\"4.24.3\u2033 _module_preset=\"default\" custom_margin=\"|||10px||false|false\" global_colors_info=\"{}\"]]<\/p>\n<div style=\"display: flex; flex-direction: row: justify-content: flex-start; align-items: center; flex-wrap: nowrap;\">\n<div>\n<h2>Greener Micro<\/h2>\n<\/div>\n<\/div>\n<p>[\/et_pb_text][et_pb_text _builder_version=\"4.24.3\u2033 _module_preset=\"default\" hover_enabled=\"0\u2033 global_colors_info=\"{}\" sticky_enabled=\"0\u2033]<\/p>\n<h4 style=\"line-height: 1.3em;\">Solid blend of chelated micronutrients<\/h4>\n<p>GREENER MICRO is a solid mixture of EDTA-chelated microelements designed to prevent and correct deficiencies of the microelements it contains in all types of crops. Its solid presentation makes it possible to offer a high concentration of microelements, so that up to six deficiencies can be corrected with the application of a single product.<\/p>\n<p>The balanced formula of GREENER MICRO allows it to be applied to any crop, as a preventive for deficiencies or as a corrector in case they have already appeared.<\/p>\n<p>The chelating agent EDTA prevents microelements from being blocked by the soil in the pH range 3 - 10, keeping them available to the plant until they are fully absorbed.[\/et_pb_text][et_pb_code _builder_version=\"4.16\u2033 _module_preset=\"default\" global_colors_info=\"{}\"][\/et_pb_code][et_pb_accordion open_toggle_background_color=\"RGBA(0,0,0,0)\" closed_toggle_background_color=\"RGBA(0,0,0,0,0)\" icon_color=\"#dd742e\" use_icon_font_size=\"on\" icon_font_size=\"28px\" _builder_version=\"4.24.3\u2033 _module_preset=\"default\" background_enable_image=\"off\" global_colors_info=\"{}\"][et_pb_accordion_item title=\"COMPOSITION\" open=\"on\" _builder_version=\"4.24.3\u2033 _module_preset=\"default\" global_colors_info=\"{}\"]<\/p>\n<div style=\"display: flex; flex-direction: row; justify-content: space-between; align-items: flex-start; flex-wrap: nowrap; line-height: 1.2em;\">\n<div style=\"text-align: left;\">\n<p>Boron (B)<\/p>\n<p>Copper (Cu)<\/p>\n<p>Iron (Fe)<\/p>\n<p>Manganese (Mn)<\/p>\n<p>Molybdenum (Mb)<\/p>\n<p>Zinc (Zn)<\/p>\n<p>EDTA chelating agent.<\/p>\n<\/div>\n<div style=\"text-align: right;\">\n<p>0,65% w\/w<\/p>\n<p>0,28% w\/w<\/p>\n<p>7,5% w\/w<\/p>\n<p>3,5% w\/w<\/p>\n<p>0,3% w\/w<\/p>\n<p>0,7% w\/w<\/p>\n<\/div>\n<\/div>\n<p>[\/et_pb_accordion_item][et_pb_accordion_item title=\"DOSAGE AND METHOD OF USE\" _builder_version=\"4.24.3\u2033 _module_preset=\"default\" global_colors_info=\"{}\" open=\"off\"]<\/p>\n<h6>Foliar application:<\/h6>\n<p><strong>Citrus fruit<\/strong><br \/>\n75 - 100 gr \/ Hl<br \/>\n<strong>Fruit trees<\/strong><br \/>\n75 - 100 gr \/ Hl<br \/>\n<strong>Horticulture<\/strong><br \/>\n50 - 80 gr \/ Hl<br \/>\n<strong>Olive tree<\/strong><br \/>\n75 - 100 gr \/ Hl<br \/>\n<strong>Vine<\/strong><br \/>\n50 - 80 gr \/ Hl<\/p>\n<h6>Root application:<\/h6>\n<p><strong>Citrus fruit<\/strong><br \/>\n2-3 Kg \/ Ha<br \/>\n<strong>Fruit trees<\/strong><br \/>\n2-3 Kg \/ Ha<br \/>\n<strong>Horticulture<\/strong><br \/>\n1,5-2 Kg \/ Ha<br \/>\n<strong>Olive tree<\/strong><br \/>\n2-3 Kg \/ Ha<br \/>\n<strong>Vine<\/strong><br \/>\n1,5-2 Kg \/ Ha<\/p>\n<p>&nbsp;<\/p>\n<h6>AVAILABLE SIZES<\/h6>\n<div style=\"display: flex; flex-direction: row; justify-content: flex-start; align-items: baseline;\">\n<div><img decoding=\"async\" class=\"garrafa\" src=\"\/wp-content\/uploads\/2021\/10\/5KG-BOLSA.png\" style=\"max-width: 45px;\" \/><\/div>\n<\/div>\n<p>[\/et_pb_accordion_item][\/et_pb_accordion][et_pb_button button_url=\"#form-gral\" button_text=\"REQUEST MORE INFORMATION \" _builder_version=\"4.16\u2033 _module_preset=\"default\" custom_css_main_element=\"width: 100%;\" global_colors_info=\"{}\"][\/et_pb_button][\/et_pb_column][\/et_pb_row][\/et_pb_section][et_pb_section fb_built=\"1\u2033 _builder_version=\"4.16\u2033 _module_preset=\"default\" global_colors_info=\"{}\"][et_pb_row _builder_version=\"4.16\u2033 _module_preset=\"default\" width=\"980px\" max_width=\"80%\" global_colors_info=\"{}\"][et_pb_column type=\"4_4\u2033 _builder_version=\"4.16\u2033 _module_preset=\"default\" global_colors_info=\"{}\"][et_pb_text _builder_version=\"4.16\u2033 _module_preset=\"default\" global_colors_info=\"{}\"]<\/p>\n<h2 style=\"text-align: center\">RELATED PRODUCTS<\/h2>\n<p>[\/et_pb_text][\/et_pb_column][\/et_pb_row][et_pb_row column_structure=\"1_3,1_3,1_3\u2033 _builder_version=\"4.16\u2033 _module_preset=\"default\" custom_padding=\"5px|||||\" global_colors_info=\"{}\"][et_pb_column type=\"1_3\u2033 _builder_version=\"4.16\u2033 _module_preset=\"default\" global_colors_info=\"{}\"][et_pb_blurb url=\"\/products\/special-products\/precal\/\" url_new_window=\"on\" image=\"https:\/\/fertix.en\/wp-content\/uploads\/2023\/05\/precal-corrector-carencias-20l.webp\" alt=\"Precal-corrector-carencias\" admin_label=\"Precal - Corrector\" _builder_version=\"4.21.0\u2033 _module_preset=\"default\" text_orientation=\"center\" global_module=\"4493\u2033 saved_tabs=\"all\" locked=\"off\" global_colors_info=\"{}\"]]<\/p>\n<h4>PRECAL<\/h4>\n<p style=\"text-align: center;\"><span class=\"tag-producto correctores\"><a href=\"\/en\/productos\/correctores-de-carencias-aplicacion-foliar\/\" style=\"color: var(--azul-correctores-fertix);\">Correctors<\/a><\/span><\/p>\n<p class=\"p1\">Calcium acetate solution.<\/p>\n<p><img decoding=\"async\" style=\"width: 75px;\" src=\"\/wp-content\/uploads\/2021\/10\/logo-eco-fertix-ingles.png\" \/><\/p>\n<p>[\/et_pb_blurb][\/et_pb_column][et_pb_column type=\"1_3\u2033 _builder_version=\"4.16\u2033 _module_preset=\"default\" global_colors_info=\"{}\"][et_pb_blurb url=\"\/products\/correctors-from-care-application-foliar\/drefens-mix\/\" url_new_window=\"on\" image=\"https:\/\/fertix.en\/wp-content\/uploads\/2021\/10\/fertix-drefens-mix.jpg\" admin_label=\"Drefens Mix - Corrector\" _builder_version=\"4.21.0\u2033 _module_preset=\"default\" text_orientation=\"center\" global_module=\"3463\u2033 saved_tabs=\"all\" global_colors_info=\"{}\"]<\/p>\n<h4>Drefens Mix<\/h4>\n<p><span class=\"tag-producto correctores\"><a href=\"\/en\/productos\/correctores-de-carencias-aplicacion-foliar\/\" style=\"color: var(--azul-correctores-fertix);\">Correctors<\/a><\/span><\/p>\n<p class=\"p1\">Mixture of microelements for foliar application.<\/p>\n<p>[\/et_pb_blurb][\/et_pb_column][et_pb_column type=\"1_3\u2033 _builder_version=\"4.16\u2033 _module_preset=\"default\" global_colors_info=\"{}\"][et_pb_blurb url=\"https:\/\/fertix.es\/productos\/correctores-de-carencias-aplicacion-foliar\/drefens-zm\/\" url_new_window=\"on\" image=\"https:\/\/fertix.en\/wp-content\/uploads\/2021\/10\/fertix-drefens-zm.jpg\" admin_label=\"Drefens ZM - Corrector\" _builder_version=\"4.21.0\u2033 _module_preset=\"default\" text_orientation=\"center\" global_module=\"3461\u2033 saved_tabs=\"all\" global_colors_info=\"{}\"]<\/p>\n<h4>Drefens ZM<\/h4>\n<p><span class=\"tag-producto correctores\"><a href=\"\/en\/productos\/correctores-de-carencias-aplicacion-foliar\/\" style=\"color: var(--azul-correctores-fertix);\">Correctors<\/a><\/span><\/p>\n<p class=\"p1\">Zinc and manganese deficiency corrector for foliar application.<\/p>\n<p><img decoding=\"async\" style=\"width: 75px;\" src=\"\/wp-content\/uploads\/2021\/10\/logo-eco-fertix-ingles.png\" \/><\/p>\n<p>[\/et_pb_blurb][\/et_pb_column][\/et_pb_row][\/et_pb_section][et_pb_section fb_built=\"1\u2033 _builder_version=\"4.16\u2033 _module_preset=\"default\" global_colors_info=\"{}\"][et_pb_row module_class=\"cta-code\" _builder_version=\"4.13.0\u2033 _module_preset=\"default\" width=\"100vw\" max_width=\"100vw\" module_alignment=\"center\" module_alignment_tablet=\"\" module_alignment_phone=\"\" module_alignment_last_edited=\"on|phone\" custom_css_main_element=\"overflow-x:hidden;||width: 100vw !important;|||max-width: 100%;\" global_module=\"3161\u2033 saved_tabs=\"all\" global_colors_info=\"{}\"][et_pb_column type=\"4_4\u2033 _builder_version=\"4.16\u2033 _module_preset=\"default\" global_colors_info=\"{}\"][et_pb_code _builder_version=\"4.18.0\u2033 _module_preset=\"default\" global_colors_info=\"{}\"]<\/p>\n<div class=\"cta_main\"><!-- [et_pb_line_break_holder] -->  <\/p>\n<div class=\"cta_main-img\"><!-- [et_pb_line_break_holder] -->    <img decoding=\"async\" src=\"\/wp-content\/uploads\/2021\/09\/fertix-request-catalogues-1.png\" style=\"width:450px; height:auto\"\/><!-- [et_pb_line_break_holder] -->    <!-- [et_pb_line_break_holder] -->  <\/div>\n<p><!-- [et_pb_line_break_holder] -->  <\/p>\n<div class=\"cta_main-text\"><!-- [et_pb_line_break_holder] -->    <!-- [et_pb_line_break_holder] --><!-- [et_pb_line_break_holder] -->  <\/p>\n<div class=\"cta-text-inside\"><!-- [et_pb_line_break_holder] -->    <\/p>\n<h3 class=\"cta_main-text\" style=\"text-transform:none; line-height: 1.3em;\"><!-- [et_pb_line_break_holder] -->      Fertix Fertilisers and fertilisers catalogues.<!-- [et_pb_line_break_holder] -->    <\/h3>\n<p><!-- [et_pb_line_break_holder] -->    <pee style=\"line-height: 1.5em;\"><!-- [et_pb_line_break_holder] -->      Consult all our product families by requesting our catalogues.<!-- [et_pb_line_break_holder] -->    <\/pee><!-- [et_pb_line_break_holder] -->  <\/div>\n<p><!-- [et_pb_line_break_holder] -->    <!-- [et_pb_line_break_holder] -->    <\/p>\n<div class=\"et_pb_button_module_wrapper  et_pb_module\"><!-- [et_pb_line_break_holder] -->\t\t\t\t<a class=\"et_pb_button et_pb_bg_layout_dark\" href=\"\/en\/catalogo\/\">Order Catalogues<\/a><!-- [et_pb_line_break_holder] -->\t\t\t<\/div>\n<p><!-- [et_pb_line_break_holder] --><!-- [et_pb_line_break_holder] --><\/div>\n<p><!-- [et_pb_line_break_holder] --><\/div>\n<p>[\/et_pb_code][\/et_pb_column][\/et_pb_row][\/et_pb_section][et_pb_section fb_built=\"1\u2033 admin_label=\"section\" _builder_version=\"4.16\u2033 global_colors_info=\"{}\"][et_pb_row module_id=\"form-gral\" _builder_version=\"4.16\u2033 _module_preset=\"default\" global_module=\"3141\u2033 saved_tabs=\"all\" global_colors_info=\"{}\"][et_pb_column type=\"4_4\u2033 _builder_version=\"4.16\u2033 _module_preset=\"default\" global_colors_info=\"{}\"][et_pb_text _builder_version=\"4.16\u2033 _module_preset=\"default\" global_colors_info=\"{}\"]<\/p>\n<h2>Request more information<\/h2>\n<p>\nIf you need more information about the product, its data sheet and\/or its safety data sheet, you can request it using the following form.\n<\/p>\n<p>[\/et_pb_text][et_pb_contact_form use_spam_service=\u00bbon\u00bb recaptcha_list=\u00bbDefault|Default-0&#8243; email=\u00bbinfo@fertix.es\u00bb custom_message=\u00bbFormulario enviado por %%Name%% desde %%Email%% ||et_pb_line_break_holder||||et_pb_line_break_holder||Tel\u00e9fono: %%Telf%%||et_pb_line_break_holder||Empresa: %%Empresa%%||et_pb_line_break_holder||Ciudad: %%Ciudad%%||et_pb_line_break_holder||Pa\u00eds: %%Pais%%||et_pb_line_break_holder||||et_pb_line_break_holder||El mensaje enviado es: %%Message%%||et_pb_line_break_holder||||et_pb_line_break_holder||RGPD: %%Privacy_Policy%% Pol\u00edtica de Privacidad\u00bb success_message=\u00bb\u00a1Gracias por contactar con nosotros! \u00bb module_class=\u00bbet-float-labels\u00bb _builder_version=\u00bb4.23.4&#8243; _module_preset=\u00bbdefault\u00bb _unique_id=\u00bb13428c4a-b679-40cd-8422-5e2f7c05dc8b\u00bb form_field_background_color=\u00bbRGBA(0,0,0,0)\u00bb form_field_custom_margin=\u00bb1.5px||||false|false\u00bb form_field_custom_padding=\u00bb0.5em||0.5em||true|false\u00bb form_field_font_size=\u00bb1em\u00bb form_field_line_height=\u00bb1.5em\u00bb border_width_bottom=\u00bb1px\u00bb global_colors_info=\u00bb{}\u00bb][et_pb_contact_field field_id=\u00bbName\u00bb field_title=\u00bbNombre y Apellidos \u00bb _builder_version=\u00bb4.16&#8243; global_colors_info=\u00bb{}\u00bb button_text_size__hover_enabled=\u00bboff\u00bb button_one_text_size__hover_enabled=\u00bboff\u00bb button_two_text_size__hover_enabled=\u00bboff\u00bb button_text_color__hover_enabled=\u00bboff\u00bb button_one_text_color__hover_enabled=\u00bboff\u00bb button_two_text_color__hover_enabled=\u00bboff\u00bb button_border_width__hover_enabled=\u00bboff\u00bb button_one_border_width__hover_enabled=\u00bboff\u00bb button_two_border_width__hover_enabled=\u00bboff\u00bb button_border_color__hover_enabled=\u00bboff\u00bb button_one_border_color__hover_enabled=\u00bboff\u00bb button_two_border_color__hover_enabled=\u00bboff\u00bb button_border_radius__hover_enabled=\u00bboff\u00bb button_one_border_radius__hover_enabled=\u00bboff\u00bb button_two_border_radius__hover_enabled=\u00bboff\u00bb button_letter_spacing__hover_enabled=\u00bboff\u00bb button_one_letter_spacing__hover_enabled=\u00bboff\u00bb button_two_letter_spacing__hover_enabled=\u00bboff\u00bb button_bg_color__hover_enabled=\u00bboff\u00bb button_one_bg_color__hover_enabled=\u00bboff\u00bb button_two_bg_color__hover_enabled=\u00bboff\u00bb][\/et_pb_contact_field][et_pb_contact_field field_id=\u00bbEmail\u00bb field_title=\u00bbDirecci\u00f3n de correo electr\u00f3nico\u00bb field_type=\u00bbemail\u00bb _builder_version=\u00bb4.16&#8243; global_colors_info=\u00bb{}\u00bb button_text_size__hover_enabled=\u00bboff\u00bb button_one_text_size__hover_enabled=\u00bboff\u00bb button_two_text_size__hover_enabled=\u00bboff\u00bb button_text_color__hover_enabled=\u00bboff\u00bb button_one_text_color__hover_enabled=\u00bboff\u00bb button_two_text_color__hover_enabled=\u00bboff\u00bb button_border_width__hover_enabled=\u00bboff\u00bb button_one_border_width__hover_enabled=\u00bboff\u00bb button_two_border_width__hover_enabled=\u00bboff\u00bb button_border_color__hover_enabled=\u00bboff\u00bb button_one_border_color__hover_enabled=\u00bboff\u00bb button_two_border_color__hover_enabled=\u00bboff\u00bb button_border_radius__hover_enabled=\u00bboff\u00bb button_one_border_radius__hover_enabled=\u00bboff\u00bb button_two_border_radius__hover_enabled=\u00bboff\u00bb button_letter_spacing__hover_enabled=\u00bboff\u00bb button_one_letter_spacing__hover_enabled=\u00bboff\u00bb button_two_letter_spacing__hover_enabled=\u00bboff\u00bb button_bg_color__hover_enabled=\u00bboff\u00bb button_one_bg_color__hover_enabled=\u00bboff\u00bb button_two_bg_color__hover_enabled=\u00bboff\u00bb][\/et_pb_contact_field][et_pb_contact_field field_id=\u00bbTelf\u00bb field_title=\u00bbTel\u00e9fono\u00bb _builder_version=\u00bb4.16&#8243; _module_preset=\u00bbdefault\u00bb global_colors_info=\u00bb{}\u00bb][\/et_pb_contact_field][et_pb_contact_field field_id=\u00bbEmpresa\u00bb field_title=\u00bbEmpresa\u00bb _builder_version=\u00bb4.16&#8243; _module_preset=\u00bbdefault\u00bb global_colors_info=\u00bb{}\u00bb][\/et_pb_contact_field][et_pb_contact_field field_id=\u00bbCiudad\u00bb field_title=\u00bbCiudad\u00bb _builder_version=\u00bb4.16&#8243; _module_preset=\u00bbdefault\u00bb global_colors_info=\u00bb{}\u00bb][\/et_pb_contact_field][et_pb_contact_field field_id=\u00bbPais\u00bb field_title=\u00bbPa\u00eds\u00bb _builder_version=\u00bb4.16&#8243; _module_preset=\u00bbdefault\u00bb global_colors_info=\u00bb{}\u00bb][\/et_pb_contact_field][et_pb_contact_field field_id=\u00bbMessage\u00bb field_title=\u00bbMensaje\u00bb field_type=\u00bbtext\u00bb fullwidth_field=\u00bbon\u00bb _builder_version=\u00bb4.16&#8243; global_colors_info=\u00bb{}\u00bb button_text_size__hover_enabled=\u00bboff\u00bb button_one_text_size__hover_enabled=\u00bboff\u00bb button_two_text_size__hover_enabled=\u00bboff\u00bb button_text_color__hover_enabled=\u00bboff\u00bb button_one_text_color__hover_enabled=\u00bboff\u00bb button_two_text_color__hover_enabled=\u00bboff\u00bb button_border_width__hover_enabled=\u00bboff\u00bb button_one_border_width__hover_enabled=\u00bboff\u00bb button_two_border_width__hover_enabled=\u00bboff\u00bb button_border_color__hover_enabled=\u00bboff\u00bb button_one_border_color__hover_enabled=\u00bboff\u00bb button_two_border_color__hover_enabled=\u00bboff\u00bb button_border_radius__hover_enabled=\u00bboff\u00bb button_one_border_radius__hover_enabled=\u00bboff\u00bb button_two_border_radius__hover_enabled=\u00bboff\u00bb button_letter_spacing__hover_enabled=\u00bboff\u00bb button_one_letter_spacing__hover_enabled=\u00bboff\u00bb button_two_letter_spacing__hover_enabled=\u00bboff\u00bb button_bg_color__hover_enabled=\u00bboff\u00bb button_one_bg_color__hover_enabled=\u00bboff\u00bb button_two_bg_color__hover_enabled=\u00bboff\u00bb][\/et_pb_contact_field][et_pb_contact_field field_id=\u00bbPrivacy_Policy\u00bb field_title=\u00bbPor favor, revise los t\u00e9rminos y condiciones de nuestra Pol\u00edtica de Privacidad\u00bb field_type=\u00bbcheckbox\u00bb checkbox_options=\u00bb%91{%22value%22:%22He le\u00eddo y comprendido la %22,%22checked%22:0,%22dragID%22:-1,%22link_url%22:%22\/politica-de-privacidad\/%22,%22link_text%22:%22Pol\u00edtica de privacidad%22}%93&#8243; fullwidth_field=\u00bbon\u00bb _builder_version=\u00bb4.16&#8243; _module_preset=\u00bbdefault\u00bb global_colors_info=\u00bb{}\u00bb][\/et_pb_contact_field][\/et_pb_contact_form][\/et_pb_column][\/et_pb_row][\/et_pb_section]<\/p>","protected":false},"excerpt":{"rendered":"<p>Greener Micro Solid blend of chelated micronutrients<nav aria-label=\"breadcrumbs\" class=\"rank-math-breadcrumb\"><p><span class=\"last\">Home<\/span><\/p><\/nav> Greener Micro Solid mixture of chelated micro-nutrients GREENER MICRO is a solid mixture of microelements chelated by EDTA designed to prevent and correct deficiencies of the microelements it contains in all types of crops. Its solid presentation makes it possible to offer a high concentration of microelements, so that [...]<\/p>","protected":false},"author":2,"featured_media":0,"parent":50,"menu_order":0,"comment_status":"closed","ping_status":"closed","template":"","meta":{"_et_pb_use_builder":"on","_et_pb_old_content":"","_et_gb_content_width":"","footnotes":""},"class_list":["post-4679","page","type-page","status-publish","hentry"],"yoast_head":"<!-- This site is optimized with the Yoast SEO plugin v26.9 - https:\/\/yoast.com\/product\/yoast-seo-wordpress\/ -->\n<title>Greener Micro - Fertix Nutrici\u00f3n Vegetal S.L.<\/title>\n<meta name=\"robots\" content=\"index, follow, max-snippet:-1, max-image-preview:large, max-video-preview:-1\" \/>\n<link rel=\"canonical\" href=\"https:\/\/fertix.es\/en\/productos\/correctores-de-carencias-aplicacion-foliar\/greener-micro\/\" \/>\n<meta property=\"og:locale\" content=\"en_GB\" \/>\n<meta property=\"og:type\" content=\"article\" \/>\n<meta property=\"og:title\" content=\"Greener Micro - Fertix Nutrici\u00f3n Vegetal S.L.\" \/>\n<meta property=\"og:description\" content=\"Greener Micro Mezcla s\u00f3lida de micronutrientes quelados Greener Micro Mezcla s\u00f3lida de micronutrientes quelados GREENER MICRO es una mezcla s\u00f3lida de microelementos quelados por EDTA dise\u00f1ada para prevenir y corregir las carencias de los microelementos que contiene en todo tipo de cultivos. Su presentaci\u00f3n s\u00f3lida permite ofrecer una alta concentraci\u00f3n de microelementos, de forma que [&hellip;]\" \/>\n<meta property=\"og:url\" content=\"https:\/\/fertix.es\/en\/productos\/correctores-de-carencias-aplicacion-foliar\/greener-micro\/\" \/>\n<meta property=\"og:site_name\" content=\"Fertix Nutrici\u00f3n Vegetal S.L.\" \/>\n<meta property=\"article:modified_time\" content=\"2024-04-15T12:17:28+00:00\" \/>\n<meta name=\"twitter:card\" content=\"summary_large_image\" \/>\n<meta name=\"twitter:label1\" content=\"Estimated reading time\" \/>\n\t<meta name=\"twitter:data1\" content=\"9 minutes\" \/>\n<script type=\"application\/ld+json\" class=\"yoast-schema-graph\">{\"@context\":\"https:\/\/schema.org\",\"@graph\":[{\"@type\":\"WebPage\",\"@id\":\"https:\/\/fertix.es\/productos\/correctores-de-carencias-aplicacion-foliar\/greener-micro\/\",\"url\":\"https:\/\/fertix.es\/productos\/correctores-de-carencias-aplicacion-foliar\/greener-micro\/\",\"name\":\"Greener Micro - Fertix Nutrici\u00f3n Vegetal S.L.\",\"isPartOf\":{\"@id\":\"https:\/\/fertix.es\/#website\"},\"datePublished\":\"2024-04-15T12:09:03+00:00\",\"dateModified\":\"2024-04-15T12:17:28+00:00\",\"breadcrumb\":{\"@id\":\"https:\/\/fertix.es\/productos\/correctores-de-carencias-aplicacion-foliar\/greener-micro\/#breadcrumb\"},\"inLanguage\":\"en-GB\",\"potentialAction\":[{\"@type\":\"ReadAction\",\"target\":[\"https:\/\/fertix.es\/productos\/correctores-de-carencias-aplicacion-foliar\/greener-micro\/\"]}]},{\"@type\":\"BreadcrumbList\",\"@id\":\"https:\/\/fertix.es\/productos\/correctores-de-carencias-aplicacion-foliar\/greener-micro\/#breadcrumb\",\"itemListElement\":[{\"@type\":\"ListItem\",\"position\":1,\"name\":\"Portada\",\"item\":\"https:\/\/fertix.es\/\"},{\"@type\":\"ListItem\",\"position\":2,\"name\":\"Productos\",\"item\":\"https:\/\/fertix.es\/productos\/\"},{\"@type\":\"ListItem\",\"position\":3,\"name\":\"Correctores de Carencias Aplicaci\u00f3n Foliar\",\"item\":\"https:\/\/fertix.es\/productos\/correctores-de-carencias-aplicacion-foliar\/\"},{\"@type\":\"ListItem\",\"position\":4,\"name\":\"Greener Micro\"}]},{\"@type\":\"WebSite\",\"@id\":\"https:\/\/fertix.es\/#website\",\"url\":\"https:\/\/fertix.es\/\",\"name\":\"Fertix Nutrici\u00f3n Vegetal S.L.\",\"description\":\"Fertix, abonos y fertilizantes para plantaciones hortofrut\u00edcolas.\",\"potentialAction\":[{\"@type\":\"SearchAction\",\"target\":{\"@type\":\"EntryPoint\",\"urlTemplate\":\"https:\/\/fertix.es\/?s={search_term_string}\"},\"query-input\":{\"@type\":\"PropertyValueSpecification\",\"valueRequired\":true,\"valueName\":\"search_term_string\"}}],\"inLanguage\":\"en-GB\"}]}<\/script>\n<!-- \/ Yoast SEO plugin. -->","yoast_head_json":{"title":"Greener Micro - Fertix Nutrici\u00f3n Vegetal S.L.","robots":{"index":"index","follow":"follow","max-snippet":"max-snippet:-1","max-image-preview":"max-image-preview:large","max-video-preview":"max-video-preview:-1"},"canonical":"https:\/\/fertix.es\/en\/productos\/correctores-de-carencias-aplicacion-foliar\/greener-micro\/","og_locale":"en_GB","og_type":"article","og_title":"Greener Micro - Fertix Nutrici\u00f3n Vegetal S.L.","og_description":"Greener Micro Mezcla s\u00f3lida de micronutrientes quelados Greener Micro Mezcla s\u00f3lida de micronutrientes quelados GREENER MICRO es una mezcla s\u00f3lida de microelementos quelados por EDTA dise\u00f1ada para prevenir y corregir las carencias de los microelementos que contiene en todo tipo de cultivos. Su presentaci\u00f3n s\u00f3lida permite ofrecer una alta concentraci\u00f3n de microelementos, de forma que [&hellip;]","og_url":"https:\/\/fertix.es\/en\/productos\/correctores-de-carencias-aplicacion-foliar\/greener-micro\/","og_site_name":"Fertix Nutrici\u00f3n Vegetal S.L.","article_modified_time":"2024-04-15T12:17:28+00:00","twitter_card":"summary_large_image","twitter_misc":{"Estimated reading time":"9 minutes"},"schema":{"@context":"https:\/\/schema.org","@graph":[{"@type":"WebPage","@id":"https:\/\/fertix.es\/productos\/correctores-de-carencias-aplicacion-foliar\/greener-micro\/","url":"https:\/\/fertix.es\/productos\/correctores-de-carencias-aplicacion-foliar\/greener-micro\/","name":"Greener Micro - Fertix Nutrici\u00f3n Vegetal S.L.","isPartOf":{"@id":"https:\/\/fertix.es\/#website"},"datePublished":"2024-04-15T12:09:03+00:00","dateModified":"2024-04-15T12:17:28+00:00","breadcrumb":{"@id":"https:\/\/fertix.es\/productos\/correctores-de-carencias-aplicacion-foliar\/greener-micro\/#breadcrumb"},"inLanguage":"en-GB","potentialAction":[{"@type":"ReadAction","target":["https:\/\/fertix.es\/productos\/correctores-de-carencias-aplicacion-foliar\/greener-micro\/"]}]},{"@type":"BreadcrumbList","@id":"https:\/\/fertix.es\/productos\/correctores-de-carencias-aplicacion-foliar\/greener-micro\/#breadcrumb","itemListElement":[{"@type":"ListItem","position":1,"name":"Portada","item":"https:\/\/fertix.es\/"},{"@type":"ListItem","position":2,"name":"Productos","item":"https:\/\/fertix.es\/productos\/"},{"@type":"ListItem","position":3,"name":"Correctores de Carencias Aplicaci\u00f3n Foliar","item":"https:\/\/fertix.es\/productos\/correctores-de-carencias-aplicacion-foliar\/"},{"@type":"ListItem","position":4,"name":"Greener Micro"}]},{"@type":"WebSite","@id":"https:\/\/fertix.es\/#website","url":"https:\/\/fertix.es\/","name":"Fertix Nutrici\u00f3n Vegetal S.L.","description":"Fertix, fertilisers and fertilisers for fruit and vegetable plantations.","potentialAction":[{"@type":"SearchAction","target":{"@type":"EntryPoint","urlTemplate":"https:\/\/fertix.es\/?s={search_term_string}"},"query-input":{"@type":"PropertyValueSpecification","valueRequired":true,"valueName":"search_term_string"}}],"inLanguage":"en-GB"}]}},"_links":{"self":[{"href":"https:\/\/fertix.es\/en\/wp-json\/wp\/v2\/pages\/4679","targetHints":{"allow":["GET"]}}],"collection":[{"href":"https:\/\/fertix.es\/en\/wp-json\/wp\/v2\/pages"}],"about":[{"href":"https:\/\/fertix.es\/en\/wp-json\/wp\/v2\/types\/page"}],"author":[{"embeddable":true,"href":"https:\/\/fertix.es\/en\/wp-json\/wp\/v2\/users\/2"}],"replies":[{"embeddable":true,"href":"https:\/\/fertix.es\/en\/wp-json\/wp\/v2\/comments?post=4679"}],"version-history":[{"count":5,"href":"https:\/\/fertix.es\/en\/wp-json\/wp\/v2\/pages\/4679\/revisions"}],"predecessor-version":[{"id":4691,"href":"https:\/\/fertix.es\/en\/wp-json\/wp\/v2\/pages\/4679\/revisions\/4691"}],"up":[{"embeddable":true,"href":"https:\/\/fertix.es\/en\/wp-json\/wp\/v2\/pages\/50"}],"wp:attachment":[{"href":"https:\/\/fertix.es\/en\/wp-json\/wp\/v2\/media?parent=4679"}],"curies":[{"name":"wp","href":"https:\/\/api.w.org\/{rel}","templated":true}]}}