{"id":1784,"date":"2015-08-05T14:00:35","date_gmt":"2015-08-05T12:00:35","guid":{"rendered":"https:\/\/fertix.es\/?page_id=1784"},"modified":"2022-10-04T14:08:36","modified_gmt":"2022-10-04T12:08:36","slug":"catalogo","status":"publish","type":"page","link":"https:\/\/fertix.es\/fr\/catalogo\/","title":{"rendered":"Catalogues"},"content":{"rendered":"<p>[et_pb_section fb_built=\"1\u2033 _builder_version=\"4.16\u2033 background_image=\"https:\/\/fertix.es\/wp-content\/uploads\/2021\/10\/img-cabecera-catalogos-scaled.jpg\" global_colors_info=\"{}\"][et_pb_row _builder_version=\"4.16\u2033 _module_preset=\"default\" global_colors_info=\"{}\"][et_pb_column type=\"4_4\u2033 _builder_version=\"4.16\u2033 _module_preset=\"default\" global_colors_info=\"{}\"][et_pb_text _builder_version=\"4.16\u2033 _module_preset=\"default\" global_colors_info=\"{}\"]<\/p>\n<h1 style=\"text-align: center; font-size: 50px; color: white;\">Catalogues Fertix\u00a0<\/h1>\n<p>&nbsp;<\/p>\n<h3 style=\"text-align: center; text-decoration: none; color: white;\">Catalogue G\u00e9n\u00e9ral | Catalogue Eco | Catalogue Olivo<\/h3>\n<p>[\/et_pb_text][\/et_pb_column][\/et_pb_row][\/et_pb_section][et_pb_section fb_built=\"1\u2033 _builder_version=\"4.16\u2033 _module_preset=\"default\" global_colors_info=\"{}\"][et_pb_row _builder_version=\"4.16\u2033 _module_preset=\"default\" max_width=\"980px\" global_colors_info=\"{}\"][et_pb_column type=\"4_4\u2033 _builder_version=\"4.16\u2033 _module_preset=\"default\" global_colors_info=\"{}\"][et_pb_text _builder_version=\"4.16\u2033 _module_preset=\"default\" global_colors_info=\"{}\"]<nav aria-label=\"chapelure\" class=\"rank-math-breadcrumb\"><p><span class=\"last\">Accueil<\/span><\/p><\/nav>[\/et_pb_text][\/et_pb_column][\/et_pb_row][et_pb_row _builder_version=\"4.16\u2033 _module_preset=\"default\" width=\"980px\" max_width=\"80%\" global_colors_info=\"{}\"][et_pb_column type=\"4_4\u2033 _builder_version=\"4.16\u2033 _module_preset=\"default\" global_colors_info=\"{}\"][et_pb_text _builder_version=\"4.16\u2033 _module_preset=\"default\" global_colors_info=\"{}\"]<\/p>\n<h2>CATALOGUES FERTIX\u00a0<\/h2>\n<p>Nous avons s\u00e9par\u00e9 nos produits, en cr\u00e9ant des catalogues sp\u00e9cifiques pour les oliveraies et l'agriculture biologique, qui s'ajoutent au catalogue g\u00e9n\u00e9ral, facilitant ainsi la recherche de la solution ad\u00e9quate pour chaque environnement.<\/p>\n<p>Vous trouverez ici les catalogues que nous avons cr\u00e9\u00e9s, diff\u00e9renci\u00e9s par produits g\u00e9n\u00e9raux, produits biologiques et le catalogue sp\u00e9cifique \u00e0 l'oliveraie.<\/p>\n<p>Commandez le v\u00f4tre !<\/p>\n<p>[\/et_pb_text][\/et_pb_column][\/et_pb_row][et_pb_row column_structure=\"1_3,1_3,1_3\u2033 make_equal=\"on\" _builder_version=\"4.16\u2033 _module_preset=\"default\" max_width=\"980px\" custom_padding=\"|||50px||\" global_colors_info=\"{}\"][et_pb_column type=\"1_3\u2033 _builder_version=\"4.16\u2033 _module_preset=\"default\" global_colors_info=\"{}\"][et_pb_blurb url=\"#form-catalogo\" image=\"https:\/\/fertix.es\/wp-content\/uploads\/2021\/10\/catalogo-general-productos-2021.jpg\" module_class=\"blurb_catalogo\" _builder_version=\"4.16\u2033 _module_preset=\"default\" text_orientation=\"center\" global_colors_info=\"{}\"]<\/p>\n<h2 style=\"text-align: center;\">Catalogue g\u00e9n\u00e9ral des produits Fertix\u00a0<\/h2>\n<p>Tous les produits Fertix en un coup d'\u0153il.<\/p>\n<p>[\/et_pb_blurb][et_pb_button button_url=\"#form-catalogue\" button_text=\"Demande de catalogue\" button_alignment=\"center\" _builder_version=\"4.16\u2033 _module_preset=\"default\" global_colors_info=\"{}\"][\/et_pb_button][\/et_pb_button][\/et_pb_column][et_pb_column type=\"1_3\u2033 _builder_version=\"4.16\u2033 _module_preset=\"default\" global_colors_info=\"{}\"][et_pb_blurb url=\"#form-catalogue\" image=\"https:\/\/fertix.es\/wp-content\/uploads\/2021\/10\/catalogo-productos-eco-2021-1.jpg\" module_class=\"blurb_catalogue\" _builder_version=\"4.16\u2033 _module_preset=\"default\" text_orientation=\"center\" global_colors_info=\"{}\"]]<\/p>\n<h2>Catalogue des produits biologiques\u00a0<\/h2>\n<p>Sp\u00e9cialit\u00e9s et solutions certifi\u00e9es pour une utilisation en agriculture biologique.<\/p>\n<p>[\/et_pb_blurb][et_pb_button button_url=\"#form-catalogue\" button_text=\"Demande de catalogue\" button_alignment=\"center\" _builder_version=\"4.16\u2033 _module_preset=\"default\" global_colors_info=\"{}\"][\/et_pb_button][\/et_pb_button][\/et_pb_column][et_pb_column type=\"1_3\u2033 _builder_version=\"4.16\u2033 _module_preset=\"default\" global_colors_info=\"{}\"][et_pb_blurb url=\"#form-catalogue\" image=\"https:\/\/fertix.es\/wp-content\/uploads\/2021\/10\/catalogo-productos-especial-olivo-2021.jpg\" module_class=\"blurb_catalogue\" _builder_version=\"4.16\u2033 _module_preset=\"default\" text_orientation=\"center\" global_colors_info=\"{}\"]]<\/p>\n<h2>Catalogue des produits sp\u00e9ciaux d'Olive Tree<\/h2>\n<p>En raison de son importance dans le secteur agricole, nous avons s\u00e9lectionn\u00e9 une gamme de produits sp\u00e9cifiques pour les oliveraies.<\/p>\n<p>[\/et_pb_blurb][et_pb_button button_url=\"#form-catalogue\" button_text=\"Demande de catalogue\" button_alignment=\"center\" _builder_version=\"4.16\u2033 _module_preset=\"default\" global_colors_info=\"{}\"][\/et_pb_button][\/et_pb_column][\/et_pb_row][et_pb_row module_class=\"cta-code\" _builder_version=\"4.11.1\u2033 _module_preset=\"default\" global_module=\"3160\u2033 global_colors_info=\"{}\"][et_pb_column type=\"4_4\u2033 _builder_version=\"4.16\u2033 _module_preset=\"default\" global_colors_info=\"{}\"][et_pb_code _builder_version=\"4.16\u2033 _module_preset=\"default\" global_colors_info=\"{}\"]<\/p>\n<div class=\"cta_main\"><!-- [et_pb_line_break_holder] -->  <\/p>\n<div class=\"cta_main-img\"><!-- [et_pb_line_break_holder] -->    <img decoding=\"async\" src=\"\/wp-content\/uploads\/2021\/10\/img-cta-eco.png\" style=\"width:400px; height:auto\"\/><!-- [et_pb_line_break_holder] -->    <!-- [et_pb_line_break_holder] -->  <\/div>\n<p><!-- [et_pb_line_break_holder] -->  <\/p>\n<div class=\"cta_main-text\"><!-- [et_pb_line_break_holder] -->    <!-- [et_pb_line_break_holder] --><!-- [et_pb_line_break_holder] -->  <\/p>\n<div><!-- [et_pb_line_break_holder] -->    <\/p>\n<h3 class=\"cta_main-text\" style=\"text-transform:none; line-height: 1.3em\"><!-- [et_pb_line_break_holder] -->      D\u00e9couvrez notre gamme de produits pour l'agriculture biologique.<!-- [et_pb_line_break_holder] -->    <\/h3>\n<p><!-- [et_pb_line_break_holder] -->  <!-- [et_pb_line_break_holder] -->  <\/div>\n<p><!-- [et_pb_line_break_holder] -->    <!-- [et_pb_line_break_holder] -->    <\/p>\n<div class=\"et_pb_button_module_wrapper et_pb_button_0_wrapper  et_pb_module\"><!-- [et_pb_line_break_holder] -->\t\t\t\t<a class=\"et_pb_button et_pb_button_0 et_pb_bg_layout_dark\" href=\"\/fr\/productos\/productos-agricultura-ecologica\/\">Voir les produits Eco<\/a><!-- [et_pb_line_break_holder] -->\t\t\t<\/div>\n<p><!-- [et_pb_line_break_holder] --><!-- [et_pb_line_break_holder] --><\/div>\n<p><!-- [et_pb_line_break_holder] --><\/div>\n<p>[\/et_pb_code][\/et_pb_column][\/et_pb_row][et_pb_row module_id=\u00bbform-catalogo\u00bb _builder_version=\u00bb4.11.0&#8243; _module_preset=\u00bbdefault\u00bb custom_margin=\u00bb50px|auto||auto||\u00bb global_module=\u00bb3140&#8243; global_colors_info=\u00bb{}\u00bb][et_pb_column type=\u00bb4_4&#8243; _builder_version=\u00bb4.16&#8243; _module_preset=\u00bbdefault\u00bb global_colors_info=\u00bb{}\u00bb][et_pb_contact_form use_spam_service=\u00bbon\u00bb recaptcha_list=\u00bbDefault|Default-0&#8243; email=\u00bbinfo@fertix.es\u00bb title=\u00bbSolicitar cat\u00e1logos Fertix\u00bb custom_message=\u00bbFormulario enviado por %%Name%% desde %%Email%% ||et_pb_line_break_holder||||et_pb_line_break_holder||Cat\u00e1logo Solicitado: %%catalogo%%||et_pb_line_break_holder||Tel\u00e9fono: %%Telf%%||et_pb_line_break_holder||Empresa: %%Empresa%%||et_pb_line_break_holder||Ciudad: %%Ciudad%%||et_pb_line_break_holder||Pa\u00eds: %%Pais%%||et_pb_line_break_holder||||et_pb_line_break_holder||El mensaje enviado es: %%Message%%||et_pb_line_break_holder||||et_pb_line_break_holder||RGPD: %%Privacy_Policy%%\u00bb success_message=\u00bb\u00a1Gracias por contactar con nosotros! \u00bb module_class=\u00bbet-float-labels, form_catalogo\u00bb _builder_version=\u00bb4.18.0&#8243; _module_preset=\u00bbdefault\u00bb _unique_id=\u00bb79202497-ce89-41d8-b861-6ecda869fe19&#8243; form_field_background_color=\u00bbRGBA(0,0,0,0)\u00bb form_field_custom_margin=\u00bb1.5px||||false|false\u00bb form_field_custom_padding=\u00bb0.5em||0.5em||true|false\u00bb form_field_font_size=\u00bb1em\u00bb form_field_line_height=\u00bb1.5em\u00bb custom_padding=\u00bb5px|||||\u00bb hover_enabled=\u00bb0&#8243; border_width_bottom=\u00bb1px\u00bb global_colors_info=\u00bb{}\u00bb sticky_enabled=\u00bb0&#8243;][et_pb_contact_field field_id=\u00bbcatalogo\u00bb field_title=\u00bbSeleccione el cat\u00e1logo que quiere solicitar\u00bb field_type=\u00bbselect\u00bb select_options=\u00bb%91{%22value%22:%22Cat\u00e1logo General Fertix %22,%22checked%22:0,%22dragID%22:-1},{%22value%22:%22Cat\u00e1logo Productos Ecol\u00f3gicos %22,%22checked%22:0,%22dragID%22:0},{%22value%22:%22Cat\u00e1logo Productos Especial Olivo %22,%22checked%22:0,%22dragID%22:1}%93&#8243; fullwidth_field=\u00bbon\u00bb _builder_version=\u00bb4.18.0&#8243; _module_preset=\u00bbdefault\u00bb custom_margin=\u00bb||4em||false|false\u00bb hover_enabled=\u00bb0&#8243; global_colors_info=\u00bb{}\u00bb sticky_enabled=\u00bb0&#8243;][\/et_pb_contact_field][et_pb_contact_field field_id=\u00bbName\u00bb field_title=\u00bbNombre y Apellidos \u00bb _builder_version=\u00bb4.16&#8243; global_colors_info=\u00bb{}\u00bb button_text_size__hover_enabled=\u00bboff\u00bb button_one_text_size__hover_enabled=\u00bboff\u00bb button_two_text_size__hover_enabled=\u00bboff\u00bb button_text_color__hover_enabled=\u00bboff\u00bb button_one_text_color__hover_enabled=\u00bboff\u00bb button_two_text_color__hover_enabled=\u00bboff\u00bb button_border_width__hover_enabled=\u00bboff\u00bb button_one_border_width__hover_enabled=\u00bboff\u00bb button_two_border_width__hover_enabled=\u00bboff\u00bb button_border_color__hover_enabled=\u00bboff\u00bb button_one_border_color__hover_enabled=\u00bboff\u00bb button_two_border_color__hover_enabled=\u00bboff\u00bb button_border_radius__hover_enabled=\u00bboff\u00bb button_one_border_radius__hover_enabled=\u00bboff\u00bb button_two_border_radius__hover_enabled=\u00bboff\u00bb button_letter_spacing__hover_enabled=\u00bboff\u00bb button_one_letter_spacing__hover_enabled=\u00bboff\u00bb button_two_letter_spacing__hover_enabled=\u00bboff\u00bb button_bg_color__hover_enabled=\u00bboff\u00bb button_one_bg_color__hover_enabled=\u00bboff\u00bb button_two_bg_color__hover_enabled=\u00bboff\u00bb][\/et_pb_contact_field][et_pb_contact_field field_id=\u00bbEmail\u00bb field_title=\u00bbDirecci\u00f3n de correo electr\u00f3nico\u00bb field_type=\u00bbemail\u00bb _builder_version=\u00bb4.16&#8243; global_colors_info=\u00bb{}\u00bb button_text_size__hover_enabled=\u00bboff\u00bb button_one_text_size__hover_enabled=\u00bboff\u00bb button_two_text_size__hover_enabled=\u00bboff\u00bb button_text_color__hover_enabled=\u00bboff\u00bb button_one_text_color__hover_enabled=\u00bboff\u00bb button_two_text_color__hover_enabled=\u00bboff\u00bb button_border_width__hover_enabled=\u00bboff\u00bb button_one_border_width__hover_enabled=\u00bboff\u00bb button_two_border_width__hover_enabled=\u00bboff\u00bb button_border_color__hover_enabled=\u00bboff\u00bb button_one_border_color__hover_enabled=\u00bboff\u00bb button_two_border_color__hover_enabled=\u00bboff\u00bb button_border_radius__hover_enabled=\u00bboff\u00bb button_one_border_radius__hover_enabled=\u00bboff\u00bb button_two_border_radius__hover_enabled=\u00bboff\u00bb button_letter_spacing__hover_enabled=\u00bboff\u00bb button_one_letter_spacing__hover_enabled=\u00bboff\u00bb button_two_letter_spacing__hover_enabled=\u00bboff\u00bb button_bg_color__hover_enabled=\u00bboff\u00bb button_one_bg_color__hover_enabled=\u00bboff\u00bb button_two_bg_color__hover_enabled=\u00bboff\u00bb][\/et_pb_contact_field][et_pb_contact_field field_id=\u00bbTelf\u00bb field_title=\u00bbTel\u00e9fono\u00bb _builder_version=\u00bb4.16&#8243; _module_preset=\u00bbdefault\u00bb global_colors_info=\u00bb{}\u00bb][\/et_pb_contact_field][et_pb_contact_field field_id=\u00bbEmpresa\u00bb field_title=\u00bbEmpresa\u00bb _builder_version=\u00bb4.16&#8243; _module_preset=\u00bbdefault\u00bb global_colors_info=\u00bb{}\u00bb][\/et_pb_contact_field][et_pb_contact_field field_id=\u00bbCiudad\u00bb field_title=\u00bbCiudad\u00bb _builder_version=\u00bb4.16&#8243; _module_preset=\u00bbdefault\u00bb global_colors_info=\u00bb{}\u00bb][\/et_pb_contact_field][et_pb_contact_field field_id=\u00bbPais\u00bb field_title=\u00bbPa\u00eds\u00bb _builder_version=\u00bb4.16&#8243; _module_preset=\u00bbdefault\u00bb global_colors_info=\u00bb{}\u00bb][\/et_pb_contact_field][et_pb_contact_field field_id=\u00bbMessage\u00bb field_title=\u00bbMensaje\u00bb field_type=\u00bbtext\u00bb fullwidth_field=\u00bbon\u00bb _builder_version=\u00bb4.16&#8243; global_colors_info=\u00bb{}\u00bb button_text_size__hover_enabled=\u00bboff\u00bb button_one_text_size__hover_enabled=\u00bboff\u00bb button_two_text_size__hover_enabled=\u00bboff\u00bb button_text_color__hover_enabled=\u00bboff\u00bb button_one_text_color__hover_enabled=\u00bboff\u00bb button_two_text_color__hover_enabled=\u00bboff\u00bb button_border_width__hover_enabled=\u00bboff\u00bb button_one_border_width__hover_enabled=\u00bboff\u00bb button_two_border_width__hover_enabled=\u00bboff\u00bb button_border_color__hover_enabled=\u00bboff\u00bb button_one_border_color__hover_enabled=\u00bboff\u00bb button_two_border_color__hover_enabled=\u00bboff\u00bb button_border_radius__hover_enabled=\u00bboff\u00bb button_one_border_radius__hover_enabled=\u00bboff\u00bb button_two_border_radius__hover_enabled=\u00bboff\u00bb button_letter_spacing__hover_enabled=\u00bboff\u00bb button_one_letter_spacing__hover_enabled=\u00bboff\u00bb button_two_letter_spacing__hover_enabled=\u00bboff\u00bb button_bg_color__hover_enabled=\u00bboff\u00bb button_one_bg_color__hover_enabled=\u00bboff\u00bb button_two_bg_color__hover_enabled=\u00bboff\u00bb][\/et_pb_contact_field][et_pb_contact_field field_id=\u00bbPrivacy_Policy\u00bb field_title=\u00bbPor favor, revise los t\u00e9rminos y condiciones de nuestra Pol\u00edtica de Privacidad\u00bb field_type=\u00bbcheckbox\u00bb checkbox_options=\u00bb%91{%22value%22:%22He le\u00eddo y comprendido la %22,%22checked%22:0,%22dragID%22:-1,%22link_url%22:%22\/politica-de-privacidad\/%22,%22link_text%22:%22Pol\u00edtica de Privacidad%22}%93&#8243; fullwidth_field=\u00bbon\u00bb _builder_version=\u00bb4.16&#8243; _module_preset=\u00bbdefault\u00bb global_colors_info=\u00bb{}\u00bb][\/et_pb_contact_field][\/et_pb_contact_form][\/et_pb_column][\/et_pb_row][\/et_pb_section]<\/p>","protected":false},"excerpt":{"rendered":"<p>Catalogues Fertix Catalogue g\u00e9n\u00e9ral | Catalogue Eco | Catalogue Olive | Catalogue Olive<nav aria-label=\"chapelure\" class=\"rank-math-breadcrumb\"><p><span class=\"last\">Accueil<\/span><\/p><\/nav>CATALOGUES FERTIX Nous avons s\u00e9par\u00e9 nos produits en cr\u00e9ant des catalogues sp\u00e9cifiques pour les oliveraies et l'agriculture biologique, qui s'ajoutent au catalogue g\u00e9n\u00e9ral, ce qui permet de trouver plus facilement la solution adapt\u00e9e \u00e0 chaque environnement. Vous trouverez ici les catalogues que nous avons cr\u00e9\u00e9s, diff\u00e9renci\u00e9s par produits g\u00e9n\u00e9raux, produits \u00e9cologiques et produits biologiques.<\/p>","protected":false},"author":2,"featured_media":0,"parent":0,"menu_order":0,"comment_status":"closed","ping_status":"closed","template":"","meta":{"_et_pb_use_builder":"on","_et_pb_old_content":"<!--:es--><a href=\"https:\/\/fertix.es\/contacto\/\">Solicitar Cat\u00e1logo<\/a><!--:--><!--:en--><!--:-->","_et_gb_content_width":"","footnotes":""},"class_list":["post-1784","page","type-page","status-publish","hentry"],"yoast_head":"<!-- This site is optimized with the Yoast SEO plugin v26.9 - https:\/\/yoast.com\/product\/yoast-seo-wordpress\/ -->\n<title>Cat\u00e1logos - Fertix Nutrici\u00f3n Vegetal S.L.<\/title>\n<meta name=\"robots\" content=\"index, follow, max-snippet:-1, max-image-preview:large, max-video-preview:-1\" \/>\n<link rel=\"canonical\" href=\"https:\/\/fertix.es\/fr\/catalogo\/\" \/>\n<meta property=\"og:locale\" content=\"fr_FR\" \/>\n<meta property=\"og:type\" content=\"article\" \/>\n<meta property=\"og:title\" content=\"Cat\u00e1logos - Fertix Nutrici\u00f3n Vegetal S.L.\" \/>\n<meta property=\"og:description\" content=\"Cat\u00e1logos Fertix\u00a0 &nbsp; Cat\u00e1logo General | Cat\u00e1logo Eco | Cat\u00e1logo OlivoCAT\u00c1LOGOS FERTIX\u00a0 Hemos separado nuestros productos, creando cat\u00e1logos espec\u00edficos para olivar y agricultura ecol\u00f3gica, que se suman al cat\u00e1logo general, haciendo m\u00e1s f\u00e1cil la b\u00fasqueda de la soluci\u00f3n adecuada a cada entorno. Aqu\u00ed podr\u00e1s encontrar los cat\u00e1logos que hemos creado diferenciados por General, Productos ecol\u00f3gicos [&hellip;]\" \/>\n<meta property=\"og:url\" content=\"https:\/\/fertix.es\/fr\/catalogo\/\" \/>\n<meta property=\"og:site_name\" content=\"Fertix Nutrici\u00f3n Vegetal S.L.\" \/>\n<meta property=\"article:modified_time\" content=\"2022-10-04T12:08:36+00:00\" \/>\n<meta name=\"twitter:card\" content=\"summary_large_image\" \/>\n<meta name=\"twitter:label1\" content=\"Dur\u00e9e de lecture estim\u00e9e\" \/>\n\t<meta name=\"twitter:data1\" content=\"8 minutes\" \/>\n<script type=\"application\/ld+json\" class=\"yoast-schema-graph\">{\"@context\":\"https:\/\/schema.org\",\"@graph\":[{\"@type\":\"WebPage\",\"@id\":\"https:\/\/fertix.es\/catalogo\/\",\"url\":\"https:\/\/fertix.es\/catalogo\/\",\"name\":\"Cat\u00e1logos - Fertix Nutrici\u00f3n Vegetal S.L.\",\"isPartOf\":{\"@id\":\"https:\/\/fertix.es\/#website\"},\"datePublished\":\"2015-08-05T12:00:35+00:00\",\"dateModified\":\"2022-10-04T12:08:36+00:00\",\"breadcrumb\":{\"@id\":\"https:\/\/fertix.es\/catalogo\/#breadcrumb\"},\"inLanguage\":\"fr-FR\",\"potentialAction\":[{\"@type\":\"ReadAction\",\"target\":[\"https:\/\/fertix.es\/catalogo\/\"]}]},{\"@type\":\"BreadcrumbList\",\"@id\":\"https:\/\/fertix.es\/catalogo\/#breadcrumb\",\"itemListElement\":[{\"@type\":\"ListItem\",\"position\":1,\"name\":\"Portada\",\"item\":\"https:\/\/fertix.es\/\"},{\"@type\":\"ListItem\",\"position\":2,\"name\":\"Cat\u00e1logos\"}]},{\"@type\":\"WebSite\",\"@id\":\"https:\/\/fertix.es\/#website\",\"url\":\"https:\/\/fertix.es\/\",\"name\":\"Fertix Nutrici\u00f3n Vegetal S.L.\",\"description\":\"Fertix, abonos y fertilizantes para plantaciones hortofrut\u00edcolas.\",\"potentialAction\":[{\"@type\":\"SearchAction\",\"target\":{\"@type\":\"EntryPoint\",\"urlTemplate\":\"https:\/\/fertix.es\/?s={search_term_string}\"},\"query-input\":{\"@type\":\"PropertyValueSpecification\",\"valueRequired\":true,\"valueName\":\"search_term_string\"}}],\"inLanguage\":\"fr-FR\"}]}<\/script>\n<!-- \/ Yoast SEO plugin. -->","yoast_head_json":{"title":"Cat\u00e1logos - Fertix Nutrici\u00f3n Vegetal S.L.","robots":{"index":"index","follow":"follow","max-snippet":"max-snippet:-1","max-image-preview":"max-image-preview:large","max-video-preview":"max-video-preview:-1"},"canonical":"https:\/\/fertix.es\/fr\/catalogo\/","og_locale":"fr_FR","og_type":"article","og_title":"Cat\u00e1logos - Fertix Nutrici\u00f3n Vegetal S.L.","og_description":"Cat\u00e1logos Fertix\u00a0 &nbsp; Cat\u00e1logo General | Cat\u00e1logo Eco | Cat\u00e1logo OlivoCAT\u00c1LOGOS FERTIX\u00a0 Hemos separado nuestros productos, creando cat\u00e1logos espec\u00edficos para olivar y agricultura ecol\u00f3gica, que se suman al cat\u00e1logo general, haciendo m\u00e1s f\u00e1cil la b\u00fasqueda de la soluci\u00f3n adecuada a cada entorno. Aqu\u00ed podr\u00e1s encontrar los cat\u00e1logos que hemos creado diferenciados por General, Productos ecol\u00f3gicos [&hellip;]","og_url":"https:\/\/fertix.es\/fr\/catalogo\/","og_site_name":"Fertix Nutrici\u00f3n Vegetal S.L.","article_modified_time":"2022-10-04T12:08:36+00:00","twitter_card":"summary_large_image","twitter_misc":{"Dur\u00e9e de lecture estim\u00e9e":"8 minutes"},"schema":{"@context":"https:\/\/schema.org","@graph":[{"@type":"WebPage","@id":"https:\/\/fertix.es\/catalogo\/","url":"https:\/\/fertix.es\/catalogo\/","name":"Cat\u00e1logos - Fertix Nutrici\u00f3n Vegetal S.L.","isPartOf":{"@id":"https:\/\/fertix.es\/#website"},"datePublished":"2015-08-05T12:00:35+00:00","dateModified":"2022-10-04T12:08:36+00:00","breadcrumb":{"@id":"https:\/\/fertix.es\/catalogo\/#breadcrumb"},"inLanguage":"fr-FR","potentialAction":[{"@type":"ReadAction","target":["https:\/\/fertix.es\/catalogo\/"]}]},{"@type":"BreadcrumbList","@id":"https:\/\/fertix.es\/catalogo\/#breadcrumb","itemListElement":[{"@type":"ListItem","position":1,"name":"Portada","item":"https:\/\/fertix.es\/"},{"@type":"ListItem","position":2,"name":"Cat\u00e1logos"}]},{"@type":"WebSite","@id":"https:\/\/fertix.es\/#website","url":"https:\/\/fertix.es\/","name":"Fertix Nutrici\u00f3n Vegetal S.L.","description":"Fertix, engrais et fertilisants pour les plantations de fruits et l\u00e9gumes.","potentialAction":[{"@type":"SearchAction","target":{"@type":"EntryPoint","urlTemplate":"https:\/\/fertix.es\/?s={search_term_string}"},"query-input":{"@type":"PropertyValueSpecification","valueRequired":true,"valueName":"search_term_string"}}],"inLanguage":"fr-FR"}]}},"_links":{"self":[{"href":"https:\/\/fertix.es\/fr\/wp-json\/wp\/v2\/pages\/1784","targetHints":{"allow":["GET"]}}],"collection":[{"href":"https:\/\/fertix.es\/fr\/wp-json\/wp\/v2\/pages"}],"about":[{"href":"https:\/\/fertix.es\/fr\/wp-json\/wp\/v2\/types\/page"}],"author":[{"embeddable":true,"href":"https:\/\/fertix.es\/fr\/wp-json\/wp\/v2\/users\/2"}],"replies":[{"embeddable":true,"href":"https:\/\/fertix.es\/fr\/wp-json\/wp\/v2\/comments?post=1784"}],"version-history":[{"count":10,"href":"https:\/\/fertix.es\/fr\/wp-json\/wp\/v2\/pages\/1784\/revisions"}],"predecessor-version":[{"id":4468,"href":"https:\/\/fertix.es\/fr\/wp-json\/wp\/v2\/pages\/1784\/revisions\/4468"}],"wp:attachment":[{"href":"https:\/\/fertix.es\/fr\/wp-json\/wp\/v2\/media?parent=1784"}],"curies":[{"name":"wp","href":"https:\/\/api.w.org\/{rel}","templated":true}]}}