{"id":32,"date":"2015-05-13T15:48:32","date_gmt":"2015-05-13T15:48:32","guid":{"rendered":"https:\/\/fertix.es\/?page_id=32"},"modified":"2024-02-19T13:59:45","modified_gmt":"2024-02-19T12:59:45","slug":"contacto","status":"publish","type":"page","link":"https:\/\/fertix.es\/fr\/contacto\/","title":{"rendered":"Contact"},"content":{"rendered":"<p>[et_pb_section fb_built=\"1\u2033 _builder_version=\"4.16\u2033 background_image=\"https:\/\/fertix.es\/wp-content\/uploads\/2021\/10\/img-cabecera-contacto-scaled.jpg\" global_colors_info=\"{}\"][et_pb_row _builder_version=\"4.16\u2033 _module_preset=\"default\" global_colors_info=\"{}\"][et_pb_column type=\"4_4\u2033 _builder_version=\"4.16\u2033 _module_preset=\"default\" global_colors_info=\"{}\"][et_pb_text _builder_version=\"4.16\u2033 _module_preset=\"default\" global_colors_info=\"{}\"]<\/p>\n<h1 style=\"text-align: center; font-size: 50px; color: white;\">Contact<\/h1>\n<p>[\/et_pb_text][\/et_pb_column][\/et_pb_row][\/et_pb_section][et_pb_section fb_built=\"1\u2033 admin_label=\"section\" _builder_version=\"4.16\u2033 global_colors_info=\"{}\"][et_pb_row column_structure=\"1_2,1_2\u2033 admin_label=\"row\" _builder_version=\"4.16\u2033 background_size=\"initial\" background_position=\"top_left\" background_repeat=\"repeat\" global_colors_info=\"{}\"][et_pb_column type=\"1_2\u2033 _builder_version=\"4.16\u2033 custom_padding=\"||||\" global_colors_info=\"{}\" custom_padding__hover=\"||||\"][et_pb_code _builder_version=\"4.16\u2033 _module_preset=\"default\" global_colors_info=\"{}\"]<iframe src=\"https:\/\/www.google.com\/maps\/embed?pb=!1m14!1m8!1m3!1d12386.51289234561!2d-0.4785718!3d39.0921653!3m2!1i1024!2i768!4f13.1!3m3!1m2!1s0x0%3A0x18fce1da0c29f43e!2sFertix%20Nutrici%C3%B3n%20Vegetal%20SL!5e0!3m2!1ses!2ses!4v1633296686218!5m2!1ses!2ses\" width=\"600\" height=\"450\" style=\"border:0;\" allowfullscreen=\"\" loading=\"lazy\"><\/iframe>[\/et_pb_code][\/et_pb_column][et_pb_column type=\"1_2\u2033 _builder_version=\"4.16\u2033 custom_padding=\"||||\" global_colors_info=\"{}\" custom_padding__hover=\"||||\"][et_pb_code _builder_version=\"4.16\u2033 _module_preset=\"default\" global_colors_info=\"{}\"]]<!-- [et_pb_line_break_holder] --><\/p>\n<div style=\"display: flex; flex-direction: row; justify-content: space-around; align-items: center; background-color: var(--verde-ppal-fertix); padding: 2em;\"><!-- [et_pb_line_break_holder] --><\/p>\n<div><img decoding=\"async\" src=\"https:\/\/fertix.es\/wp-content\/uploads\/2025\/05\/logo-FERTIX.jpg\" width=\"150\" height=\"auto\" alt=\"Fertilizantes nutricion vegetal Fertix logo\" \/><!-- [et_pb_line_break_holder] --><\/div>\n<p><!-- [et_pb_line_break_holder] --><!-- [et_pb_line_break_holder] --><\/p>\n<div style=\"padding-left: 1.5em; padding-right: 1em; align-self:center;\"><!-- [et_pb_line_break_holder] --><\/p>\n<h3 style=\"color: white;\">Contact<\/h3>\n<p><!-- [et_pb_line_break_holder] --><pee style=\"color: white;><strong><span style=\"font-size: 1.2em;\"> Fertix Nutrici\u00f3n Vegetal S.L.<\/span><\/strong><strong><!\u2013- [et_pb_br_holder] -\u2013>La Closa Ind.<\/strong><!\u2013- [et_pb_br_holder] -\u2013><strong> C\/ Dels Ferrers, 4<\/strong><!\u2013- [et_pb_br_holder] -\u2013><strong> 46670 La Pobla Llarga | Valence<\/strong><\/pee><!-- [et_pb_line_break_holder] --><!-- [et_pb_line_break_holder] --><pee style=\"color: white;\"\"><span >T\u00e9l. : +34 96 259 13 34<\/span> <!-- [et_pb_line_break_holder] -->  <!\u2013- [et_pb_br_holder] -\u2013><!-- [et_pb_line_break_holder] -->  <span>Mail : info@fertix.es<\/span><!-- [et_pb_line_break_holder] -->  <\/pee><!-- [et_pb_line_break_holder] --><!-- [et_pb_line_break_holder] --><\/div>\n<p><!-- [et_pb_line_break_holder] --><\/div>\n<p>[\/et_pb_code][\/et_pb_column][\/et_pb_row][et_pb_row module_id=\"form-gral\" _builder_version=\"4.16\u2033 _module_preset=\"default\" hover_enabled=\"0\u2033 global_module=\"3786\u2033 saved_tabs=\"all\" global_colors_info=\"{}\" sticky_enabled=\"0\u2033][et_pb_column type=\"4_4\u2033 _builder_version=\"4.16\u2033 _module_preset=\"default\" global_colors_info=\"{}\"][et_pb_text _builder_version=\"4.16\u2033 _module_preset=\"default\" global_colors_info=\"{}\"]<\/p>\n<h2>Contacter fertix<\/h2>\n<p>&nbsp;<\/p>\n<p>Si vous souhaitez devenir distributeur, de notre soci\u00e9t\u00e9 ou de l'un de nos produits, laissez-nous vos coordonn\u00e9es ici et nous vous contacterons d\u00e8s que possible.<\/p>\n<p>[\/et_pb_text][et_pb_contact_form use_spam_service=\u00bbon\u00bb recaptcha_list=\u00bbDefault|Default-0&#8243; email=\u00bbinfo@fertix.es, pabel@pabelsanchez.com\u00bb custom_message=\u00bbFormulario enviado por %%Name%% desde %%Email%% ||et_pb_line_break_holder||||et_pb_line_break_holder||Tel\u00e9fono: %%Telf%%||et_pb_line_break_holder||Empresa: %%Empresa%%||et_pb_line_break_holder||Ciudad: %%Ciudad%%||et_pb_line_break_holder||Pa\u00eds: %%Pais%%||et_pb_line_break_holder||||et_pb_line_break_holder||El mensaje enviado es: %%Message%%||et_pb_line_break_holder||||et_pb_line_break_holder||RGPD: %%Privacy_Policy%% Pol\u00edtica de Privacidad\u00bb success_message=\u00bb\u00a1Gracias por contactar con nosotros! \u00bb module_class=\u00bbet-float-labels\u00bb _builder_version=\u00bb4.23.4&#8243; _module_preset=\u00bbdefault\u00bb _unique_id=\u00bb6548a740-89d6-4213-9c65-ec98258229ae\u00bb form_field_background_color=\u00bbRGBA(0,0,0,0)\u00bb form_field_custom_margin=\u00bb1.5px||||false|false\u00bb form_field_custom_padding=\u00bb0.5em||0.5em||true|false\u00bb form_field_font_size=\u00bb1em\u00bb form_field_line_height=\u00bb1.5em\u00bb hover_enabled=\u00bb0&#8243; border_width_bottom=\u00bb1px\u00bb global_colors_info=\u00bb{}\u00bb sticky_enabled=\u00bb0&#8243;][et_pb_contact_field field_id=\u00bbName\u00bb field_title=\u00bbNombre y Apellidos \u00bb _builder_version=\u00bb4.16&#8243; global_colors_info=\u00bb{}\u00bb button_text_size__hover_enabled=\u00bboff\u00bb button_one_text_size__hover_enabled=\u00bboff\u00bb button_two_text_size__hover_enabled=\u00bboff\u00bb button_text_color__hover_enabled=\u00bboff\u00bb button_one_text_color__hover_enabled=\u00bboff\u00bb button_two_text_color__hover_enabled=\u00bboff\u00bb button_border_width__hover_enabled=\u00bboff\u00bb button_one_border_width__hover_enabled=\u00bboff\u00bb button_two_border_width__hover_enabled=\u00bboff\u00bb button_border_color__hover_enabled=\u00bboff\u00bb button_one_border_color__hover_enabled=\u00bboff\u00bb button_two_border_color__hover_enabled=\u00bboff\u00bb button_border_radius__hover_enabled=\u00bboff\u00bb button_one_border_radius__hover_enabled=\u00bboff\u00bb button_two_border_radius__hover_enabled=\u00bboff\u00bb button_letter_spacing__hover_enabled=\u00bboff\u00bb button_one_letter_spacing__hover_enabled=\u00bboff\u00bb button_two_letter_spacing__hover_enabled=\u00bboff\u00bb button_bg_color__hover_enabled=\u00bboff\u00bb button_one_bg_color__hover_enabled=\u00bboff\u00bb button_two_bg_color__hover_enabled=\u00bboff\u00bb][\/et_pb_contact_field][et_pb_contact_field field_id=\u00bbEmail\u00bb field_title=\u00bbDirecci\u00f3n de correo electr\u00f3nico\u00bb field_type=\u00bbemail\u00bb _builder_version=\u00bb4.16&#8243; global_colors_info=\u00bb{}\u00bb button_text_size__hover_enabled=\u00bboff\u00bb button_one_text_size__hover_enabled=\u00bboff\u00bb button_two_text_size__hover_enabled=\u00bboff\u00bb button_text_color__hover_enabled=\u00bboff\u00bb button_one_text_color__hover_enabled=\u00bboff\u00bb button_two_text_color__hover_enabled=\u00bboff\u00bb button_border_width__hover_enabled=\u00bboff\u00bb button_one_border_width__hover_enabled=\u00bboff\u00bb button_two_border_width__hover_enabled=\u00bboff\u00bb button_border_color__hover_enabled=\u00bboff\u00bb button_one_border_color__hover_enabled=\u00bboff\u00bb button_two_border_color__hover_enabled=\u00bboff\u00bb button_border_radius__hover_enabled=\u00bboff\u00bb button_one_border_radius__hover_enabled=\u00bboff\u00bb button_two_border_radius__hover_enabled=\u00bboff\u00bb button_letter_spacing__hover_enabled=\u00bboff\u00bb button_one_letter_spacing__hover_enabled=\u00bboff\u00bb button_two_letter_spacing__hover_enabled=\u00bboff\u00bb button_bg_color__hover_enabled=\u00bboff\u00bb button_one_bg_color__hover_enabled=\u00bboff\u00bb button_two_bg_color__hover_enabled=\u00bboff\u00bb][\/et_pb_contact_field][et_pb_contact_field field_id=\u00bbTelf\u00bb field_title=\u00bbTel\u00e9fono\u00bb _builder_version=\u00bb4.16&#8243; _module_preset=\u00bbdefault\u00bb global_colors_info=\u00bb{}\u00bb][\/et_pb_contact_field][et_pb_contact_field field_id=\u00bbEmpresa\u00bb field_title=\u00bbEmpresa\u00bb _builder_version=\u00bb4.16&#8243; _module_preset=\u00bbdefault\u00bb global_colors_info=\u00bb{}\u00bb][\/et_pb_contact_field][et_pb_contact_field field_id=\u00bbCiudad\u00bb field_title=\u00bbCiudad\u00bb _builder_version=\u00bb4.16&#8243; _module_preset=\u00bbdefault\u00bb global_colors_info=\u00bb{}\u00bb][\/et_pb_contact_field][et_pb_contact_field field_id=\u00bbPais\u00bb field_title=\u00bbPa\u00eds\u00bb _builder_version=\u00bb4.16&#8243; _module_preset=\u00bbdefault\u00bb global_colors_info=\u00bb{}\u00bb][\/et_pb_contact_field][et_pb_contact_field field_id=\u00bbMessage\u00bb field_title=\u00bbMensaje\u00bb field_type=\u00bbtext\u00bb fullwidth_field=\u00bbon\u00bb _builder_version=\u00bb4.16&#8243; global_colors_info=\u00bb{}\u00bb button_text_size__hover_enabled=\u00bboff\u00bb button_one_text_size__hover_enabled=\u00bboff\u00bb button_two_text_size__hover_enabled=\u00bboff\u00bb button_text_color__hover_enabled=\u00bboff\u00bb button_one_text_color__hover_enabled=\u00bboff\u00bb button_two_text_color__hover_enabled=\u00bboff\u00bb button_border_width__hover_enabled=\u00bboff\u00bb button_one_border_width__hover_enabled=\u00bboff\u00bb button_two_border_width__hover_enabled=\u00bboff\u00bb button_border_color__hover_enabled=\u00bboff\u00bb button_one_border_color__hover_enabled=\u00bboff\u00bb button_two_border_color__hover_enabled=\u00bboff\u00bb button_border_radius__hover_enabled=\u00bboff\u00bb button_one_border_radius__hover_enabled=\u00bboff\u00bb button_two_border_radius__hover_enabled=\u00bboff\u00bb button_letter_spacing__hover_enabled=\u00bboff\u00bb button_one_letter_spacing__hover_enabled=\u00bboff\u00bb button_two_letter_spacing__hover_enabled=\u00bboff\u00bb button_bg_color__hover_enabled=\u00bboff\u00bb button_one_bg_color__hover_enabled=\u00bboff\u00bb button_two_bg_color__hover_enabled=\u00bboff\u00bb][\/et_pb_contact_field][et_pb_contact_field field_id=\u00bbPrivacy_Policy\u00bb field_title=\u00bbPor favor, revise los t\u00e9rminos y condiciones de nuestra Pol\u00edtica de Privacidad\u00bb field_type=\u00bbcheckbox\u00bb checkbox_options=\u00bb%91{%22value%22:%22He le\u00eddo y comprendido la %22,%22checked%22:0,%22dragID%22:-1,%22link_url%22:%22\/politica-de-privacidad\/%22,%22link_text%22:%22Pol\u00edtica de privacidad%22}%93&#8243; fullwidth_field=\u00bbon\u00bb _builder_version=\u00bb4.23.4&#8243; _module_preset=\u00bbdefault\u00bb global_colors_info=\u00bb{}\u00bb][\/et_pb_contact_field][\/et_pb_contact_form][\/et_pb_column][\/et_pb_row][\/et_pb_section]<\/p>","protected":false},"excerpt":{"rendered":"<p>ContactContact<\/p>","protected":false},"author":2,"featured_media":0,"parent":0,"menu_order":0,"comment_status":"closed","ping_status":"closed","template":"","meta":{"_et_pb_use_builder":"on","_et_pb_old_content":"<!--:es-->[tx_row]\n\n[tx_column size=\"1\/2\"][contact-form-7 id=\"73\" title=\"Formulario de contacto 1\"][\/tx_column]\n[tx_column size=\"1\/2\"]\n<h3><span style=\"color: #339966;\">Fertix Nutrici\u00f3n Vegetal S.L.<\/span><\/h3>\n<iframe style=\"border: 0px currentColor;\" src=\"https:\/\/www.google.com\/maps\/embed?pb=!1m14!1m8!1m3!1d12386.512892345612!2d-0.4785718!3d39.0921653!3m2!1i1024!2i768!4f13.1!3m3!1m2!1s0x0%3A0x18fce1da0c29f43e!2sFertix+Nutrici%C3%B3n+Vegetal+SL!5e0!3m2!1ses!2ses!4v1557492071961!5m2!1ses!2ses\" width=\"400\" height=\"300\" frameborder=\"0\" allowfullscreen=\"allowfullscreen\"><\/iframe>\n\n<hr \/>\n\n[tx_row]\n[tx_column size=\"1\/2\"]Fertix Nutrici\u00f3n Vegetal S.L.\nPl Ind\u00a0La Closa\nC\/ Dels Ferrers N. 4\n46670\u00a0\u00a0La Pobla Llarga\nValencia\nTel.: +34 96 259 13 34\nMail : info@fertix.es[\/tx_column]\n<!--:-->","_et_gb_content_width":"","footnotes":""},"class_list":["post-32","page","type-page","status-publish","hentry"],"yoast_head":"<!-- This site is optimized with the Yoast SEO plugin v26.9 - https:\/\/yoast.com\/product\/yoast-seo-wordpress\/ -->\n<title>Contacto - Fertix Nutrici\u00f3n Vegetal S.L.<\/title>\n<meta name=\"robots\" content=\"index, follow, max-snippet:-1, max-image-preview:large, max-video-preview:-1\" \/>\n<link rel=\"canonical\" href=\"https:\/\/fertix.es\/fr\/contacto\/\" \/>\n<meta property=\"og:locale\" content=\"fr_FR\" \/>\n<meta property=\"og:type\" content=\"article\" \/>\n<meta property=\"og:title\" content=\"Contacto - Fertix Nutrici\u00f3n Vegetal S.L.\" \/>\n<meta property=\"og:description\" content=\"ContactoContacto\" \/>\n<meta property=\"og:url\" content=\"https:\/\/fertix.es\/fr\/contacto\/\" \/>\n<meta property=\"og:site_name\" content=\"Fertix Nutrici\u00f3n Vegetal S.L.\" \/>\n<meta property=\"article:modified_time\" content=\"2024-02-19T12:59:45+00:00\" \/>\n<meta name=\"twitter:card\" content=\"summary_large_image\" \/>\n<meta name=\"twitter:label1\" content=\"Dur\u00e9e de lecture estim\u00e9e\" \/>\n\t<meta name=\"twitter:data1\" content=\"1 minute\" \/>\n<script type=\"application\/ld+json\" class=\"yoast-schema-graph\">{\"@context\":\"https:\/\/schema.org\",\"@graph\":[{\"@type\":\"WebPage\",\"@id\":\"https:\/\/fertix.es\/contacto\/\",\"url\":\"https:\/\/fertix.es\/contacto\/\",\"name\":\"Contacto - Fertix Nutrici\u00f3n Vegetal S.L.\",\"isPartOf\":{\"@id\":\"https:\/\/fertix.es\/#website\"},\"datePublished\":\"2015-05-13T15:48:32+00:00\",\"dateModified\":\"2024-02-19T12:59:45+00:00\",\"breadcrumb\":{\"@id\":\"https:\/\/fertix.es\/contacto\/#breadcrumb\"},\"inLanguage\":\"fr-FR\",\"potentialAction\":[{\"@type\":\"ReadAction\",\"target\":[\"https:\/\/fertix.es\/contacto\/\"]}]},{\"@type\":\"BreadcrumbList\",\"@id\":\"https:\/\/fertix.es\/contacto\/#breadcrumb\",\"itemListElement\":[{\"@type\":\"ListItem\",\"position\":1,\"name\":\"Portada\",\"item\":\"https:\/\/fertix.es\/\"},{\"@type\":\"ListItem\",\"position\":2,\"name\":\"Contacto\"}]},{\"@type\":\"WebSite\",\"@id\":\"https:\/\/fertix.es\/#website\",\"url\":\"https:\/\/fertix.es\/\",\"name\":\"Fertix Nutrici\u00f3n Vegetal S.L.\",\"description\":\"Fertix, abonos y fertilizantes para plantaciones hortofrut\u00edcolas.\",\"potentialAction\":[{\"@type\":\"SearchAction\",\"target\":{\"@type\":\"EntryPoint\",\"urlTemplate\":\"https:\/\/fertix.es\/?s={search_term_string}\"},\"query-input\":{\"@type\":\"PropertyValueSpecification\",\"valueRequired\":true,\"valueName\":\"search_term_string\"}}],\"inLanguage\":\"fr-FR\"}]}<\/script>\n<!-- \/ Yoast SEO plugin. -->","yoast_head_json":{"title":"Contacto - Fertix Nutrici\u00f3n Vegetal S.L.","robots":{"index":"index","follow":"follow","max-snippet":"max-snippet:-1","max-image-preview":"max-image-preview:large","max-video-preview":"max-video-preview:-1"},"canonical":"https:\/\/fertix.es\/fr\/contacto\/","og_locale":"fr_FR","og_type":"article","og_title":"Contacto - Fertix Nutrici\u00f3n Vegetal S.L.","og_description":"ContactoContacto","og_url":"https:\/\/fertix.es\/fr\/contacto\/","og_site_name":"Fertix Nutrici\u00f3n Vegetal S.L.","article_modified_time":"2024-02-19T12:59:45+00:00","twitter_card":"summary_large_image","twitter_misc":{"Dur\u00e9e de lecture estim\u00e9e":"1 minute"},"schema":{"@context":"https:\/\/schema.org","@graph":[{"@type":"WebPage","@id":"https:\/\/fertix.es\/contacto\/","url":"https:\/\/fertix.es\/contacto\/","name":"Contacto - Fertix Nutrici\u00f3n Vegetal S.L.","isPartOf":{"@id":"https:\/\/fertix.es\/#website"},"datePublished":"2015-05-13T15:48:32+00:00","dateModified":"2024-02-19T12:59:45+00:00","breadcrumb":{"@id":"https:\/\/fertix.es\/contacto\/#breadcrumb"},"inLanguage":"fr-FR","potentialAction":[{"@type":"ReadAction","target":["https:\/\/fertix.es\/contacto\/"]}]},{"@type":"BreadcrumbList","@id":"https:\/\/fertix.es\/contacto\/#breadcrumb","itemListElement":[{"@type":"ListItem","position":1,"name":"Portada","item":"https:\/\/fertix.es\/"},{"@type":"ListItem","position":2,"name":"Contacto"}]},{"@type":"WebSite","@id":"https:\/\/fertix.es\/#website","url":"https:\/\/fertix.es\/","name":"Fertix Nutrici\u00f3n Vegetal S.L.","description":"Fertix, engrais et fertilisants pour les plantations de fruits et l\u00e9gumes.","potentialAction":[{"@type":"SearchAction","target":{"@type":"EntryPoint","urlTemplate":"https:\/\/fertix.es\/?s={search_term_string}"},"query-input":{"@type":"PropertyValueSpecification","valueRequired":true,"valueName":"search_term_string"}}],"inLanguage":"fr-FR"}]}},"_links":{"self":[{"href":"https:\/\/fertix.es\/fr\/wp-json\/wp\/v2\/pages\/32","targetHints":{"allow":["GET"]}}],"collection":[{"href":"https:\/\/fertix.es\/fr\/wp-json\/wp\/v2\/pages"}],"about":[{"href":"https:\/\/fertix.es\/fr\/wp-json\/wp\/v2\/types\/page"}],"author":[{"embeddable":true,"href":"https:\/\/fertix.es\/fr\/wp-json\/wp\/v2\/users\/2"}],"replies":[{"embeddable":true,"href":"https:\/\/fertix.es\/fr\/wp-json\/wp\/v2\/comments?post=32"}],"version-history":[{"count":2,"href":"https:\/\/fertix.es\/fr\/wp-json\/wp\/v2\/pages\/32\/revisions"}],"predecessor-version":[{"id":4642,"href":"https:\/\/fertix.es\/fr\/wp-json\/wp\/v2\/pages\/32\/revisions\/4642"}],"wp:attachment":[{"href":"https:\/\/fertix.es\/fr\/wp-json\/wp\/v2\/media?parent=32"}],"curies":[{"name":"wp","href":"https:\/\/api.w.org\/{rel}","templated":true}]}}