{"id":3888,"date":"2021-10-05T13:53:14","date_gmt":"2021-10-05T11:53:14","guid":{"rendered":"https:\/\/fertix.es\/?page_id=3888"},"modified":"2021-10-07T11:27:55","modified_gmt":"2021-10-07T09:27:55","slug":"eficalcio","status":"publish","type":"page","link":"https:\/\/fertix.es\/fr\/productos\/correctores-de-carencias-de-aplicacion-radicular\/eficalcio\/","title":{"rendered":"Eficalcio"},"content":{"rendered":"<p>[et_pb_section fb_built=\"1\u2033 _builder_version=\"4.11.0\u2033 background_image=\"https:\/\/fertix.es\/wp-content\/uploads\/2021\/10\/img-cabecera-catalogos.jpeg\" global_colors_info=\"{}\"][et_pb_row _builder_version=\"4.11.0\u2033 _module_preset=\"default\" global_colors_info=\"{}\"][et_pb_column type=\"4_4\u2033 _builder_version=\"4.11.0\u2033 _module_preset=\"default\" global_colors_info=\"{}\"][et_pb_text _builder_version=\"4.11.1\u2033 _module_preset=\"default\" global_colors_info=\"{}\"]<\/p>\n<h1 style=\"text-align: center; font-size: 50px; color: white;\">Eficalcio<\/h1>\n<h3 style=\"text-align: center; text-decoration: none; color: white;\">Solution de calcium<\/h3>\n<p>[\/et_pb_text][\/et_pb_column][\/et_pb_row][\/et_pb_section][et_pb_section fb_built=\"1\u2033 _builder_version=\"4.11.0\u2033 _module_preset=\"default\" global_colors_info=\"{}\"][et_pb_row column_structure=\"1_2,1_2\u2033 _builder_version=\"4.11.0\u2033 _module_preset=\"default\" global_colors_info=\"{}\"][et_pb_column type=\"1_2\u2033 _builder_version=\"4.11.0\u2033 _module_preset=\"default\" global_colors_info=\"{}\"][et_pb_text _builder_version=\"4.11.0\u2033 _module_preset=\"default\" global_colors_info=\"{}\"]<nav aria-label=\"chapelure\" class=\"rank-math-breadcrumb\"><p><span class=\"last\">Accueil<\/span><\/p><\/nav>[\/et_pb_text][et_pb_image src=\"https:\/\/fertix.es\/wp-content\/uploads\/2021\/10\/fertix-eficalcio.jpg\" title_text=\"fertix-eficalcio\" _builder_version=\"4.11.1\u2033 _module_preset=\"default\" box_shadow_style=\"preset3\u2033 global_colors_info=\"{}\"][\/et_pb_image][\/et_pb_column][et_pb_column type=\"1_2\u2033 _builder_version=\"4.11.0\u2033 _module_preset=\"default\" global_colors_info=\"{}\"][et_pb_text _builder_version=\"4.11.1\u2033 _module_preset=\"default\" custom_margin=\"|||10px||false|false\" global_colors_info=\"{}\"]]<\/p>\n<div style=\"display: flex; flex-direction: row: justify-content: flex-start; align-items: center; flex-wrap: nowrap;\">\n<div>\n<h2>Eficalcio<\/h2>\n<\/div>\n<p>[\/et_pb_text][et_pb_text _builder_version=\"4.11.1\u2033 _module_preset=\"default\" global_colors_info=\"{}\"]<\/p>\n<h4 style=\"line-height: 1.3em;\">Solution de calcium.<\/h4>\n<p>EFICALCIO est un produit \u00e0 haute teneur en calcium (CaO) destin\u00e9 \u00e0 corriger et \u00e0 pr\u00e9venir les carences en calcium des cultures. Le Calcium apport\u00e9 par EFICALCIO se pr\u00e9sente sous une forme totalement assimilable, de sorte qu'il est rapidement absorb\u00e9 par la plante, en \u00e9tant incorpor\u00e9 au flux de la s\u00e8ve, en p\u00e9n\u00e9trant dans les parois cellulaires et\/ou en s'accumulant dans les organes de r\u00e9serve, en fonction de la demande de la plante. L'application d'EFICALCIO pr\u00e9vient les carences et les physiopathologies r\u00e9sultant d'un manque de calcium, tout en am\u00e9liorant les fonctions dans lesquelles il est impliqu\u00e9. Le produit peut \u00eatre utilis\u00e9 en application foliaire ou racinaire.[\/et_pb_text][et_pb_code _builder_version=\"4.11.1\u2033 _module_preset=\"default\" global_colors_info=\"{}\"][\/et_pb_code][et_pb_accordion open_toggle_background_color=\"RGBA(0,0,0,0)\" closed_toggle_background_color=\"RGBA(0,0,0,0,0,0)\" icon_color=\"#dd742e\" use_icon_font_size=\"on\" icon_font_size=\"28px\" _builder_version=\"4.11.1\u2033 _module_preset=\"default\" hover_enabled=\"0\u2033 global_colors_info=\"{}\" sticky_enabled=\"0\u2033][et_pb_accordion_item title=\"COMPOSITION\" _builder_version=\"4.11.1\u2033 _module_preset=\"default\" global_colors_info=\"{}\" open=\"off\"]<\/p>\n<div style=\"display: flex; flex-direction: row; justify-content: space-between; align-items: flex-start; flex-wrap: nowrap; line-height: 1.2em;\">\n<div style=\"text-align: left;\">\n<p>Oxyde de calcium (CaO) soluble dans l'eau<\/p>\n<\/div>\n<div style=\"text-align: right;\">\n<p>15% p\/p<\/p>\n<\/div>\n<\/div>\n<p>[\/et_pb_accordion_item][et_pb_accordion_item title=\"POSOLOGIE ET MODE D'EMPLOI\" open=\"on\" _builder_version=\"4.11.1\u2033 _module_preset=\"default\" hover_enabled=\"0\u2033 global_colors_info=\"{}\" sticky_enabled=\"0\u2033]<\/p>\n<h6>Application foliaire :<\/h6>\n<p>Application foliaire 200 \u00e0 400 cc\/HL. Appliquer au printemps.<\/p>\n<h6>Application de la racine :<\/h6>\n<p>Application sur les racines 3-4 L\/Ha.<\/p>\n<h6><\/h6>\n<h6><\/h6>\n<h6><\/h6>\n<h6><\/h6>\n<h6>TAILLES DISPONIBLES<\/h6>\n<div style=\"display: flex; flex-direction: row; justify-content: flex-start; align-items: baseline;\">\n<div><img decoding=\"async\" class=\"garrafa\" src=\"\/wp-content\/uploads\/2021\/10\/1-L.png\" \/><\/div>\n<div><img decoding=\"async\" class=\"garrafa\" src=\"\/wp-content\/uploads\/2021\/10\/5L.png\" \/><\/div>\n<div><img decoding=\"async\" class=\"garrafa\" src=\"\/wp-content\/uploads\/2021\/10\/20L.png\" \/><\/div>\n<\/div>\n<p>[\/et_pb_accordion_item][\/et_pb_accordion][et_pb_button button_url=\"#form-gral\" button_text=\"REQUEST MORE INFORMATION\" _builder_version=\"4.11.1\u2033 _module_preset=\"default\" custom_css_main_element=\"width : 100% ;\" global_colors_info=\"{}\"][\/et_pb_button][\/et_pb_column][\/et_pb_row][\/et_pb_section][et_pb_section fb_built=\"1\u2033 _builder_version=\"4.11.0\u2033 _module_preset=\"default\" global_colors_info=\"{}\"][et_pb_row _builder_version=\"4.11.0\u2033 _module_preset=\"default\" width=\"980px\" max_width=\"80%\" global_colors_info=\"{}\"][et_pb_column type=\"4_4\u2033 _builder_version=\"4.10.8\u2033 _module_preset=\"default\" global_colors_info=\"{}\"] [et_pb_text _builder_version=\"4.11.0\u2033 _module_preset=\"default\" global_colors_info=\"{}\"]<\/p>\n<h2 style=\"text-align: center\">PRODUITS CONNEXES<\/h2>\n<p>[\/et_pb_text][\/et_pb_column][\/et_pb_row][et_pb_row column_structure=\"1_3,1_3,1_3\u2033 _builder_version=\"4.11.0\u2033 _module_preset=\"default\" custom_padding=\"5px|||||\" global_colors_info=\"{}\"][et_pb_column type=\"1_3\u2033 _builder_version=\"4.11.0\u2033 _module_preset=\"default\" global_colors_info=\"{}\"][et_pb_blurb url=\"\/products\/radicular-application-fault-correctors\/hortiset\/\" url_new_window=\"on\" image=\"https:\/\/fertix.fr\/wp-content\/uploads\/2021\/10\/fertix-hortiset.jpg\" _builder_version=\"4.11.1\u2033 _module_preset=\"default\" text_orientation=\"center\" global_module=\"3653\u2033 saved_tabs=\"all\" global_colors_info=\"{}\"]<\/p>\n<h4>Hortiset<\/h4>\n<p><span class=\"tag-producto correctores\"><a href=\"\/fr\/productos\/correctores-de-carencias-aplicacion-foliar\/\" style=\"color: var(--azul-correctores-fertix);\">Correcteurs<\/a><\/span><\/p>\n<p class=\"p1\">M\u00e9lange de micro-\u00e9l\u00e9ments pour application racinaire.<\/p>\n<p><img decoding=\"async\" style=\"width: 75px;\" src=\"https:\/\/fertix.es\/wp-content\/uploads\/2021\/10\/logo-eco-fertix-fra.png\" \/><\/p>\n<p>[\/et_pb_blurb][\/et_pb_column][et_pb_column type=\"1_3\u2033 _builder_version=\"4.11.0\u2033 _module_preset=\"default\" global_colors_info=\"{}\"][et_pb_blurb url=\"\/products\/correcteurs-de-radiculaires-application-features\/ferticam\/\" url_new_window=\"on\" image=\"https:\/\/fertix.fr\/wp-content\/uploads\/2021\/10\/fertrix-ferticam.jpg\" _builder_version=\"4.11.1\u2033 _module_preset=\"default\" text_orientation=\"center\" global_module=\"3520\u2033 global_colors_info=\"{}\"]<\/p>\n<h4>Ferticam<\/h4>\n<p><span class=\"tag-producto correctores\"><a href=\"\/fr\/productos\/correctores-de-carencias-aplicacion-foliar\/\" style=\"color: var(--azul-correctores-fertix);\">Correcteurs<\/a><\/span><\/p>\n<p class=\"p1\">Correcteur de zinc, mangan\u00e8se et calcium pour l'application racinaire. <\/p>\n<p>[\/et_pb_blurb][\/et_pb_column][et_pb_column type=\"1_3\u2033 _builder_version=\"4.11.0\u2033 _module_preset=\"default\" global_colors_info=\"{}\"][et_pb_blurb url=\"\/products\/correcteurs-de-radiculaires-application-features\/drefens-fe\/\" url_new_window=\"on\" image=\"https:\/\/fertix.fr\/wp-content\/uploads\/2021\/10\/fertix-drefens-fe-5.jpg\" _builder_version=\"4.11.1\u2033 _module_preset=\"default\" text_orientation=\"center\" global_module=\"3519\u2033 global_colors_info=\"{}\"]<\/p>\n<h4>Drefens Fe 5<\/h4>\n<p><span class=\"tag-producto correctores\"><a href=\"\/fr\/productos\/correctores-de-carencias-aplicacion-foliar\/\" style=\"color: var(--azul-correctores-fertix);\">Correcteurs<\/a><\/span><\/p>\n<p class=\"p1\">Ch\u00e9late de fer pour application racinaire.<\/p>\n<p>[\/et_pb_blurb][\/et_pb_column][\/et_pb_row][\/et_pb_section][et_pb_section fb_built=\"1\u2033 _builder_version=\"4.11.0\u2033 _module_preset=\"default\" global_colors_info=\"{}\"][et_pb_row module_class=\"cta-code\" _builder_version=\"4.11.1\u2033 _module_preset=\"default\" width=\"100vw\" max_width=\"100vw\" module_alignment=\"center\" module_alignment_tablet=\"\" module_alignment_phone=\"\" module_alignment_last_edited=\"on|desktop\" custom_css_main_element=\"overflow-x:hidden;||width : 99vw !important;|||max-width : 100vw ;\" global_module=\"3161\u2033 saved_tabs=\"all\" global_colors_info=\"{}\"][et_pb_column type=\"4_4\u2033 _builder_version=\"4.10.8\u2033 _module_preset=\"default\" global_colors_info=\"{}\"][et_pb_code _builder_version=\"4.11.1\u2033 _module_preset=\"default\" global_colors_info=\"{}\"]<\/p>\n<div class=\"cta_main\"><!-- [et_pb_line_break_holder] -->  <\/p>\n<div class=\"cta_main-img\"><!-- [et_pb_line_break_holder] -->    <img decoding=\"async\" src=\"\/wp-content\/uploads\/2021\/09\/fertix-request-catalogues-1.png\" style=\"width:450px; height:auto\"\/><!-- [et_pb_line_break_holder] -->    <!-- [et_pb_line_break_holder] -->  <\/div>\n<p><!-- [et_pb_line_break_holder] -->  <\/p>\n<div class=\"cta_main-text\"><!-- [et_pb_line_break_holder] -->    <!-- [et_pb_line_break_holder] --><!-- [et_pb_line_break_holder] -->  <\/p>\n<div><!-- [et_pb_line_break_holder] -->    <\/p>\n<h3 class=\"cta_main-text\" style=\"text-transform:none; line-height: 1.3em;\"><!-- [et_pb_line_break_holder] -->      Fertix 2021 Catalogues d'engrais et de fertilisants.<!-- [et_pb_line_break_holder] -->    <\/h3>\n<p><!-- [et_pb_line_break_holder] -->    <pee style=\"line-height: 1.5em;\"><!-- [et_pb_line_break_holder] -->      Consultez toutes nos familles de produits en demandant nos catalogues.<!-- [et_pb_line_break_holder] -->    <\/pee><!-- [et_pb_line_break_holder] -->  <!\u2013- [et_pb_br_holder] -\u2013><!-- [et_pb_line_break_holder] -->    <!\u2013- [et_pb_br_holder] -\u2013><!-- [et_pb_line_break_holder] -->  <\/div>\n<p><!-- [et_pb_line_break_holder] -->    <!-- [et_pb_line_break_holder] -->    <\/p>\n<div class=\"et_pb_button_module_wrapper et_pb_button_0_wrapper  et_pb_module\"><!-- [et_pb_line_break_holder] -->\t\t\t\t<a class=\"et_pb_button et_pb_button_0 et_pb_bg_layout_dark\" href=\"\/fr\/catalogo\/\">Demande de catalogue<\/a><!-- [et_pb_line_break_holder] -->\t\t\t<\/div>\n<p><!-- [et_pb_line_break_holder] --><!-- [et_pb_line_break_holder] --><\/div>\n<p><!-- [et_pb_line_break_holder] --><\/div>\n<p>[\/et_pb_code][\/et_pb_column][\/et_pb_row][\/et_pb_section][et_pb_section fb_built=\"1\u2033 admin_label=\"section\" _builder_version=\"3.22\u2033 global_colors_info=\"{}\"][et_pb_row module_id=\"form-gral\" _builder_version=\"4.11.1\u2033 _module_preset=\"default\" global_module=\"3141\u2033 saved_tabs=\"all\" global_colors_info=\"{}\"][et_pb_column type=\"4_4\u2033 _builder_version=\"4.11.0\u2033 _module_preset=\"default\" global_colors_info=\"{}\"][et_pb_text _builder_version=\"4.11.0\u2033 _module_preset=\"default\" global_colors_info=\"{}\"]<\/p>\n<h2>Demande d'informations suppl\u00e9mentaires<\/h2>\n<p>\nSi vous avez besoin de plus d'informations sur le produit, sa fiche technique et\/ou sa fiche de donn\u00e9es de s\u00e9curit\u00e9, vous pouvez les demander en utilisant le formulaire suivant.\n<\/p>\n<p>[\/et_pb_text][et_pb_contact_form use_spam_service=\u00bbon\u00bb recaptcha_list=\u00bbDefault|Default-0&#8243; email=\u00bbinfo@fertix.es\u00bb success_message=\u00bb\u00a1Gracias por contactar con nosotros! \u00bb module_class=\u00bbet-float-labels\u00bb _builder_version=\u00bb4.11.1&#8243; _module_preset=\u00bbdefault\u00bb form_field_background_color=\u00bbRGBA(0,0,0,0)\u00bb form_field_custom_margin=\u00bb1.5px||||false|false\u00bb form_field_custom_padding=\u00bb0.5em||0.5em||true|false\u00bb form_field_font_size=\u00bb1em\u00bb form_field_line_height=\u00bb1.5em\u00bb border_width_bottom=\u00bb1px\u00bb global_colors_info=\u00bb{}\u00bb][et_pb_contact_field field_id=\u00bbName\u00bb field_title=\u00bbNombre y Apellidos \u00bb _builder_version=\u00bb4.11.0&#8243; global_colors_info=\u00bb{}\u00bb button_text_size__hover_enabled=\u00bboff\u00bb button_one_text_size__hover_enabled=\u00bboff\u00bb button_two_text_size__hover_enabled=\u00bboff\u00bb button_text_color__hover_enabled=\u00bboff\u00bb button_one_text_color__hover_enabled=\u00bboff\u00bb button_two_text_color__hover_enabled=\u00bboff\u00bb button_border_width__hover_enabled=\u00bboff\u00bb button_one_border_width__hover_enabled=\u00bboff\u00bb button_two_border_width__hover_enabled=\u00bboff\u00bb button_border_color__hover_enabled=\u00bboff\u00bb button_one_border_color__hover_enabled=\u00bboff\u00bb button_two_border_color__hover_enabled=\u00bboff\u00bb button_border_radius__hover_enabled=\u00bboff\u00bb button_one_border_radius__hover_enabled=\u00bboff\u00bb button_two_border_radius__hover_enabled=\u00bboff\u00bb button_letter_spacing__hover_enabled=\u00bboff\u00bb button_one_letter_spacing__hover_enabled=\u00bboff\u00bb button_two_letter_spacing__hover_enabled=\u00bboff\u00bb button_bg_color__hover_enabled=\u00bboff\u00bb button_one_bg_color__hover_enabled=\u00bboff\u00bb button_two_bg_color__hover_enabled=\u00bboff\u00bb][\/et_pb_contact_field][et_pb_contact_field field_id=\u00bbEmail\u00bb field_title=\u00bbDirecci\u00f3n de correo electr\u00f3nico\u00bb field_type=\u00bbemail\u00bb _builder_version=\u00bb3.16&#8243; global_colors_info=\u00bb{}\u00bb button_text_size__hover_enabled=\u00bboff\u00bb button_one_text_size__hover_enabled=\u00bboff\u00bb button_two_text_size__hover_enabled=\u00bboff\u00bb button_text_color__hover_enabled=\u00bboff\u00bb button_one_text_color__hover_enabled=\u00bboff\u00bb button_two_text_color__hover_enabled=\u00bboff\u00bb button_border_width__hover_enabled=\u00bboff\u00bb button_one_border_width__hover_enabled=\u00bboff\u00bb button_two_border_width__hover_enabled=\u00bboff\u00bb button_border_color__hover_enabled=\u00bboff\u00bb button_one_border_color__hover_enabled=\u00bboff\u00bb button_two_border_color__hover_enabled=\u00bboff\u00bb button_border_radius__hover_enabled=\u00bboff\u00bb button_one_border_radius__hover_enabled=\u00bboff\u00bb button_two_border_radius__hover_enabled=\u00bboff\u00bb button_letter_spacing__hover_enabled=\u00bboff\u00bb button_one_letter_spacing__hover_enabled=\u00bboff\u00bb button_two_letter_spacing__hover_enabled=\u00bboff\u00bb button_bg_color__hover_enabled=\u00bboff\u00bb button_one_bg_color__hover_enabled=\u00bboff\u00bb button_two_bg_color__hover_enabled=\u00bboff\u00bb][\/et_pb_contact_field][et_pb_contact_field field_id=\u00bbTelf\u00bb field_title=\u00bbTel\u00e9fono\u00bb _builder_version=\u00bb4.11.0&#8243; _module_preset=\u00bbdefault\u00bb global_colors_info=\u00bb{}\u00bb][\/et_pb_contact_field][et_pb_contact_field field_id=\u00bbEmpresa\u00bb field_title=\u00bbEmpresa\u00bb _builder_version=\u00bb4.11.0&#8243; _module_preset=\u00bbdefault\u00bb global_colors_info=\u00bb{}\u00bb][\/et_pb_contact_field][et_pb_contact_field field_id=\u00bbCiudad\u00bb field_title=\u00bbCiudad\u00bb _builder_version=\u00bb4.11.0&#8243; _module_preset=\u00bbdefault\u00bb global_colors_info=\u00bb{}\u00bb][\/et_pb_contact_field][et_pb_contact_field field_id=\u00bbPais\u00bb field_title=\u00bbPa\u00eds\u00bb _builder_version=\u00bb4.11.0&#8243; _module_preset=\u00bbdefault\u00bb global_colors_info=\u00bb{}\u00bb][\/et_pb_contact_field][et_pb_contact_field field_id=\u00bbMessage\u00bb field_title=\u00bbMensaje\u00bb field_type=\u00bbtext\u00bb fullwidth_field=\u00bbon\u00bb _builder_version=\u00bb3.16&#8243; global_colors_info=\u00bb{}\u00bb button_text_size__hover_enabled=\u00bboff\u00bb button_one_text_size__hover_enabled=\u00bboff\u00bb button_two_text_size__hover_enabled=\u00bboff\u00bb button_text_color__hover_enabled=\u00bboff\u00bb button_one_text_color__hover_enabled=\u00bboff\u00bb button_two_text_color__hover_enabled=\u00bboff\u00bb button_border_width__hover_enabled=\u00bboff\u00bb button_one_border_width__hover_enabled=\u00bboff\u00bb button_two_border_width__hover_enabled=\u00bboff\u00bb button_border_color__hover_enabled=\u00bboff\u00bb button_one_border_color__hover_enabled=\u00bboff\u00bb button_two_border_color__hover_enabled=\u00bboff\u00bb button_border_radius__hover_enabled=\u00bboff\u00bb button_one_border_radius__hover_enabled=\u00bboff\u00bb button_two_border_radius__hover_enabled=\u00bboff\u00bb button_letter_spacing__hover_enabled=\u00bboff\u00bb button_one_letter_spacing__hover_enabled=\u00bboff\u00bb button_two_letter_spacing__hover_enabled=\u00bboff\u00bb button_bg_color__hover_enabled=\u00bboff\u00bb button_one_bg_color__hover_enabled=\u00bboff\u00bb button_two_bg_color__hover_enabled=\u00bboff\u00bb][\/et_pb_contact_field][et_pb_contact_field field_id=\u00bbPrivacy_Policy\u00bb field_title=\u00bbPor favor, revise los t\u00e9rminos y condiciones de nuestra Pol\u00edtica de Privacidad\u00bb field_type=\u00bbcheckbox\u00bb checkbox_options=\u00bb%91{%22value%22:%22He le\u00eddo y comprendido la %22,%22checked%22:0,%22dragID%22:-1,%22link_url%22:%22\/politica-de-privacidad\/%22,%22link_text%22:%22Pol\u00edtica de privacidad%22}%93&#8243; fullwidth_field=\u00bbon\u00bb _builder_version=\u00bb4.11.1&#8243; _module_preset=\u00bbdefault\u00bb global_colors_info=\u00bb{}\u00bb][\/et_pb_contact_field][\/et_pb_contact_form][\/et_pb_column][\/et_pb_row][\/et_pb_section]<\/p>","protected":false},"excerpt":{"rendered":"<p>Solution de calcium Eficalcium<nav aria-label=\"chapelure\" class=\"rank-math-breadcrumb\"><p><span class=\"last\">Accueil<\/span><\/p><\/nav> Eficalcio Solution Calcique. EFICALCIO est un produit \u00e0 haute teneur en calcium (CaO) con\u00e7u pour corriger et pr\u00e9venir les carences en calcium des cultures. Le calcium apport\u00e9 par EFICALCIO se pr\u00e9sente sous une forme totalement assimilable, de sorte qu'il est absorb\u00e9 rapidement par la plante, en s'incorporant au flux de la s\u00e8ve, [...]<\/p>","protected":false},"author":2,"featured_media":0,"parent":181,"menu_order":0,"comment_status":"closed","ping_status":"closed","template":"","meta":{"_et_pb_use_builder":"on","_et_pb_old_content":"","_et_gb_content_width":"","footnotes":""},"class_list":["post-3888","page","type-page","status-publish","hentry"],"yoast_head":"<!-- This site is optimized with the Yoast SEO plugin v26.9 - https:\/\/yoast.com\/product\/yoast-seo-wordpress\/ -->\n<title>Eficalcio - Fertix Nutrici\u00f3n Vegetal S.L.<\/title>\n<meta name=\"robots\" content=\"index, follow, max-snippet:-1, max-image-preview:large, max-video-preview:-1\" \/>\n<link rel=\"canonical\" href=\"https:\/\/fertix.es\/fr\/productos\/correctores-de-carencias-de-aplicacion-radicular\/eficalcio\/\" \/>\n<meta property=\"og:locale\" content=\"fr_FR\" \/>\n<meta property=\"og:type\" content=\"article\" \/>\n<meta property=\"og:title\" content=\"Eficalcio - Fertix Nutrici\u00f3n Vegetal S.L.\" \/>\n<meta property=\"og:description\" content=\"Eficalcio Soluci\u00f3n C\u00e1lcica Eficalcio Soluci\u00f3n C\u00e1lcica. EFICALCIO es un producto con un alto contenido en Calcio (CaO) dise\u00f1ado para corregir y prevenir las carencias de Calcio en los cultivos. El Calcio aportado por EFICALCIO se encuentra en forma completamente asimilable, por lo que es absorbido por la planta con rapidez, incorpor\u00e1ndose al flujo de savia, [&hellip;]\" \/>\n<meta property=\"og:url\" content=\"https:\/\/fertix.es\/fr\/productos\/correctores-de-carencias-de-aplicacion-radicular\/eficalcio\/\" \/>\n<meta property=\"og:site_name\" content=\"Fertix Nutrici\u00f3n Vegetal S.L.\" \/>\n<meta property=\"article:modified_time\" content=\"2021-10-07T09:27:55+00:00\" \/>\n<meta name=\"twitter:card\" content=\"summary_large_image\" \/>\n<meta name=\"twitter:label1\" content=\"Dur\u00e9e de lecture estim\u00e9e\" \/>\n\t<meta name=\"twitter:data1\" content=\"8 minutes\" \/>\n<script type=\"application\/ld+json\" class=\"yoast-schema-graph\">{\"@context\":\"https:\/\/schema.org\",\"@graph\":[{\"@type\":\"WebPage\",\"@id\":\"https:\/\/fertix.es\/productos\/correctores-de-carencias-de-aplicacion-radicular\/eficalcio\/\",\"url\":\"https:\/\/fertix.es\/productos\/correctores-de-carencias-de-aplicacion-radicular\/eficalcio\/\",\"name\":\"Eficalcio - Fertix Nutrici\u00f3n Vegetal S.L.\",\"isPartOf\":{\"@id\":\"https:\/\/fertix.es\/#website\"},\"datePublished\":\"2021-10-05T11:53:14+00:00\",\"dateModified\":\"2021-10-07T09:27:55+00:00\",\"breadcrumb\":{\"@id\":\"https:\/\/fertix.es\/productos\/correctores-de-carencias-de-aplicacion-radicular\/eficalcio\/#breadcrumb\"},\"inLanguage\":\"fr-FR\",\"potentialAction\":[{\"@type\":\"ReadAction\",\"target\":[\"https:\/\/fertix.es\/productos\/correctores-de-carencias-de-aplicacion-radicular\/eficalcio\/\"]}]},{\"@type\":\"BreadcrumbList\",\"@id\":\"https:\/\/fertix.es\/productos\/correctores-de-carencias-de-aplicacion-radicular\/eficalcio\/#breadcrumb\",\"itemListElement\":[{\"@type\":\"ListItem\",\"position\":1,\"name\":\"Portada\",\"item\":\"https:\/\/fertix.es\/\"},{\"@type\":\"ListItem\",\"position\":2,\"name\":\"Productos\",\"item\":\"https:\/\/fertix.es\/productos\/\"},{\"@type\":\"ListItem\",\"position\":3,\"name\":\"Correctores de Carencias de Aplicaci\u00f3n Radicular\",\"item\":\"https:\/\/fertix.es\/productos\/correctores-de-carencias-de-aplicacion-radicular\/\"},{\"@type\":\"ListItem\",\"position\":4,\"name\":\"Eficalcio\"}]},{\"@type\":\"WebSite\",\"@id\":\"https:\/\/fertix.es\/#website\",\"url\":\"https:\/\/fertix.es\/\",\"name\":\"Fertix Nutrici\u00f3n Vegetal S.L.\",\"description\":\"Fertix, abonos y fertilizantes para plantaciones hortofrut\u00edcolas.\",\"potentialAction\":[{\"@type\":\"SearchAction\",\"target\":{\"@type\":\"EntryPoint\",\"urlTemplate\":\"https:\/\/fertix.es\/?s={search_term_string}\"},\"query-input\":{\"@type\":\"PropertyValueSpecification\",\"valueRequired\":true,\"valueName\":\"search_term_string\"}}],\"inLanguage\":\"fr-FR\"}]}<\/script>\n<!-- \/ Yoast SEO plugin. -->","yoast_head_json":{"title":"Eficalcio - Fertix Nutrici\u00f3n Vegetal S.L.","robots":{"index":"index","follow":"follow","max-snippet":"max-snippet:-1","max-image-preview":"max-image-preview:large","max-video-preview":"max-video-preview:-1"},"canonical":"https:\/\/fertix.es\/fr\/productos\/correctores-de-carencias-de-aplicacion-radicular\/eficalcio\/","og_locale":"fr_FR","og_type":"article","og_title":"Eficalcio - Fertix Nutrici\u00f3n Vegetal S.L.","og_description":"Eficalcio Soluci\u00f3n C\u00e1lcica Eficalcio Soluci\u00f3n C\u00e1lcica. EFICALCIO es un producto con un alto contenido en Calcio (CaO) dise\u00f1ado para corregir y prevenir las carencias de Calcio en los cultivos. El Calcio aportado por EFICALCIO se encuentra en forma completamente asimilable, por lo que es absorbido por la planta con rapidez, incorpor\u00e1ndose al flujo de savia, [&hellip;]","og_url":"https:\/\/fertix.es\/fr\/productos\/correctores-de-carencias-de-aplicacion-radicular\/eficalcio\/","og_site_name":"Fertix Nutrici\u00f3n Vegetal S.L.","article_modified_time":"2021-10-07T09:27:55+00:00","twitter_card":"summary_large_image","twitter_misc":{"Dur\u00e9e de lecture estim\u00e9e":"8 minutes"},"schema":{"@context":"https:\/\/schema.org","@graph":[{"@type":"WebPage","@id":"https:\/\/fertix.es\/productos\/correctores-de-carencias-de-aplicacion-radicular\/eficalcio\/","url":"https:\/\/fertix.es\/productos\/correctores-de-carencias-de-aplicacion-radicular\/eficalcio\/","name":"Eficalcio - Fertix Nutrici\u00f3n Vegetal S.L.","isPartOf":{"@id":"https:\/\/fertix.es\/#website"},"datePublished":"2021-10-05T11:53:14+00:00","dateModified":"2021-10-07T09:27:55+00:00","breadcrumb":{"@id":"https:\/\/fertix.es\/productos\/correctores-de-carencias-de-aplicacion-radicular\/eficalcio\/#breadcrumb"},"inLanguage":"fr-FR","potentialAction":[{"@type":"ReadAction","target":["https:\/\/fertix.es\/productos\/correctores-de-carencias-de-aplicacion-radicular\/eficalcio\/"]}]},{"@type":"BreadcrumbList","@id":"https:\/\/fertix.es\/productos\/correctores-de-carencias-de-aplicacion-radicular\/eficalcio\/#breadcrumb","itemListElement":[{"@type":"ListItem","position":1,"name":"Portada","item":"https:\/\/fertix.es\/"},{"@type":"ListItem","position":2,"name":"Productos","item":"https:\/\/fertix.es\/productos\/"},{"@type":"ListItem","position":3,"name":"Correctores de Carencias de Aplicaci\u00f3n Radicular","item":"https:\/\/fertix.es\/productos\/correctores-de-carencias-de-aplicacion-radicular\/"},{"@type":"ListItem","position":4,"name":"Eficalcio"}]},{"@type":"WebSite","@id":"https:\/\/fertix.es\/#website","url":"https:\/\/fertix.es\/","name":"Fertix Nutrici\u00f3n Vegetal S.L.","description":"Fertix, engrais et fertilisants pour les plantations de fruits et l\u00e9gumes.","potentialAction":[{"@type":"SearchAction","target":{"@type":"EntryPoint","urlTemplate":"https:\/\/fertix.es\/?s={search_term_string}"},"query-input":{"@type":"PropertyValueSpecification","valueRequired":true,"valueName":"search_term_string"}}],"inLanguage":"fr-FR"}]}},"_links":{"self":[{"href":"https:\/\/fertix.es\/fr\/wp-json\/wp\/v2\/pages\/3888","targetHints":{"allow":["GET"]}}],"collection":[{"href":"https:\/\/fertix.es\/fr\/wp-json\/wp\/v2\/pages"}],"about":[{"href":"https:\/\/fertix.es\/fr\/wp-json\/wp\/v2\/types\/page"}],"author":[{"embeddable":true,"href":"https:\/\/fertix.es\/fr\/wp-json\/wp\/v2\/users\/2"}],"replies":[{"embeddable":true,"href":"https:\/\/fertix.es\/fr\/wp-json\/wp\/v2\/comments?post=3888"}],"version-history":[{"count":13,"href":"https:\/\/fertix.es\/fr\/wp-json\/wp\/v2\/pages\/3888\/revisions"}],"predecessor-version":[{"id":4099,"href":"https:\/\/fertix.es\/fr\/wp-json\/wp\/v2\/pages\/3888\/revisions\/4099"}],"up":[{"embeddable":true,"href":"https:\/\/fertix.es\/fr\/wp-json\/wp\/v2\/pages\/181"}],"wp:attachment":[{"href":"https:\/\/fertix.es\/fr\/wp-json\/wp\/v2\/media?parent=3888"}],"curies":[{"name":"wp","href":"https:\/\/api.w.org\/{rel}","templated":true}]}}