{"id":42,"date":"2015-05-13T16:16:42","date_gmt":"2015-05-13T16:16:42","guid":{"rendered":"https:\/\/fertix.es\/?page_id=42"},"modified":"2021-10-06T13:41:45","modified_gmt":"2021-10-06T11:41:45","slug":"bioestimulantes","status":"publish","type":"page","link":"https:\/\/fertix.es\/fr\/productos\/bioestimulantes\/","title":{"rendered":"Biostimulants"},"content":{"rendered":"<p>[et_pb_section fb_built=\"1\u2033 _builder_version=\"4.11.1\u2033 background_image=\"https:\/\/fertix.es\/wp-content\/uploads\/2021\/10\/img-cabecera-bioestimulantes-scaled.jpg\" parallax=\"on\" global_colors_info=\"{}\"][et_pb_row _builder_version=\"4.11.0\u2033 _module_preset=\"default\" global_colors_info=\"{}\"][et_pb_column type=\"4_4\u2033 _builder_version=\"4.11.0\u2033 _module_preset=\"default\" global_colors_info=\"{}\"][et_pb_text _builder_version=\"4.11.1\u2033 _module_preset=\"default\" global_colors_info=\"{}\"]<\/p>\n<h1 style=\"text-align: center; font-size: 50px; color: white;\">Biostimulants<\/h1>\n<h3 style=\"text-align: center; text-decoration: none; color: white;\">des produits con\u00e7us pour tirer le meilleur parti de vos cultures<\/h3>\n<p>[\/et_pb_text][\/et_pb_column][\/et_pb_row][\/et_pb_section][et_pb_section fb_built=\"1\u2033 _builder_version=\"4.11.0\u2033 _module_preset=\"default\" global_colors_info=\"{}\"][et_pb_row _builder_version=\"4.11.0\u2033 _module_preset=\"default\" width=\"980px\" max_width=\"80%\" global_colors_info=\"{}\"][et_pb_column type=\"4_4\u2033 _builder_version=\"4.10.8\u2033 _module_preset=\"default\" global_colors_info=\"{}\"][et_pb_text _builder_version=\"4.11.1\u2033 _module_preset=\"default\" global_colors_info=\"{}\"]<\/p>\n<h2>Biostimulants<\/h2>\n<p>Dans cette section, vous trouverez des produits con\u00e7us pour tirer le meilleur parti de vos cultures. Des produits destin\u00e9s \u00e0 am\u00e9liorer l'\u00e9tat g\u00e9n\u00e9ral de la plante et \u00e0 l'aider dans les moments o\u00f9 elle s'use le plus, en renfor\u00e7ant ses qualit\u00e9s et en am\u00e9liorant son d\u00e9veloppement. Nous pouvons \u00e9galement trouver des produits qui aident la plante \u00e0 des moments sp\u00e9cifiques de son d\u00e9veloppement, comme l'enracinement, la floraison, la nouaison, etc.[\/et_pb_text][\/et_pb_column][\/et_pb_row][et_pb_row column_structure=\"1_3,1_3,1_3\u2033 _builder_version=\"4.11.0\u2033 _module_preset=\"default\" custom_padding=\"5px|||||\" global_colors_info=\"{}\"][et_pb_column type=\"1_3\u2033 _builder_version=\"4.11.0\u2033 _module_preset=\"default\" global_colors_info=\"{}\"][et_pb_blurb url=\"\/produits\/bio-stimulants\/maxirail\/\" url_new_window=\"on\" image=\"https:\/\/fertix.fr\/wp-content\/uploads\/2021\/10\/fertix-maxirail-biostimulants.jpg\" _builder_version=\"4.11.1\u2033 _module_preset=\"default\" text_orientation=\"center\" global_module=\"3424\u2033 saved_tabs=\"all\" global_colors_info=\"{}\"]]<\/p>\n<h4>Maxirail<\/h4>\n<p><span class=\"tag-producto bioestimulantes\"><a href=\"\/fr\/productos\/bioestimulantes\/\" style=\"color: var(--morado-fertix)\">Biostimulants<\/a><\/span><\/p>\n<p class=\"p1\">Engrais \u00e0 base d'acides amin\u00e9s avec action d'enracinement.<\/p>\n<p>[\/et_pb_blurb][\/et_pb_column][et_pb_column type=\"1_3\u2033 _builder_version=\"4.11.0\u2033 _module_preset=\"default\" global_colors_info=\"{}\"][et_pb_blurb url=\"\/products\/biostimulants\/stim-4-0\/\" url_new_window=\"on\" image=\"https:\/\/fertix.fr\/wp-content\/uploads\/2021\/10\/fertix-stim-4-0-biostimulants.jpg\" _builder_version=\"4.11.1\u2033 _module_preset=\"default\" text_orientation=\"center\" global_module=\"3436\u2033 saved_tabs=\"all\" global_colors_info=\"{}\"]]<\/p>\n<h4>Stim 4.0<\/h4>\n<p><span class=\"tag-producto bioestimulantes\"><a href=\"\/fr\/productos\/bioestimulantes\/\" style=\"color: var(--morado-fertix);\">Biostimulants<\/a><\/span><\/p>\n<p class=\"p1\">Extrait d'algues liquide avec micronutriments et acides amin\u00e9s pour application foliaire.<\/p>\n<p>[\/et_pb_blurb][\/et_pb_column][et_pb_column type=\"1_3\u2033 _builder_version=\"4.11.0\u2033 _module_preset=\"default\" global_colors_info=\"{}\"][et_pb_blurb url=\"\/products\/bio-stimulants\/drefens-24\/\" url_new_window=\"on\" image=\"https:\/\/fertix.fr\/wp-content\/uploads\/2021\/10\/fertix-drefens-24-biostimulants.jpg\" _builder_version=\"4.11.1\u2033 _module_preset=\"default\" text_orientation=\"center\" global_module=\"3408\u2033 global_colors_info=\"{}\"]]<\/p>\n<h4 class=\"titulo-producto\">DREFENS 24<\/h4>\n<p><span class=\"tag-producto bioestimulantes\"><a href=\"\/fr\/productos\/bioestimulantes\/\" style=\"color: var(--morado-fertix);\">Biostimulants<\/a><\/span><\/p>\n<p class=\"\">Acides amin\u00e9s libres.<\/p>\n<p>[\/et_pb_blurb][\/et_pb_column][\/et_pb_row][et_pb_row column_structure=\"1_3,1_3,1_3\u2033 _builder_version=\"4.11.0\u2033 _module_preset=\"default\" custom_padding=\"5px|||||\" global_colors_info=\"{}\"][et_pb_column type=\"1_3\u2033 _builder_version=\"4.11.0\u2033 _module_preset=\"default\" global_colors_info=\"{}\"][et_pb_blurb url=\"\/products\/bio-stimulants\/maxibrot\/\" url_new_window=\"on\" image=\"https:\/\/fertix.es\/wp-content\/uploads\/2021\/10\/fertix-maxibrot-bioestimulantes.jpg\" _builder_version=\"4.11.1\u2033 _module_preset=\"default\" text_orientation=\"center\" global_module=\"3425\u2033 saved_tabs=\"all\" global_colors_info=\"{}\"]]<\/p>\n<h4>Maxibrot<\/h4>\n<p><span class=\"tag-producto bioestimulantes\"><a href=\"\/fr\/productos\/bioestimulantes\/\" style=\"color: var(--morado-fertix);\">Biostimulants<\/a><\/span><\/p>\n<p class=\"p1\">Extrait liquide d'algues. Biostimulant \u00e0 haute performance.<\/p>\n<p>[\/et_pb_blurb][\/et_pb_column][et_pb_column type=\"1_3\u2033 _builder_version=\"4.11.0\u2033 _module_preset=\"default\" global_colors_info=\"{}\"][et_pb_blurb url=\"\/products\/bio-stimulants\/drefens-amin\" url_new_window=\"on\" image=\"https:\/\/fertix.fr\/wp-content\/uploads\/2021\/10\/fertix-drefens-amin-biostimulants.jpg\" _builder_version=\"4.11.1\u2033 _module_preset=\"default\" text_orientation=\"center\" global_module=\"3410\u2033 global_colors_info=\"{}\"]]<\/p>\n<h4 class=\"titulo-producto\">DREFENS Power<\/h4>\n<p><span class=\"tag-producto bioestimulantes\"><a href=\"\/fr\/productos\/bioestimulantes\/\" style=\"color: var(--morado-fertix);\">Biostimulants<\/a><\/span><\/p>\n<p class=\"p1\">Acides amin\u00e9s pour application foliaire et racinaire.<\/p>\n<p>[\/et_pb_blurb][\/et_pb_column][et_pb_column type=\"1_3\u2033 _builder_version=\"4.11.0\u2033 _module_preset=\"default\" global_colors_info=\"{}\"][et_pb_blurb url=\"\/products\/biostimulants\/ocean\/\" url_new_window=\"on\" image=\"https:\/\/fertix.fr\/wp-content\/uploads\/2021\/10\/fertix-drefens-algae-biostimulants.jpg\" _builder_version=\"4.11.1\u2033 _module_preset=\"default\" text_orientation=\"center\" hover_enabled=\"0\u2033 global_module=\"3405\u2033 saved_tabs=\"all\" global_colors_info=\"{}\" sticky_enabled=\"0\u2033]]]<\/p>\n<h4>Drefens Algae<\/h4>\n<p><span class=\"tag-producto bioestimulantes\"><a href=\"\/fr\/productos\/bioestimulantes\/\" style=\"color: var(--morado-fertix);\">Biostimulants<\/a><\/span><\/p>\n<p class=\"p1\">Extrait liquide d'algues.<\/p>\n<p><img decoding=\"async\" style=\"width: 75px; padding-left: 1em;\" src=\"https:\/\/fertix.es\/wp-content\/uploads\/2021\/10\/logo-eco-fertix-fra.png\" \/><\/p>\n<p>[\/et_pb_blurb][\/et_pb_column][\/et_pb_row][et_pb_row module_class=\"cta-code\" _builder_version=\"4.11.1\u2033 _module_preset=\"default\" width=\"100vw\" max_width=\"100vw\" module_alignment=\"center\" module_alignment_tablet=\"\" module_alignment_phone=\"\" module_alignment_last_edited=\"on|desktop\" custom_css_main_element=\"overflow-x:hidden;||width : 99vw !important;|||max-width : 100vw ;\" global_module=\"3161\u2033 saved_tabs=\"all\" global_colors_info=\"{}\"][et_pb_column type=\"4_4\u2033 _builder_version=\"4.10.8\u2033 _module_preset=\"default\" global_colors_info=\"{}\"][et_pb_code _builder_version=\"4.11.1\u2033 _module_preset=\"default\" global_colors_info=\"{}\"]<\/p>\n<div class=\"cta_main\"><!-- [et_pb_line_break_holder] -->  <\/p>\n<div class=\"cta_main-img\"><!-- [et_pb_line_break_holder] -->    <img decoding=\"async\" src=\"\/wp-content\/uploads\/2021\/09\/fertix-request-catalogues-1.png\" style=\"width:450px; height:auto\"\/><!-- [et_pb_line_break_holder] -->    <!-- [et_pb_line_break_holder] -->  <\/div>\n<p><!-- [et_pb_line_break_holder] -->  <\/p>\n<div class=\"cta_main-text\"><!-- [et_pb_line_break_holder] -->    <!-- [et_pb_line_break_holder] --><!-- [et_pb_line_break_holder] -->  <\/p>\n<div><!-- [et_pb_line_break_holder] -->    <\/p>\n<h3 class=\"cta_main-text\" style=\"text-transform:none; line-height: 1.3em;\"><!-- [et_pb_line_break_holder] -->      Fertix 2021 Catalogues d'engrais et de fertilisants.<!-- [et_pb_line_break_holder] -->    <\/h3>\n<p><!-- [et_pb_line_break_holder] -->    <pee style=\"line-height: 1.5em;\"><!-- [et_pb_line_break_holder] -->      Consultez toutes nos familles de produits en demandant nos catalogues.<!-- [et_pb_line_break_holder] -->    <\/pee><!-- [et_pb_line_break_holder] -->  <!\u2013- [et_pb_br_holder] -\u2013><!-- [et_pb_line_break_holder] -->    <!\u2013- [et_pb_br_holder] -\u2013><!-- [et_pb_line_break_holder] -->  <\/div>\n<p><!-- [et_pb_line_break_holder] -->    <!-- [et_pb_line_break_holder] -->    <\/p>\n<div class=\"et_pb_button_module_wrapper et_pb_button_0_wrapper  et_pb_module\"><!-- [et_pb_line_break_holder] -->\t\t\t\t<a class=\"et_pb_button et_pb_button_0 et_pb_bg_layout_dark\" href=\"\/fr\/catalogo\/\">Demande de catalogue<\/a><!-- [et_pb_line_break_holder] -->\t\t\t<\/div>\n<p><!-- [et_pb_line_break_holder] --><!-- [et_pb_line_break_holder] --><\/div>\n<p><!-- [et_pb_line_break_holder] --><\/div>\n<p>[\/et_pb_code][\/et_pb_column][\/et_pb_row][\/et_pb_section][\/et_pb_section].<\/p>","protected":false},"excerpt":{"rendered":"<p>Biostimulants produits con\u00e7us pour tirer le meilleur parti de vos culturesBiostimulants Dans cette section, vous trouverez des produits con\u00e7us pour tirer le meilleur parti de vos cultures. Des produits con\u00e7us pour am\u00e9liorer l'\u00e9tat g\u00e9n\u00e9ral de la plante et l'aider dans les moments de plus grande usure, en renfor\u00e7ant ses qualit\u00e9s et en am\u00e9liorant son d\u00e9veloppement. Nous pouvons \u00e9galement trouver [...]<\/p>","protected":false},"author":2,"featured_media":0,"parent":30,"menu_order":0,"comment_status":"closed","ping_status":"closed","template":"","meta":{"_et_pb_use_builder":"on","_et_pb_old_content":"<!--:es-->[tx_column size=\"1\/2\"]\n\n<img class=\"alignleft size-full wp-image-956\" src=\"https:\/\/fertix.es\/wp-content\/uploads\/2015\/05\/bioestimulantesdef1.jpg\" alt=\"bioestimulantesdef\" width=\"500\" height=\"71\">\n<h5><span style=\"color: #008080;\"><strong>&nbsp;<\/strong><\/span><\/h5>\n<a href=\"https:\/\/fertix.es\/productos\/bioestimulantes\/maxirail\/\"><img class=\"alignright wp-image-1023 size-full\" src=\"https:\/\/fertix.es\/wp-content\/uploads\/2015\/05\/maxirail3001.jpg\" alt=\"maxirail300\" width=\"350\" height=\"30\"><\/a>\n\n<a href=\"https:\/\/fertix.es\/productos\/bioestimulantes\/stim-4-0\/\"><img class=\"alignright wp-image-1031 size-full\" src=\"https:\/\/fertix.es\/wp-content\/uploads\/2015\/05\/stim40300.jpg\" alt=\"stim40300\" width=\"350\" height=\"30\"><\/a>\n<h5><a href=\"https:\/\/fertix.es\/productos\/bioestimulantes\/drefens-24\/\"><img class=\"alignright wp-image-2126 size-full\" src=\"https:\/\/fertix.es\/wp-content\/uploads\/2016\/10\/drefens24r300.jpg\" alt=\"\" width=\"350\" height=\"30\"><\/a><a href=\"https:\/\/fertix.es\/productos\/bioestimulantes\/maxibrot\/\"><img class=\"alignright wp-image-1025 size-full\" src=\"https:\/\/fertix.es\/wp-content\/uploads\/2015\/05\/maxibrot300.jpg\" alt=\"maxibrot300\" width=\"350\" height=\"30\"><\/a><a href=\"https:\/\/fertix.es\/productos\/bioestimulantes\/drefens-amin\/\"><img class=\"alignright wp-image-2154 size-full\" src=\"https:\/\/fertix.es\/wp-content\/uploads\/2015\/05\/drefensaminR300.jpg\" alt=\"\" width=\"350\" height=\"30\"><\/a><\/h5>\n<h5><\/h5>\n<h5><\/h5>\n<h5><\/h5>\n<h5><\/h5>\n[\/tx_column]\n[tx_column size=\"1\/2\"]\n\n[tx_spacer size=\"25\"]<!--:--><!--:en-->[tx_column size=\"1\/2\"]\n<img class=\" size-full wp-image-1672 alignnone\" src=\"https:\/\/fertix.es\/wp-content\/uploads\/2015\/05\/es-bioestTITULOPLANTILLA.jpg\" alt=\"es bioestTITULOPLANTILLA\" width=\"500\" height=\"71\"><span style=\"color: #008080;\"><strong>&nbsp;<\/strong><\/span>\n\n<a href=\"https:\/\/fertix.es\/productos\/bioestimulantes\/maxirail\/?lang=en\"><img class=\"alignright wp-image-1023 size-full\" src=\"https:\/\/fertix.es\/wp-content\/uploads\/2015\/05\/maxirail3001.jpg\" alt=\"maxirail300\" width=\"350\" height=\"30\"><\/a>\n\n<a href=\"https:\/\/fertix.es\/productos\/bioestimulantes\/stim-4-0\/?lang=en\"><img class=\"alignright wp-image-1031 size-full\" src=\"https:\/\/fertix.es\/wp-content\/uploads\/2015\/05\/stim40300.jpg\" alt=\"stim40300\" width=\"350\" height=\"30\"><\/a>\n<h5><a href=\"https:\/\/fertix.es\/productos\/bioestimulantes\/drefens-24\/?lang=en\"><img class=\"alignright wp-image-2126 size-full\" src=\"https:\/\/fertix.es\/wp-content\/uploads\/2016\/10\/drefens24r300.jpg\" alt=\"\" width=\"350\" height=\"30\"><\/a><a href=\"https:\/\/fertix.es\/productos\/bioestimulantes\/maxibrot\/?lang=en\"><img class=\"alignright wp-image-1025 size-full\" src=\"https:\/\/fertix.es\/wp-content\/uploads\/2015\/05\/maxibrot300.jpg\" alt=\"maxibrot300\" width=\"350\" height=\"30\"><\/a><a href=\"https:\/\/fertix.es\/productos\/bioestimulantes\/drefens-amin\/?lang=en\"><img class=\"alignright wp-image-2154 size-full\" src=\"https:\/\/fertix.es\/wp-content\/uploads\/2015\/05\/drefensaminR300.jpg\" alt=\"\" width=\"350\" height=\"30\"><\/a><\/h5>\n<h5><\/h5>\n<h5><\/h5>\n<h5><\/h5>\n<h5>&nbsp;<a href=\"https:\/\/fertix.es\/productos\/bioestimulantes\/ocean\/?lang=en\"><img class=\"alignright wp-image-2152 size-full\" src=\"https:\/\/fertix.es\/wp-content\/uploads\/2015\/05\/oceanr7600.jpg\" alt=\"\" width=\"315\" height=\"31\"><\/a><\/h5>\n[\/tx_column]\n[tx_column size=\"1\/2\"]\n\n[tx_spacer size=\"25\"]<!--:-->","_et_gb_content_width":"","footnotes":""},"class_list":["post-42","page","type-page","status-publish","hentry"],"yoast_head":"<!-- This site is optimized with the Yoast SEO plugin v26.9 - https:\/\/yoast.com\/product\/yoast-seo-wordpress\/ -->\n<title>Bioestimulantes - Fertix Nutrici\u00f3n Vegetal S.L.<\/title>\n<meta name=\"robots\" content=\"index, follow, max-snippet:-1, max-image-preview:large, max-video-preview:-1\" \/>\n<link rel=\"canonical\" href=\"https:\/\/fertix.es\/fr\/productos\/bioestimulantes\/\" \/>\n<meta property=\"og:locale\" content=\"fr_FR\" \/>\n<meta property=\"og:type\" content=\"article\" \/>\n<meta property=\"og:title\" content=\"Bioestimulantes - Fertix Nutrici\u00f3n Vegetal S.L.\" \/>\n<meta property=\"og:description\" content=\"Bioestimulantes productos estudiados para sacar el m\u00e1ximo partido a sus cultivosBioestimulantes En esta secci\u00f3n se encuentran los productos estudiados para sacar el m\u00e1ximo partido a sus cultivos. Productos destinados a mejorar el estado general de la planta y ayudarla en los momentos de mayor desgaste, potenciando sus cualidades y mejorando su desarrollo. Podemos encontrar tambi\u00e9n [&hellip;]\" \/>\n<meta property=\"og:url\" content=\"https:\/\/fertix.es\/fr\/productos\/bioestimulantes\/\" \/>\n<meta property=\"og:site_name\" content=\"Fertix Nutrici\u00f3n Vegetal S.L.\" \/>\n<meta property=\"article:modified_time\" content=\"2021-10-06T11:41:45+00:00\" \/>\n<meta name=\"twitter:card\" content=\"summary_large_image\" \/>\n<meta name=\"twitter:label1\" content=\"Dur\u00e9e de lecture estim\u00e9e\" \/>\n\t<meta name=\"twitter:data1\" content=\"4 minutes\" \/>\n<script type=\"application\/ld+json\" class=\"yoast-schema-graph\">{\"@context\":\"https:\/\/schema.org\",\"@graph\":[{\"@type\":\"WebPage\",\"@id\":\"https:\/\/fertix.es\/productos\/bioestimulantes\/\",\"url\":\"https:\/\/fertix.es\/productos\/bioestimulantes\/\",\"name\":\"Bioestimulantes - Fertix Nutrici\u00f3n Vegetal S.L.\",\"isPartOf\":{\"@id\":\"https:\/\/fertix.es\/#website\"},\"datePublished\":\"2015-05-13T16:16:42+00:00\",\"dateModified\":\"2021-10-06T11:41:45+00:00\",\"breadcrumb\":{\"@id\":\"https:\/\/fertix.es\/productos\/bioestimulantes\/#breadcrumb\"},\"inLanguage\":\"fr-FR\",\"potentialAction\":[{\"@type\":\"ReadAction\",\"target\":[\"https:\/\/fertix.es\/productos\/bioestimulantes\/\"]}]},{\"@type\":\"BreadcrumbList\",\"@id\":\"https:\/\/fertix.es\/productos\/bioestimulantes\/#breadcrumb\",\"itemListElement\":[{\"@type\":\"ListItem\",\"position\":1,\"name\":\"Portada\",\"item\":\"https:\/\/fertix.es\/\"},{\"@type\":\"ListItem\",\"position\":2,\"name\":\"Productos\",\"item\":\"https:\/\/fertix.es\/productos\/\"},{\"@type\":\"ListItem\",\"position\":3,\"name\":\"Bioestimulantes\"}]},{\"@type\":\"WebSite\",\"@id\":\"https:\/\/fertix.es\/#website\",\"url\":\"https:\/\/fertix.es\/\",\"name\":\"Fertix Nutrici\u00f3n Vegetal S.L.\",\"description\":\"Fertix, abonos y fertilizantes para plantaciones hortofrut\u00edcolas.\",\"potentialAction\":[{\"@type\":\"SearchAction\",\"target\":{\"@type\":\"EntryPoint\",\"urlTemplate\":\"https:\/\/fertix.es\/?s={search_term_string}\"},\"query-input\":{\"@type\":\"PropertyValueSpecification\",\"valueRequired\":true,\"valueName\":\"search_term_string\"}}],\"inLanguage\":\"fr-FR\"}]}<\/script>\n<!-- \/ Yoast SEO plugin. -->","yoast_head_json":{"title":"Bioestimulantes - Fertix Nutrici\u00f3n Vegetal S.L.","robots":{"index":"index","follow":"follow","max-snippet":"max-snippet:-1","max-image-preview":"max-image-preview:large","max-video-preview":"max-video-preview:-1"},"canonical":"https:\/\/fertix.es\/fr\/productos\/bioestimulantes\/","og_locale":"fr_FR","og_type":"article","og_title":"Bioestimulantes - Fertix Nutrici\u00f3n Vegetal S.L.","og_description":"Bioestimulantes productos estudiados para sacar el m\u00e1ximo partido a sus cultivosBioestimulantes En esta secci\u00f3n se encuentran los productos estudiados para sacar el m\u00e1ximo partido a sus cultivos. Productos destinados a mejorar el estado general de la planta y ayudarla en los momentos de mayor desgaste, potenciando sus cualidades y mejorando su desarrollo. Podemos encontrar tambi\u00e9n [&hellip;]","og_url":"https:\/\/fertix.es\/fr\/productos\/bioestimulantes\/","og_site_name":"Fertix Nutrici\u00f3n Vegetal S.L.","article_modified_time":"2021-10-06T11:41:45+00:00","twitter_card":"summary_large_image","twitter_misc":{"Dur\u00e9e de lecture estim\u00e9e":"4 minutes"},"schema":{"@context":"https:\/\/schema.org","@graph":[{"@type":"WebPage","@id":"https:\/\/fertix.es\/productos\/bioestimulantes\/","url":"https:\/\/fertix.es\/productos\/bioestimulantes\/","name":"Bioestimulantes - Fertix Nutrici\u00f3n Vegetal S.L.","isPartOf":{"@id":"https:\/\/fertix.es\/#website"},"datePublished":"2015-05-13T16:16:42+00:00","dateModified":"2021-10-06T11:41:45+00:00","breadcrumb":{"@id":"https:\/\/fertix.es\/productos\/bioestimulantes\/#breadcrumb"},"inLanguage":"fr-FR","potentialAction":[{"@type":"ReadAction","target":["https:\/\/fertix.es\/productos\/bioestimulantes\/"]}]},{"@type":"BreadcrumbList","@id":"https:\/\/fertix.es\/productos\/bioestimulantes\/#breadcrumb","itemListElement":[{"@type":"ListItem","position":1,"name":"Portada","item":"https:\/\/fertix.es\/"},{"@type":"ListItem","position":2,"name":"Productos","item":"https:\/\/fertix.es\/productos\/"},{"@type":"ListItem","position":3,"name":"Bioestimulantes"}]},{"@type":"WebSite","@id":"https:\/\/fertix.es\/#website","url":"https:\/\/fertix.es\/","name":"Fertix Nutrici\u00f3n Vegetal S.L.","description":"Fertix, engrais et fertilisants pour les plantations de fruits et l\u00e9gumes.","potentialAction":[{"@type":"SearchAction","target":{"@type":"EntryPoint","urlTemplate":"https:\/\/fertix.es\/?s={search_term_string}"},"query-input":{"@type":"PropertyValueSpecification","valueRequired":true,"valueName":"search_term_string"}}],"inLanguage":"fr-FR"}]}},"_links":{"self":[{"href":"https:\/\/fertix.es\/fr\/wp-json\/wp\/v2\/pages\/42","targetHints":{"allow":["GET"]}}],"collection":[{"href":"https:\/\/fertix.es\/fr\/wp-json\/wp\/v2\/pages"}],"about":[{"href":"https:\/\/fertix.es\/fr\/wp-json\/wp\/v2\/types\/page"}],"author":[{"embeddable":true,"href":"https:\/\/fertix.es\/fr\/wp-json\/wp\/v2\/users\/2"}],"replies":[{"embeddable":true,"href":"https:\/\/fertix.es\/fr\/wp-json\/wp\/v2\/comments?post=42"}],"version-history":[{"count":3,"href":"https:\/\/fertix.es\/fr\/wp-json\/wp\/v2\/pages\/42\/revisions"}],"predecessor-version":[{"id":3975,"href":"https:\/\/fertix.es\/fr\/wp-json\/wp\/v2\/pages\/42\/revisions\/3975"}],"up":[{"embeddable":true,"href":"https:\/\/fertix.es\/fr\/wp-json\/wp\/v2\/pages\/30"}],"wp:attachment":[{"href":"https:\/\/fertix.es\/fr\/wp-json\/wp\/v2\/media?parent=42"}],"curies":[{"name":"wp","href":"https:\/\/api.w.org\/{rel}","templated":true}]}}