{"id":4797,"date":"2025-05-12T12:38:24","date_gmt":"2025-05-12T10:38:24","guid":{"rendered":"https:\/\/fertix.es\/?page_id=4797"},"modified":"2025-05-12T12:38:27","modified_gmt":"2025-05-12T10:38:27","slug":"accesibilidad","status":"publish","type":"page","link":"https:\/\/fertix.es\/fr\/accesibilidad\/","title":{"rendered":"Accessibilit\u00e9"},"content":{"rendered":"<p>Fertix s'engage \u00e0 rendre ses sites Web accessibles conform\u00e9ment \u00e0 l'arr\u00eat\u00e9 royal 1112\/2018 du 7 septembre relatif \u00e0 l'accessibilit\u00e9 des sites Web et des applications du secteur public pour les appareils mobiles (ci-apr\u00e8s, l'arr\u00eat\u00e9 royal 1112\/2018 du 7 septembre).<\/p>\n\n\n\n<p>Cette d\u00e9claration d'accessibilit\u00e9 s'applique au site web\u00a0<a href=\"https:\/\/fertix.es\/fr\/\">https:\/\/fertix.es\/<\/a>\u00a0(les sous-domaines de ce site web auront leurs propres d\u00e9clarations d'accessibilit\u00e9).<\/p>\n\n\n\n<p>\u00c9tat de conformit\u00e9<\/p>\n\n\n\n<p>Ce site web est partiellement conforme au d\u00e9cret royal 1112\/2018, du 7 septembre, en raison de la non-conformit\u00e9 des aspects suivants.<\/p>\n\n\n\n<p>Contenu non accessible<\/p>\n\n\n\n<p>Le contenu ci-dessous n'est pas accessible pour les raisons suivantes :<\/p>\n\n\n\n<p>Non-conformit\u00e9 avec le d\u00e9cret royal 1112\/2018, du 7 septembre : il peut y avoir des erreurs d'\u00e9dition occasionnelles sur certaines pages web, \u00e0 la fois dans le contenu HTML et dans les documents finaux, publi\u00e9s apr\u00e8s le 20 septembre 2018 (date d'entr\u00e9e en vigueur du d\u00e9cret royal 1112\/2018, du 7 septembre). Plus pr\u00e9cis\u00e9ment, il peut y avoir des erreurs dans les documents contenant des graphiques, des tableaux complexes ou dans ceux sign\u00e9s \u00e9lectroniquement avant leur examen d'accessibilit\u00e9.<br>Charge disproportionn\u00e9e : sans objet.<br>Contenu n'entrant pas dans le champ d'application de la l\u00e9gislation applicable : il existe des fichiers bureautiques au format PDF ou autres formats publi\u00e9s avant le 20 septembre 2018 qui ne sont pas enti\u00e8rement conformes \u00e0 toutes les exigences en mati\u00e8re d'accessibilit\u00e9 ; le contenu de tiers qui n'est pas financ\u00e9, d\u00e9velopp\u00e9 ou contr\u00f4l\u00e9 par ce minist\u00e8re peut \u00e9galement entrer dans le champ d'application de la l\u00e9gislation applicable.<br>Pr\u00e9paration de la pr\u00e9sente d\u00e9claration d'accessibilit\u00e9<\/p>\n\n\n\n<p>Cette d\u00e9claration a \u00e9t\u00e9 pr\u00e9par\u00e9e le 14 novembre 2018.<\/p>\n\n\n\n<p>La m\u00e9thode utilis\u00e9e pour pr\u00e9parer la d\u00e9claration est une auto-\u00e9valuation r\u00e9alis\u00e9e par l'agence elle-m\u00eame.<\/p>\n\n\n\n<p>Derni\u00e8re r\u00e9vision de la d\u00e9claration : 17 janvier 2023.<\/p>\n\n\n\n<p>Remarques et coordonn\u00e9es<\/p>\n\n\n\n<p>Vous pouvez faire des communications sur les exigences d'accessibilit\u00e9 (article 10.2.a) du d\u00e9cret royal 1112\/2018 du 7 septembre) comme, par exemple :<\/p>\n\n\n\n<p>Pour signaler tout manquement \u00e9ventuel \u00e0 la r\u00e9glementation de ce site web.<br>Transmettre d'autres difficult\u00e9s d'acc\u00e8s au contenu.<br>de formuler toute autre demande ou suggestion d'am\u00e9lioration concernant l'accessibilit\u00e9 du site web.<br>Par les canaux suivants :<\/p>\n\n\n\n<p>Courriel : info@fertix.es<br>Num\u00e9ro de t\u00e9l\u00e9phone : 608 17 34 26<br>Proc\u00e9dure de candidature<\/p>\n\n\n\n<p>Cette proc\u00e9dure vous permet de d\u00e9poser une plainte pour conna\u00eetre et contester les raisons du rejet d'une demande d'informations accessibles ou d'une plainte, pour demander l'adoption de mesures appropri\u00e9es si vous n'\u00eates pas d'accord avec la d\u00e9cision adopt\u00e9e, ou pour indiquer les raisons pour lesquelles vous consid\u00e9rez que la r\u00e9ponse n'est pas conforme aux exigences requises.<\/p>\n\n\n\n<p>Lien vers le contact, qui doit \u00eatre adress\u00e9 \u00e0 la personne responsable de l'accessibilit\u00e9 de ce site web ou, si la plainte concerne une action de cette unit\u00e9, au sup\u00e9rieur hi\u00e9rarchique de cette unit\u00e9.<\/p>\n\n\n\n<p>Contenu optionnel<\/p>\n\n\n\n<p>La version actuellement visible de ce site web date de janvier 2023 et le niveau d'accessibilit\u00e9 a \u00e9t\u00e9 r\u00e9vis\u00e9 \u00e0 cette date.<\/p>\n\n\n\n<p>\u00c0 partir de cette date, des examens partiels quotidiens sont effectu\u00e9s sur les contenus web nouveaux ou modifi\u00e9s, tant sur les mod\u00e8les que sur les pages et documents finaux publi\u00e9s, afin de garantir le respect des exigences d'accessibilit\u00e9 de la norme UNE-EN 301549:2019, compte tenu des exceptions du d\u00e9cret royal 1112\/2018, du 7 septembre.<\/p>\n\n\n\n<p>Les mesures suivantes sont notamment prises pour faciliter l'accessibilit\u00e9 :<\/p>\n\n\n\n<p>Utilisation d'un texte alternatif sur les images<br>Les liens fournissent des d\u00e9tails sur la fonction ou la destination de l'hyperlien.<br>Utilisation des normes du W3C : XHTML 1.0, CSS 3.0, WAI AA.<br>Vous pouvez consulter le\u00a0<a href=\"\/fr\/aviso-legal\/\">Avis juridique<\/a>\u00a0les navigateurs et versions pour lesquels ce site est optimis\u00e9.<\/p>","protected":false},"excerpt":{"rendered":"<p>Fertix, se ha comprometido a hacer accesibles sus sitios web de conformidad con el Real Decreto 1112\/2018, de 7 de septiembre, sobre accesibilidad de los sitios web y aplicaciones para dispositivos m\u00f3viles del sector p\u00fablico (en adelante, Real Decreto 1112\/2018, de 7 de septiembre). La presente declaraci\u00f3n de accesibilidad se aplica al sitio web\u00a0https:\/\/fertix.es\/\u00a0(los subdominios [&hellip;]<\/p>","protected":false},"author":3,"featured_media":0,"parent":0,"menu_order":0,"comment_status":"closed","ping_status":"closed","template":"","meta":{"_et_pb_use_builder":"off","_et_pb_old_content":"","_et_gb_content_width":"","footnotes":""},"class_list":["post-4797","page","type-page","status-publish","hentry"],"yoast_head":"<!-- This site is optimized with the Yoast SEO plugin v26.9 - https:\/\/yoast.com\/product\/yoast-seo-wordpress\/ -->\n<title>Accesibilidad - Fertix Nutrici\u00f3n Vegetal S.L.<\/title>\n<meta name=\"robots\" content=\"index, follow, max-snippet:-1, max-image-preview:large, max-video-preview:-1\" \/>\n<link rel=\"canonical\" href=\"https:\/\/fertix.es\/fr\/accesibilidad\/\" \/>\n<meta property=\"og:locale\" content=\"fr_FR\" \/>\n<meta property=\"og:type\" content=\"article\" \/>\n<meta property=\"og:title\" content=\"Accesibilidad - Fertix Nutrici\u00f3n Vegetal S.L.\" \/>\n<meta property=\"og:description\" content=\"Fertix, se ha comprometido a hacer accesibles sus sitios web de conformidad con el Real Decreto 1112\/2018, de 7 de septiembre, sobre accesibilidad de los sitios web y aplicaciones para dispositivos m\u00f3viles del sector p\u00fablico (en adelante, Real Decreto 1112\/2018, de 7 de septiembre). La presente declaraci\u00f3n de accesibilidad se aplica al sitio web\u00a0https:\/\/fertix.es\/\u00a0(los subdominios [&hellip;]\" \/>\n<meta property=\"og:url\" content=\"https:\/\/fertix.es\/fr\/accesibilidad\/\" \/>\n<meta property=\"og:site_name\" content=\"Fertix Nutrici\u00f3n Vegetal S.L.\" \/>\n<meta property=\"article:modified_time\" content=\"2025-05-12T10:38:27+00:00\" \/>\n<meta name=\"twitter:card\" content=\"summary_large_image\" \/>\n<meta name=\"twitter:label1\" content=\"Dur\u00e9e de lecture estim\u00e9e\" \/>\n\t<meta name=\"twitter:data1\" content=\"3 minutes\" \/>\n<script type=\"application\/ld+json\" class=\"yoast-schema-graph\">{\"@context\":\"https:\/\/schema.org\",\"@graph\":[{\"@type\":\"WebPage\",\"@id\":\"https:\/\/fertix.es\/accesibilidad\/\",\"url\":\"https:\/\/fertix.es\/accesibilidad\/\",\"name\":\"Accesibilidad - Fertix Nutrici\u00f3n Vegetal S.L.\",\"isPartOf\":{\"@id\":\"https:\/\/fertix.es\/#website\"},\"datePublished\":\"2025-05-12T10:38:24+00:00\",\"dateModified\":\"2025-05-12T10:38:27+00:00\",\"breadcrumb\":{\"@id\":\"https:\/\/fertix.es\/accesibilidad\/#breadcrumb\"},\"inLanguage\":\"fr-FR\",\"potentialAction\":[{\"@type\":\"ReadAction\",\"target\":[\"https:\/\/fertix.es\/accesibilidad\/\"]}]},{\"@type\":\"BreadcrumbList\",\"@id\":\"https:\/\/fertix.es\/accesibilidad\/#breadcrumb\",\"itemListElement\":[{\"@type\":\"ListItem\",\"position\":1,\"name\":\"Portada\",\"item\":\"https:\/\/fertix.es\/\"},{\"@type\":\"ListItem\",\"position\":2,\"name\":\"Accesibilidad\"}]},{\"@type\":\"WebSite\",\"@id\":\"https:\/\/fertix.es\/#website\",\"url\":\"https:\/\/fertix.es\/\",\"name\":\"Fertix Nutrici\u00f3n Vegetal S.L.\",\"description\":\"Fertix, abonos y fertilizantes para plantaciones hortofrut\u00edcolas.\",\"potentialAction\":[{\"@type\":\"SearchAction\",\"target\":{\"@type\":\"EntryPoint\",\"urlTemplate\":\"https:\/\/fertix.es\/?s={search_term_string}\"},\"query-input\":{\"@type\":\"PropertyValueSpecification\",\"valueRequired\":true,\"valueName\":\"search_term_string\"}}],\"inLanguage\":\"fr-FR\"}]}<\/script>\n<!-- \/ Yoast SEO plugin. -->","yoast_head_json":{"title":"Accesibilidad - Fertix Nutrici\u00f3n Vegetal S.L.","robots":{"index":"index","follow":"follow","max-snippet":"max-snippet:-1","max-image-preview":"max-image-preview:large","max-video-preview":"max-video-preview:-1"},"canonical":"https:\/\/fertix.es\/fr\/accesibilidad\/","og_locale":"fr_FR","og_type":"article","og_title":"Accesibilidad - Fertix Nutrici\u00f3n Vegetal S.L.","og_description":"Fertix, se ha comprometido a hacer accesibles sus sitios web de conformidad con el Real Decreto 1112\/2018, de 7 de septiembre, sobre accesibilidad de los sitios web y aplicaciones para dispositivos m\u00f3viles del sector p\u00fablico (en adelante, Real Decreto 1112\/2018, de 7 de septiembre). La presente declaraci\u00f3n de accesibilidad se aplica al sitio web\u00a0https:\/\/fertix.es\/\u00a0(los subdominios [&hellip;]","og_url":"https:\/\/fertix.es\/fr\/accesibilidad\/","og_site_name":"Fertix Nutrici\u00f3n Vegetal S.L.","article_modified_time":"2025-05-12T10:38:27+00:00","twitter_card":"summary_large_image","twitter_misc":{"Dur\u00e9e de lecture estim\u00e9e":"3 minutes"},"schema":{"@context":"https:\/\/schema.org","@graph":[{"@type":"WebPage","@id":"https:\/\/fertix.es\/accesibilidad\/","url":"https:\/\/fertix.es\/accesibilidad\/","name":"Accesibilidad - Fertix Nutrici\u00f3n Vegetal S.L.","isPartOf":{"@id":"https:\/\/fertix.es\/#website"},"datePublished":"2025-05-12T10:38:24+00:00","dateModified":"2025-05-12T10:38:27+00:00","breadcrumb":{"@id":"https:\/\/fertix.es\/accesibilidad\/#breadcrumb"},"inLanguage":"fr-FR","potentialAction":[{"@type":"ReadAction","target":["https:\/\/fertix.es\/accesibilidad\/"]}]},{"@type":"BreadcrumbList","@id":"https:\/\/fertix.es\/accesibilidad\/#breadcrumb","itemListElement":[{"@type":"ListItem","position":1,"name":"Portada","item":"https:\/\/fertix.es\/"},{"@type":"ListItem","position":2,"name":"Accesibilidad"}]},{"@type":"WebSite","@id":"https:\/\/fertix.es\/#website","url":"https:\/\/fertix.es\/","name":"Fertix Nutrici\u00f3n Vegetal S.L.","description":"Fertix, engrais et fertilisants pour les plantations de fruits et l\u00e9gumes.","potentialAction":[{"@type":"SearchAction","target":{"@type":"EntryPoint","urlTemplate":"https:\/\/fertix.es\/?s={search_term_string}"},"query-input":{"@type":"PropertyValueSpecification","valueRequired":true,"valueName":"search_term_string"}}],"inLanguage":"fr-FR"}]}},"_links":{"self":[{"href":"https:\/\/fertix.es\/fr\/wp-json\/wp\/v2\/pages\/4797","targetHints":{"allow":["GET"]}}],"collection":[{"href":"https:\/\/fertix.es\/fr\/wp-json\/wp\/v2\/pages"}],"about":[{"href":"https:\/\/fertix.es\/fr\/wp-json\/wp\/v2\/types\/page"}],"author":[{"embeddable":true,"href":"https:\/\/fertix.es\/fr\/wp-json\/wp\/v2\/users\/3"}],"replies":[{"embeddable":true,"href":"https:\/\/fertix.es\/fr\/wp-json\/wp\/v2\/comments?post=4797"}],"version-history":[{"count":1,"href":"https:\/\/fertix.es\/fr\/wp-json\/wp\/v2\/pages\/4797\/revisions"}],"predecessor-version":[{"id":4798,"href":"https:\/\/fertix.es\/fr\/wp-json\/wp\/v2\/pages\/4797\/revisions\/4798"}],"wp:attachment":[{"href":"https:\/\/fertix.es\/fr\/wp-json\/wp\/v2\/media?parent=4797"}],"curies":[{"name":"wp","href":"https:\/\/api.w.org\/{rel}","templated":true}]}}